{"id":1479,"date":"2022-07-22T20:21:16","date_gmt":"2022-07-22T20:21:16","guid":{"rendered":"https:\/\/vermilionenerg.wpengine.com\/de\/heim\/"},"modified":"2026-02-16T09:29:30","modified_gmt":"2026-02-16T09:29:30","slug":"home","status":"publish","type":"page","link":"https:\/\/www.vermilionenergy.com\/de\/","title":{"rendered":"Home"},"content":{"rendered":"\t\t<div data-elementor-type=\"wp-page\" data-elementor-id=\"1479\" class=\"elementor elementor-1479\" data-elementor-post-type=\"page\">\n\t\t\t\t\t\t<section class=\"elementor-section elementor-top-section elementor-element elementor-element-3d71c8a elementor-section-height-min-height elementor-section-boxed elementor-section-height-default elementor-section-items-middle\" data-id=\"3d71c8a\" data-element_type=\"section\" data-settings=\"{&quot;background_background&quot;:&quot;classic&quot;,&quot;jet_parallax_layout_list&quot;:[]}\">\n\t\t\t\t\t\t\t<div class=\"elementor-background-overlay\"><\/div>\n\t\t\t\t\t\t\t<div class=\"elementor-container elementor-column-gap-default\">\n\t\t\t\t\t<div class=\"elementor-column elementor-col-100 elementor-top-column elementor-element elementor-element-3aaf645\" data-id=\"3aaf645\" data-element_type=\"column\">\n\t\t\t<div class=\"elementor-widget-wrap elementor-element-populated\">\n\t\t\t\t\t\t<div class=\"elementor-element elementor-element-bd8346c elementor-widget elementor-widget-heading\" data-id=\"bd8346c\" data-element_type=\"widget\" data-widget_type=\"heading.default\">\n\t\t\t\t<div class=\"elementor-widget-container\">\n\t\t\t\t\t<h1 class=\"elementor-heading-title elementor-size-default\">Energie mit Heimvorteil<\/h1>\t\t\t\t<\/div>\n\t\t\t\t<\/div>\n\t\t\t\t<div class=\"elementor-element elementor-element-fe81629 elementor-widget elementor-widget-text-editor\" data-id=\"fe81629\" data-element_type=\"widget\" data-widget_type=\"text-editor.default\">\n\t\t\t\t<div class=\"elementor-widget-container\">\n\t\t\t\t\t\t\t\t\t<p>In Niedersachsen verantwortungsvoll produziert<\/p>\t\t\t\t\t\t\t\t<\/div>\n\t\t\t\t<\/div>\n\t\t\t\t<div class=\"elementor-element elementor-element-43d6c38 elementor-align-center elementor-absolute elementor-widget elementor-widget-button\" data-id=\"43d6c38\" data-element_type=\"widget\" data-settings=\"{&quot;_position&quot;:&quot;absolute&quot;}\" data-widget_type=\"button.default\">\n\t\t\t\t<div class=\"elementor-widget-container\">\n\t\t\t\t\t\t\t\t\t<div class=\"elementor-button-wrapper\">\n\t\t\t\t\t<a class=\"elementor-button elementor-button-link elementor-size-sm\" href=\"https:\/\/www.vermilionenergy.com\/de\/heimische-produktion\/\">\n\t\t\t\t\t\t<span class=\"elementor-button-content-wrapper\">\n\t\t\t\t\t\t\t\t\t<span class=\"elementor-button-text\">mehr erfahren<\/span>\n\t\t\t\t\t<\/span>\n\t\t\t\t\t<\/a>\n\t\t\t\t<\/div>\n\t\t\t\t\t\t\t\t<\/div>\n\t\t\t\t<\/div>\n\t\t\t\t\t<\/div>\n\t\t<\/div>\n\t\t\t\t\t<\/div>\n\t\t<\/section>\n\t\t\t\t<section class=\"elementor-section elementor-top-section elementor-element elementor-element-0f2864e elementor-section-boxed elementor-section-height-default elementor-section-height-default\" data-id=\"0f2864e\" data-element_type=\"section\" data-settings=\"{&quot;jet_parallax_layout_list&quot;:[],&quot;background_background&quot;:&quot;classic&quot;}\">\n\t\t\t\t\t\t<div class=\"elementor-container elementor-column-gap-default\">\n\t\t\t\t\t<div class=\"elementor-column elementor-col-50 elementor-top-column elementor-element elementor-element-83a75e1\" data-id=\"83a75e1\" data-element_type=\"column\">\n\t\t\t<div class=\"elementor-widget-wrap elementor-element-populated\">\n\t\t\t\t\t\t<div class=\"elementor-element elementor-element-2ccf9f7 elementor-widget elementor-widget-gallery\" data-id=\"2ccf9f7\" data-element_type=\"widget\" data-settings=\"{&quot;gallery_layout&quot;:&quot;masonry&quot;,&quot;columns&quot;:&quot;2&quot;,&quot;columns_tablet&quot;:2,&quot;columns_mobile&quot;:1,&quot;gap&quot;:{&quot;unit&quot;:&quot;px&quot;,&quot;size&quot;:10,&quot;sizes&quot;:[]},&quot;gap_tablet&quot;:{&quot;unit&quot;:&quot;px&quot;,&quot;size&quot;:10,&quot;sizes&quot;:[]},&quot;gap_mobile&quot;:{&quot;unit&quot;:&quot;px&quot;,&quot;size&quot;:10,&quot;sizes&quot;:[]},&quot;overlay_background&quot;:&quot;yes&quot;,&quot;content_hover_animation&quot;:&quot;fade-in&quot;}\" data-widget_type=\"gallery.default\">\n\t\t\t\t<div class=\"elementor-widget-container\">\n\t\t\t\t\t\t\t<div class=\"elementor-gallery__container\">\n\t\t\t\t\t\t\t<div class=\"e-gallery-item elementor-gallery-item elementor-animated-content\">\n\t\t\t\t\t<div class=\"e-gallery-image elementor-gallery-item__image\" data-thumbnail=\"https:\/\/www.vermilionenergy.com\/de\/wp-content\/uploads\/sites\/9\/2023\/01\/home-responsibility-hse-300x132.jpg\" data-width=\"300\" data-height=\"132\" aria-label=\"\" role=\"img\" ><\/div>\n\t\t\t\t\t\t\t\t\t\t\t<div class=\"elementor-gallery-item__overlay\"><\/div>\n\t\t\t\t\t\t\t\t\t\t\t\t\t\t<\/div>\n\t\t\t\t\t\t\t<div class=\"e-gallery-item elementor-gallery-item elementor-animated-content\">\n\t\t\t\t\t<div class=\"e-gallery-image elementor-gallery-item__image\" data-thumbnail=\"https:\/\/www.vermilionenergy.com\/de\/wp-content\/uploads\/sites\/9\/2023\/01\/stack1-300x200.jpg\" data-width=\"300\" data-height=\"200\" aria-label=\"\" role=\"img\" ><\/div>\n\t\t\t\t\t\t\t\t\t\t\t<div class=\"elementor-gallery-item__overlay\"><\/div>\n\t\t\t\t\t\t\t\t\t\t\t\t\t\t<\/div>\n\t\t\t\t\t\t\t<div class=\"e-gallery-item elementor-gallery-item elementor-animated-content\">\n\t\t\t\t\t<div class=\"e-gallery-image elementor-gallery-item__image\" data-thumbnail=\"https:\/\/www.vermilionenergy.com\/de\/wp-content\/uploads\/sites\/9\/2022\/10\/Engineer-950x635-1-300x200.jpg\" data-width=\"300\" data-height=\"200\" aria-label=\"\" role=\"img\" ><\/div>\n\t\t\t\t\t\t\t\t\t\t\t<div class=\"elementor-gallery-item__overlay\"><\/div>\n\t\t\t\t\t\t\t\t\t\t\t\t\t\t<\/div>\n\t\t\t\t\t\t\t<div class=\"e-gallery-item elementor-gallery-item elementor-animated-content\">\n\t\t\t\t\t<div class=\"e-gallery-image elementor-gallery-item__image\" data-thumbnail=\"https:\/\/www.vermilionenergy.com\/de\/wp-content\/uploads\/sites\/9\/2023\/12\/62-IMG_1168-300x200.jpg\" data-width=\"300\" data-height=\"200\" aria-label=\"\" role=\"img\" ><\/div>\n\t\t\t\t\t\t\t\t\t\t\t<div class=\"elementor-gallery-item__overlay\"><\/div>\n\t\t\t\t\t\t\t\t\t\t\t\t\t\t<\/div>\n\t\t\t\t\t\t\t<div class=\"e-gallery-item elementor-gallery-item elementor-animated-content\">\n\t\t\t\t\t<div class=\"e-gallery-image elementor-gallery-item__image\" data-thumbnail=\"https:\/\/www.vermilionenergy.com\/de\/wp-content\/uploads\/sites\/9\/2023\/12\/Vermilion_website_300dpi_LSFotografie-4286-1-300x200.jpg\" data-width=\"300\" data-height=\"200\" aria-label=\"\" role=\"img\" ><\/div>\n\t\t\t\t\t\t\t\t\t\t\t<div class=\"elementor-gallery-item__overlay\"><\/div>\n\t\t\t\t\t\t\t\t\t\t\t\t\t\t<\/div>\n\t\t\t\t\t<\/div>\n\t\t\t\t\t<\/div>\n\t\t\t\t<\/div>\n\t\t\t\t\t<\/div>\n\t\t<\/div>\n\t\t\t\t<div class=\"elementor-column elementor-col-50 elementor-top-column elementor-element elementor-element-46937a3\" data-id=\"46937a3\" data-element_type=\"column\">\n\t\t\t<div class=\"elementor-widget-wrap elementor-element-populated\">\n\t\t\t\t\t\t<div class=\"elementor-element elementor-element-bc4ae41 elementor-widget elementor-widget-heading\" data-id=\"bc4ae41\" data-element_type=\"widget\" data-widget_type=\"heading.default\">\n\t\t\t\t<div class=\"elementor-widget-container\">\n\t\t\t\t\t<h3 class=\"elementor-heading-title elementor-size-default\">Arbeite bei Vermilion!<\/h3>\t\t\t\t<\/div>\n\t\t\t\t<\/div>\n\t\t\t\t<div class=\"elementor-element elementor-element-e1d9ddd elementor-widget elementor-widget-text-editor\" data-id=\"e1d9ddd\" data-element_type=\"widget\" data-widget_type=\"text-editor.default\">\n\t\t\t\t<div class=\"elementor-widget-container\">\n\t\t\t\t\t\t\t\t\t<p>Vermilion ist ein dynamisches und wachsendes Unternehmen, das talentierte Mitarbeiter sucht. Wenn Du daran interessiert bist, Teil unseres Teams in Niedersachsen zu werden, findest Du mehr Infos und Kontaktm\u00f6glichkeiten hier:<\/p>\t\t\t\t\t\t\t\t<\/div>\n\t\t\t\t<\/div>\n\t\t\t\t<div class=\"elementor-element elementor-element-2bcb57c elementor-align-center elementor-widget elementor-widget-button\" data-id=\"2bcb57c\" data-element_type=\"widget\" data-widget_type=\"button.default\">\n\t\t\t\t<div class=\"elementor-widget-container\">\n\t\t\t\t\t\t\t\t\t<div class=\"elementor-button-wrapper\">\n\t\t\t\t\t<a class=\"elementor-button elementor-button-link elementor-size-sm\" href=\"https:\/\/www.vermilionenergy.com\/de\/arbeite-mit-uns\/\">\n\t\t\t\t\t\t<span class=\"elementor-button-content-wrapper\">\n\t\t\t\t\t\t\t\t\t<span class=\"elementor-button-text\">Arbeite mit uns<\/span>\n\t\t\t\t\t<\/span>\n\t\t\t\t\t<\/a>\n\t\t\t\t<\/div>\n\t\t\t\t\t\t\t\t<\/div>\n\t\t\t\t<\/div>\n\t\t\t\t\t<\/div>\n\t\t<\/div>\n\t\t\t\t\t<\/div>\n\t\t<\/section>\n\t\t\t\t<section class=\"elementor-section elementor-top-section elementor-element elementor-element-da4cd9c elementor-section-boxed elementor-section-height-default elementor-section-height-default\" data-id=\"da4cd9c\" data-element_type=\"section\" data-settings=\"{&quot;jet_parallax_layout_list&quot;:[],&quot;background_background&quot;:&quot;classic&quot;}\">\n\t\t\t\t\t\t<div class=\"elementor-container elementor-column-gap-default\">\n\t\t\t\t\t<div class=\"elementor-column elementor-col-100 elementor-top-column elementor-element elementor-element-774f8be\" data-id=\"774f8be\" data-element_type=\"column\">\n\t\t\t<div class=\"elementor-widget-wrap elementor-element-populated\">\n\t\t\t\t\t\t<section class=\"elementor-section elementor-inner-section elementor-element elementor-element-6b1da8d elementor-section-boxed elementor-section-height-default elementor-section-height-default\" data-id=\"6b1da8d\" data-element_type=\"section\" data-settings=\"{&quot;jet_parallax_layout_list&quot;:[]}\">\n\t\t\t\t\t\t<div class=\"elementor-container elementor-column-gap-default\">\n\t\t\t\t\t<div class=\"elementor-column elementor-col-50 elementor-inner-column elementor-element elementor-element-693f939\" data-id=\"693f939\" data-element_type=\"column\">\n\t\t\t<div class=\"elementor-widget-wrap elementor-element-populated\">\n\t\t\t\t\t\t<div class=\"elementor-element elementor-element-d33b31e elementor-widget__width-initial elementor-widget elementor-widget-heading\" data-id=\"d33b31e\" data-element_type=\"widget\" data-widget_type=\"heading.default\">\n\t\t\t\t<div class=\"elementor-widget-container\">\n\t\t\t\t\t<h2 class=\"elementor-heading-title elementor-size-default\">Gemeinsam f\u00fcr Niedersachsen<\/h2>\t\t\t\t<\/div>\n\t\t\t\t<\/div>\n\t\t\t\t<div class=\"elementor-element elementor-element-f77831b elementor-widget elementor-widget-spacer\" data-id=\"f77831b\" data-element_type=\"widget\" data-widget_type=\"spacer.default\">\n\t\t\t\t<div class=\"elementor-widget-container\">\n\t\t\t\t\t\t\t<div class=\"elementor-spacer\">\n\t\t\t<div class=\"elementor-spacer-inner\"><\/div>\n\t\t<\/div>\n\t\t\t\t\t\t<\/div>\n\t\t\t\t<\/div>\n\t\t\t\t<div class=\"elementor-element elementor-element-58987e7 elementor-widget__width-initial elementor-widget elementor-widget-text-editor\" data-id=\"58987e7\" data-element_type=\"widget\" data-widget_type=\"text-editor.default\">\n\t\t\t\t<div class=\"elementor-widget-container\">\n\t\t\t\t\t\t\t\t\t<p>Als verantwortungsbewusster Energieproduzent strebt Vermilion danach, ein hervorragender Nachbar zu sein und verpflichtet sich, den Gemeinden, in denen unsere Mitarbeiter leben und arbeiten, etwas zur\u00fcckzugeben. Wir tun dies durch unser Vermilion Ways of Caring-Programm.<\/p><p><strong><a href=\"https:\/\/www.vermilionenergy.com\/de\/heimisches-engagement\/\" target=\"_blank\" rel=\"noopener\">In den vergangenen Jahren wurden in Niedersachsen \u00fcber 100 Projekte von Vermilion gef\u00f6rdert.<\/a><\/strong><\/p><p>Die Bandbreite dabei ist gro\u00df: Defibrillatoren wurden gekauft, Kinderspielpl\u00e4tze erweitert, Outdoor-Fitness-Ger\u00e4te und Ausr\u00fcstungen f\u00fcr Sportvereine angeschafft. Auch Freiwillige Feuerwehren wurden \u00fcber den Vermilion Nachbarschaftsfonds unterst\u00fctzt und konnten so Ausr\u00fcstung und Ger\u00e4te anschaffen oder den Nachwuchs in der Kinderfeuerwehr f\u00f6rdern.<\/p><p>Ihren Antrag f\u00fcr eine Unterst\u00fctzung aus dem Nachbarschaftsfonds 2026 nehmen wir bis zum 19. April entgegen.<\/p>\t\t\t\t\t\t\t\t<\/div>\n\t\t\t\t<\/div>\n\t\t\t\t<div class=\"elementor-element elementor-element-edd374e elementor-widget elementor-widget-spacer\" data-id=\"edd374e\" data-element_type=\"widget\" data-widget_type=\"spacer.default\">\n\t\t\t\t<div class=\"elementor-widget-container\">\n\t\t\t\t\t\t\t<div class=\"elementor-spacer\">\n\t\t\t<div class=\"elementor-spacer-inner\"><\/div>\n\t\t<\/div>\n\t\t\t\t\t\t<\/div>\n\t\t\t\t<\/div>\n\t\t\t\t<div class=\"elementor-element elementor-element-50055a5 elementor-align-center elementor-widget elementor-widget-button\" data-id=\"50055a5\" data-element_type=\"widget\" data-widget_type=\"button.default\">\n\t\t\t\t<div class=\"elementor-widget-container\">\n\t\t\t\t\t\t\t\t\t<div class=\"elementor-button-wrapper\">\n\t\t\t\t\t<a class=\"elementor-button elementor-button-link elementor-size-sm\" href=\"https:\/\/www.vermilionenergy.com\/de\/heimisches-engagement\/unser-soziales-engagement\/\">\n\t\t\t\t\t\t<span class=\"elementor-button-content-wrapper\">\n\t\t\t\t\t\t\t\t\t<span class=\"elementor-button-text\">mehr erfahren<\/span>\n\t\t\t\t\t<\/span>\n\t\t\t\t\t<\/a>\n\t\t\t\t<\/div>\n\t\t\t\t\t\t\t\t<\/div>\n\t\t\t\t<\/div>\n\t\t\t\t\t<\/div>\n\t\t<\/div>\n\t\t\t\t<div class=\"elementor-column elementor-col-50 elementor-inner-column elementor-element elementor-element-52a9df1\" data-id=\"52a9df1\" data-element_type=\"column\">\n\t\t\t<div class=\"elementor-widget-wrap elementor-element-populated\">\n\t\t\t\t\t\t<div class=\"elementor-element elementor-element-09ffec6 elementor-widget elementor-widget-image\" data-id=\"09ffec6\" data-element_type=\"widget\" data-widget_type=\"image.default\">\n\t\t\t\t<div class=\"elementor-widget-container\">\n\t\t\t\t\t\t\t\t\t\t\t\t\t\t\t<img fetchpriority=\"high\" decoding=\"async\" width=\"1920\" height=\"2560\" src=\"https:\/\/www.vermilionenergy.com\/de\/wp-content\/uploads\/sites\/9\/2023\/12\/20231012_121828-scaled.jpg\" class=\"attachment-full size-full wp-image-8762\" alt=\"\" srcset=\"https:\/\/www.vermilionenergy.com\/de\/wp-content\/uploads\/sites\/9\/2023\/12\/20231012_121828-scaled.jpg 1920w, https:\/\/www.vermilionenergy.com\/de\/wp-content\/uploads\/sites\/9\/2023\/12\/20231012_121828-225x300.jpg 225w, https:\/\/www.vermilionenergy.com\/de\/wp-content\/uploads\/sites\/9\/2023\/12\/20231012_121828-768x1024.jpg 768w, https:\/\/www.vermilionenergy.com\/de\/wp-content\/uploads\/sites\/9\/2023\/12\/20231012_121828-1152x1536.jpg 1152w, https:\/\/www.vermilionenergy.com\/de\/wp-content\/uploads\/sites\/9\/2023\/12\/20231012_121828-1536x2048.jpg 1536w\" sizes=\"(max-width: 1920px) 100vw, 1920px\" \/>\t\t\t\t\t\t\t\t\t\t\t\t\t\t\t<\/div>\n\t\t\t\t<\/div>\n\t\t\t\t\t<\/div>\n\t\t<\/div>\n\t\t\t\t\t<\/div>\n\t\t<\/section>\n\t\t\t\t\t<\/div>\n\t\t<\/div>\n\t\t\t\t\t<\/div>\n\t\t<\/section>\n\t\t\t\t<section class=\"elementor-section elementor-top-section elementor-element elementor-element-83e0502 elementor-section-boxed elementor-section-height-default elementor-section-height-default\" data-id=\"83e0502\" data-element_type=\"section\" data-settings=\"{&quot;jet_parallax_layout_list&quot;:[]}\">\n\t\t\t\t\t\t<div class=\"elementor-container elementor-column-gap-default\">\n\t\t\t\t\t<div class=\"elementor-column elementor-col-100 elementor-top-column elementor-element elementor-element-611f4f5\" data-id=\"611f4f5\" data-element_type=\"column\">\n\t\t\t<div class=\"elementor-widget-wrap elementor-element-populated\">\n\t\t\t\t\t\t<div class=\"elementor-element elementor-element-4f26011 elementor-cta--skin-classic elementor-animated-content elementor-bg-transform elementor-bg-transform-zoom-in elementor-widget elementor-widget-call-to-action\" data-id=\"4f26011\" data-element_type=\"widget\" data-widget_type=\"call-to-action.default\">\n\t\t\t\t<div class=\"elementor-widget-container\">\n\t\t\t\t\t\t\t<div class=\"elementor-cta\">\n\t\t\t\t\t<div class=\"elementor-cta__bg-wrapper\">\n\t\t\t\t<div class=\"elementor-cta__bg elementor-bg\" style=\"background-image: url(https:\/\/www.vermilionenergy.com\/de\/wp-content\/uploads\/sites\/9\/2024\/05\/BVEG-Schoenewoerde-Screenshot-1024x481.png);\" role=\"img\" aria-label=\"BVEG Sch\u00f6new\u00f6rde Screenshot\"><\/div>\n\t\t\t\t<div class=\"elementor-cta__bg-overlay\"><\/div>\n\t\t\t<\/div>\n\t\t\t\t\t\t\t<div class=\"elementor-cta__content\">\n\t\t\t\t\n\t\t\t\t\t\t\t\t\t<h2 class=\"elementor-cta__title elementor-cta__content-item elementor-content-item\">\n\t\t\t\t\t\tVirtueller Rundgang durch die heimische Erd\u00f6lproduktion\t\t\t\t\t<\/h2>\n\t\t\t\t\n\t\t\t\t\t\t\t\t\t<div class=\"elementor-cta__description elementor-cta__content-item elementor-content-item\">\n\t\t\t\t\t\tDer Weg des Erd\u00f6ls von der Bohrung im Feld Vorhop durch unseren Betrieb in Sch\u00f6new\u00f6rde\t\t\t\t\t<\/div>\n\t\t\t\t\n\t\t\t\t\t\t\t\t\t<div class=\"elementor-cta__button-wrapper elementor-cta__content-item elementor-content-item \">\n\t\t\t\t\t<a class=\"elementor-cta__button elementor-button elementor-size-\" href=\"https:\/\/www.bveg.de\/tour\/\" target=\"_blank\">\n\t\t\t\t\t\tRundgang ansehen\t\t\t\t\t<\/a>\n\t\t\t\t\t<\/div>\n\t\t\t\t\t\t\t<\/div>\n\t\t\t\t\t\t<\/div>\n\t\t\t\t\t\t<\/div>\n\t\t\t\t<\/div>\n\t\t\t\t\t<\/div>\n\t\t<\/div>\n\t\t\t\t\t<\/div>\n\t\t<\/section>\n\t\t\t\t<\/div>\n\t\t","protected":false},"excerpt":{"rendered":"<p>Energie mit Heimvorteil In Niedersachsen verantwortungsvoll produziert mehr erfahren Arbeite bei Vermilion! Vermilion ist ein dynamisches und wachsendes Unternehmen, das talentierte Mitarbeiter sucht. Wenn Du daran interessiert bist, Teil unseres Teams in Niedersachsen zu werden, findest Du mehr Infos und Kontaktm\u00f6glichkeiten hier: Arbeite mit uns Gemeinsam f\u00fcr Niedersachsen Als verantwortungsbewusster Energieproduzent strebt Vermilion danach, ein [&hellip;]<\/p>\n","protected":false},"author":1,"featured_media":0,"parent":0,"menu_order":0,"comment_status":"closed","ping_status":"closed","template":"","meta":{"footnotes":""},"class_list":["post-1479","page","type-page","status-publish","hentry"],"yoast_head":"<!-- This site is optimized with the Yoast SEO plugin v26.3 - https:\/\/yoast.com\/wordpress\/plugins\/seo\/ -->\n<title>Home - Vermilion Germany<\/title>\n<meta name=\"robots\" content=\"index, follow, max-snippet:-1, max-image-preview:large, max-video-preview:-1\" \/>\n<link rel=\"canonical\" href=\"https:\/\/www.vermilionenergy.com\/de\/\" \/>\n<meta property=\"og:locale\" content=\"de_DE\" \/>\n<meta property=\"og:type\" content=\"article\" \/>\n<meta property=\"og:title\" content=\"Home - Vermilion Germany\" \/>\n<meta property=\"og:description\" content=\"Energie mit Heimvorteil In Niedersachsen verantwortungsvoll produziert mehr erfahren Arbeite bei Vermilion! Vermilion ist ein dynamisches und wachsendes Unternehmen, das talentierte Mitarbeiter sucht. Wenn Du daran interessiert bist, Teil unseres Teams in Niedersachsen zu werden, findest Du mehr Infos und Kontaktm\u00f6glichkeiten hier: Arbeite mit uns Gemeinsam f\u00fcr Niedersachsen Als verantwortungsbewusster Energieproduzent strebt Vermilion danach, ein [&hellip;]\" \/>\n<meta property=\"og:url\" content=\"https:\/\/www.vermilionenergy.com\/de\/\" \/>\n<meta property=\"og:site_name\" content=\"Vermilion Germany\" \/>\n<meta property=\"article:modified_time\" content=\"2026-02-16T09:29:30+00:00\" \/>\n<meta property=\"og:image\" content=\"https:\/\/www.vermilionenergy.com\/de\/wp-content\/uploads\/sites\/9\/2023\/12\/20231012_121828-scaled.jpg\" \/>\n\t<meta property=\"og:image:width\" content=\"1920\" \/>\n\t<meta property=\"og:image:height\" content=\"2560\" \/>\n\t<meta property=\"og:image:type\" content=\"image\/jpeg\" \/>\n<meta name=\"twitter:card\" content=\"summary_large_image\" \/>\n<meta name=\"twitter:label1\" content=\"Gesch\u00e4tzte Lesezeit\" \/>\n\t<meta name=\"twitter:data1\" content=\"2 Minuten\" \/>\n<script type=\"application\/ld+json\" class=\"yoast-schema-graph\">{\"@context\":\"https:\/\/schema.org\",\"@graph\":[{\"@type\":\"WebPage\",\"@id\":\"https:\/\/www.vermilionenergy.com\/de\/\",\"url\":\"https:\/\/www.vermilionenergy.com\/de\/\",\"name\":\"Home - Vermilion Germany\",\"isPartOf\":{\"@id\":\"https:\/\/www.vermilionenergy.com\/de\/#website\"},\"primaryImageOfPage\":{\"@id\":\"https:\/\/www.vermilionenergy.com\/de\/#primaryimage\"},\"image\":{\"@id\":\"https:\/\/www.vermilionenergy.com\/de\/#primaryimage\"},\"thumbnailUrl\":\"https:\/\/www.vermilionenergy.com\/de\/wp-content\/uploads\/sites\/9\/2023\/12\/20231012_121828-scaled.jpg\",\"datePublished\":\"2022-07-22T20:21:16+00:00\",\"dateModified\":\"2026-02-16T09:29:30+00:00\",\"breadcrumb\":{\"@id\":\"https:\/\/www.vermilionenergy.com\/de\/#breadcrumb\"},\"inLanguage\":\"de-DE\",\"potentialAction\":[{\"@type\":\"ReadAction\",\"target\":[\"https:\/\/www.vermilionenergy.com\/de\/\"]}]},{\"@type\":\"ImageObject\",\"inLanguage\":\"de-DE\",\"@id\":\"https:\/\/www.vermilionenergy.com\/de\/#primaryimage\",\"url\":\"https:\/\/www.vermilionenergy.com\/de\/wp-content\/uploads\/sites\/9\/2023\/12\/20231012_121828-scaled.jpg\",\"contentUrl\":\"https:\/\/www.vermilionenergy.com\/de\/wp-content\/uploads\/sites\/9\/2023\/12\/20231012_121828-scaled.jpg\",\"width\":1920,\"height\":2560},{\"@type\":\"BreadcrumbList\",\"@id\":\"https:\/\/www.vermilionenergy.com\/de\/#breadcrumb\",\"itemListElement\":[{\"@type\":\"ListItem\",\"position\":1,\"name\":\"Home\",\"item\":\"https:\/\/www.vermilionenergy.com\/de\/\"},{\"@type\":\"ListItem\",\"position\":2,\"name\":\"Home\"}]},{\"@type\":\"WebSite\",\"@id\":\"https:\/\/www.vermilionenergy.com\/de\/#website\",\"url\":\"https:\/\/www.vermilionenergy.com\/de\/\",\"name\":\"Vermilion Germany\",\"description\":\"Just another Vermilion Network site\",\"potentialAction\":[{\"@type\":\"SearchAction\",\"target\":{\"@type\":\"EntryPoint\",\"urlTemplate\":\"https:\/\/www.vermilionenergy.com\/de\/?s={search_term_string}\"},\"query-input\":{\"@type\":\"PropertyValueSpecification\",\"valueRequired\":true,\"valueName\":\"search_term_string\"}}],\"inLanguage\":\"de-DE\"}]}<\/script>\n<!-- \/ Yoast SEO plugin. -->","yoast_head_json":{"title":"Home - Vermilion Germany","robots":{"index":"index","follow":"follow","max-snippet":"max-snippet:-1","max-image-preview":"max-image-preview:large","max-video-preview":"max-video-preview:-1"},"canonical":"https:\/\/www.vermilionenergy.com\/de\/","og_locale":"de_DE","og_type":"article","og_title":"Home - Vermilion Germany","og_description":"Energie mit Heimvorteil In Niedersachsen verantwortungsvoll produziert mehr erfahren Arbeite bei Vermilion! Vermilion ist ein dynamisches und wachsendes Unternehmen, das talentierte Mitarbeiter sucht. Wenn Du daran interessiert bist, Teil unseres Teams in Niedersachsen zu werden, findest Du mehr Infos und Kontaktm\u00f6glichkeiten hier: Arbeite mit uns Gemeinsam f\u00fcr Niedersachsen Als verantwortungsbewusster Energieproduzent strebt Vermilion danach, ein [&hellip;]","og_url":"https:\/\/www.vermilionenergy.com\/de\/","og_site_name":"Vermilion Germany","article_modified_time":"2026-02-16T09:29:30+00:00","og_image":[{"width":1920,"height":2560,"url":"https:\/\/www.vermilionenergy.com\/de\/wp-content\/uploads\/sites\/9\/2023\/12\/20231012_121828-scaled.jpg","type":"image\/jpeg"}],"twitter_card":"summary_large_image","twitter_misc":{"Gesch\u00e4tzte Lesezeit":"2 Minuten"},"schema":{"@context":"https:\/\/schema.org","@graph":[{"@type":"WebPage","@id":"https:\/\/www.vermilionenergy.com\/de\/","url":"https:\/\/www.vermilionenergy.com\/de\/","name":"Home - Vermilion Germany","isPartOf":{"@id":"https:\/\/www.vermilionenergy.com\/de\/#website"},"primaryImageOfPage":{"@id":"https:\/\/www.vermilionenergy.com\/de\/#primaryimage"},"image":{"@id":"https:\/\/www.vermilionenergy.com\/de\/#primaryimage"},"thumbnailUrl":"https:\/\/www.vermilionenergy.com\/de\/wp-content\/uploads\/sites\/9\/2023\/12\/20231012_121828-scaled.jpg","datePublished":"2022-07-22T20:21:16+00:00","dateModified":"2026-02-16T09:29:30+00:00","breadcrumb":{"@id":"https:\/\/www.vermilionenergy.com\/de\/#breadcrumb"},"inLanguage":"de-DE","potentialAction":[{"@type":"ReadAction","target":["https:\/\/www.vermilionenergy.com\/de\/"]}]},{"@type":"ImageObject","inLanguage":"de-DE","@id":"https:\/\/www.vermilionenergy.com\/de\/#primaryimage","url":"https:\/\/www.vermilionenergy.com\/de\/wp-content\/uploads\/sites\/9\/2023\/12\/20231012_121828-scaled.jpg","contentUrl":"https:\/\/www.vermilionenergy.com\/de\/wp-content\/uploads\/sites\/9\/2023\/12\/20231012_121828-scaled.jpg","width":1920,"height":2560},{"@type":"BreadcrumbList","@id":"https:\/\/www.vermilionenergy.com\/de\/#breadcrumb","itemListElement":[{"@type":"ListItem","position":1,"name":"Home","item":"https:\/\/www.vermilionenergy.com\/de\/"},{"@type":"ListItem","position":2,"name":"Home"}]},{"@type":"WebSite","@id":"https:\/\/www.vermilionenergy.com\/de\/#website","url":"https:\/\/www.vermilionenergy.com\/de\/","name":"Vermilion Germany","description":"Just another Vermilion Network site","potentialAction":[{"@type":"SearchAction","target":{"@type":"EntryPoint","urlTemplate":"https:\/\/www.vermilionenergy.com\/de\/?s={search_term_string}"},"query-input":{"@type":"PropertyValueSpecification","valueRequired":true,"valueName":"search_term_string"}}],"inLanguage":"de-DE"}]}},"_links":{"self":[{"href":"https:\/\/www.vermilionenergy.com\/de\/wp-json\/wp\/v2\/pages\/1479","targetHints":{"allow":["GET"]}}],"collection":[{"href":"https:\/\/www.vermilionenergy.com\/de\/wp-json\/wp\/v2\/pages"}],"about":[{"href":"https:\/\/www.vermilionenergy.com\/de\/wp-json\/wp\/v2\/types\/page"}],"author":[{"embeddable":true,"href":"https:\/\/www.vermilionenergy.com\/de\/wp-json\/wp\/v2\/users\/1"}],"replies":[{"embeddable":true,"href":"https:\/\/www.vermilionenergy.com\/de\/wp-json\/wp\/v2\/comments?post=1479"}],"version-history":[{"count":3,"href":"https:\/\/www.vermilionenergy.com\/de\/wp-json\/wp\/v2\/pages\/1479\/revisions"}],"predecessor-version":[{"id":15809,"href":"https:\/\/www.vermilionenergy.com\/de\/wp-json\/wp\/v2\/pages\/1479\/revisions\/15809"}],"wp:attachment":[{"href":"https:\/\/www.vermilionenergy.com\/de\/wp-json\/wp\/v2\/media?parent=1479"}],"curies":[{"name":"wp","href":"https:\/\/api.w.org\/{rel}","templated":true}]}}