{"id":2139,"date":"2022-09-07T16:43:40","date_gmt":"2022-09-07T16:43:40","guid":{"rendered":"https:\/\/vermilionenerg.wpengine.com\/de\/unsere-verantwortung\/gesundheits-sicherheits-und-umweltschutz-hse-richtlinien-initiativen\/"},"modified":"2023-12-18T17:26:43","modified_gmt":"2023-12-18T17:26:43","slug":"gesundheits-sicherheits-und-umweltschutz-hse-richtlinien-initiativen","status":"publish","type":"page","link":"https:\/\/www.vermilionenergy.com\/de\/gesundheits-sicherheits-und-umweltschutz-hse-richtlinien-initiativen\/","title":{"rendered":"Gesundheits-, Sicherheits- und Umweltschutz (HSE)"},"content":{"rendered":"\t\t<div data-elementor-type=\"wp-page\" data-elementor-id=\"2139\" class=\"elementor elementor-2139\" data-elementor-post-type=\"page\">\n\t\t\t\t\t\t<section class=\"elementor-section elementor-top-section elementor-element elementor-element-d8446b4 elementor-section-height-min-height elementor-section-items-bottom elementor-section-boxed elementor-section-height-default\" data-id=\"d8446b4\" data-element_type=\"section\" data-settings=\"{&quot;background_background&quot;:&quot;classic&quot;,&quot;jet_parallax_layout_list&quot;:[]}\">\n\t\t\t\t\t\t\t<div class=\"elementor-background-overlay\"><\/div>\n\t\t\t\t\t\t\t<div class=\"elementor-container elementor-column-gap-default\">\n\t\t\t\t\t<div class=\"elementor-column elementor-col-100 elementor-top-column elementor-element elementor-element-a36682d\" data-id=\"a36682d\" data-element_type=\"column\">\n\t\t\t<div class=\"elementor-widget-wrap elementor-element-populated\">\n\t\t\t\t\t\t<div class=\"elementor-element elementor-element-414dc67 text-left elementor-widget elementor-widget-tp-breadcrumbs-bar\" data-id=\"414dc67\" data-element_type=\"widget\" data-widget_type=\"tp-breadcrumbs-bar.default\">\n\t\t\t\t<div class=\"elementor-widget-container\">\n\t\t\t\t\t<div id=\"bread69d77c0e0f77d\" class=\"pt_plus_breadcrumbs_bar \"  \"><div class=\"pt_plus_breadcrumbs_bar_inner bred_style_1\"><nav id=\"breadcrumbs\"><span class=\"bc_home\"><a class=\"home_bread_tab\" href=\"https:\/\/www.vermilionenergy.com\/de\/\"><i class=\" fa fa-home bread-home-icon\" ><\/i>Heim<i class=\" fa fa-chevron-right bread-sep-icon\" ><\/i><\/a><\/span> <span class=\"del\"><\/span> <span class=\"current\"><div class=\"current_tab_sec\">Seite<\/div><\/span><\/nav><\/div><\/div>\t\t\t\t<\/div>\n\t\t\t\t<\/div>\n\t\t\t\t<div class=\"elementor-element elementor-element-063e51c elementor-widget elementor-widget-heading\" data-id=\"063e51c\" data-element_type=\"widget\" data-widget_type=\"heading.default\">\n\t\t\t\t<div class=\"elementor-widget-container\">\n\t\t\t\t\t<h1 class=\"elementor-heading-title elementor-size-default\">Gesundheits-, Sicherheits- und Umweltschutz (HSE)<\/h1>\t\t\t\t<\/div>\n\t\t\t\t<\/div>\n\t\t\t\t\t<\/div>\n\t\t<\/div>\n\t\t\t\t\t<\/div>\n\t\t<\/section>\n\t\t\t\t<section class=\"elementor-section elementor-top-section elementor-element elementor-element-c78b0c2 elementor-section-boxed elementor-section-height-default elementor-section-height-default\" data-id=\"c78b0c2\" data-element_type=\"section\" data-settings=\"{&quot;jet_parallax_layout_list&quot;:[]}\">\n\t\t\t\t\t\t<div class=\"elementor-container elementor-column-gap-default\">\n\t\t\t\t\t<div class=\"elementor-column elementor-col-66 elementor-top-column elementor-element elementor-element-a20d2f6\" data-id=\"a20d2f6\" data-element_type=\"column\">\n\t\t\t<div class=\"elementor-widget-wrap elementor-element-populated\">\n\t\t\t\t\t\t<div class=\"elementor-element elementor-element-9f72322 elementor-widget elementor-widget-text-editor\" data-id=\"9f72322\" data-element_type=\"widget\" data-widget_type=\"text-editor.default\">\n\t\t\t\t<div class=\"elementor-widget-container\">\n\t\t\t\t\t\t\t\t\t<p class=\"intro\"><strong>Vermilion verpflichtet sich dazu sicherzustellen, dass wir alle unsere Aktivit\u00e4ten so betreiben, dass die Gesundheit und Sicherheit unserer Mitarbeiter, unserer Auftragnehmer sowie\u00a0der \u00d6ffentlichkeit\u00a0gew\u00e4hrleistet werden. Unser erkl\u00e4rtes Ziel ist es, Gesundheits-, Arbeits- und Umweltschutz vollst\u00e4ndig so\u00a0in unser Gesch\u00e4ftleben zu integrieren, dass unsere Sicherheitskultur innerhalb der Branche und von Interessengruppen als beispielhaft anerkannt wird, weil sie zu einem\u00a0gesunden Arbeitsumfeld, frei von Vorf\u00e4llen, f\u00fchrt.<\/strong><\/p><p>Vermilion wendet Methoden und Verfahren zum Gesundheits-, Arbeits- und Umweltschutz (HSE) an, die die gesetzlichen Auflagen und die branchen\u00fcblichen Standards einhalten bzw. \u00fcbertreffen. Unsere Ma\u00dfnahmen im Bereich HSE unterstreichen nachdr\u00fccklich Vermilions Grundwerte der Kompetenz, des Vertrauens, des Respekts und der Verantwortung.\u00a0<\/p>\t\t\t\t\t\t\t\t<\/div>\n\t\t\t\t<\/div>\n\t\t\t\t\t<\/div>\n\t\t<\/div>\n\t\t\t\t<div class=\"elementor-column elementor-col-33 elementor-top-column elementor-element elementor-element-04bcc2c elementor-hidden-tablet elementor-hidden-mobile\" data-id=\"04bcc2c\" data-element_type=\"column\">\n\t\t\t<div class=\"elementor-widget-wrap elementor-element-populated\">\n\t\t\t\t\t\t<div class=\"elementor-element elementor-element-9a59687 elementor-nav-menu--dropdown-tablet elementor-nav-menu__text-align-aside elementor-nav-menu--toggle elementor-nav-menu--burger elementor-widget elementor-widget-nav-menu\" data-id=\"9a59687\" data-element_type=\"widget\" data-settings=\"{&quot;layout&quot;:&quot;vertical&quot;,&quot;submenu_icon&quot;:{&quot;value&quot;:&quot;&lt;i class=\\&quot;fas fa-caret-down\\&quot; aria-hidden=\\&quot;true\\&quot;&gt;&lt;\\\/i&gt;&quot;,&quot;library&quot;:&quot;fa-solid&quot;},&quot;toggle&quot;:&quot;burger&quot;}\" data-widget_type=\"nav-menu.default\">\n\t\t\t\t<div class=\"elementor-widget-container\">\n\t\t\t\t\t\t\t\t<nav aria-label=\"Men\u00fc\" class=\"elementor-nav-menu--main elementor-nav-menu__container elementor-nav-menu--layout-vertical e--pointer-none\">\n\t\t\t\t<ul id=\"menu-1-9a59687\" class=\"elementor-nav-menu sm-vertical\"><li class=\"menu-item menu-item-type-post_type menu-item-object-page menu-item-has-children menu-item-10496\"><a href=\"https:\/\/www.vermilionenergy.com\/de\/heimische-produktion\/\" class=\"elementor-item\">Standorte<\/a>\n<ul class=\"sub-menu elementor-nav-menu--dropdown\">\n\t<li class=\"menu-item menu-item-type-post_type menu-item-object-page menu-item-10500\"><a href=\"https:\/\/www.vermilionenergy.com\/de\/heimische-produktion\/b-schoenewoerde\/\" class=\"elementor-sub-item\">Sch\u00f6new\u00f6rde<\/a><\/li>\n\t<li class=\"menu-item menu-item-type-post_type menu-item-object-page menu-item-10501\"><a href=\"https:\/\/www.vermilionenergy.com\/de\/heimische-produktion\/b-hankensbuettel\/\" class=\"elementor-sub-item\">Hankensb\u00fcttel<\/a><\/li>\n\t<li class=\"menu-item menu-item-type-post_type menu-item-object-page menu-item-10502\"><a href=\"https:\/\/www.vermilionenergy.com\/de\/heimische-produktion\/b-edemissen\/\" class=\"elementor-sub-item\">Edemissen<\/a><\/li>\n\t<li class=\"menu-item menu-item-type-post_type menu-item-object-page menu-item-10503\"><a href=\"https:\/\/www.vermilionenergy.com\/de\/heimische-produktion\/b-hoever\/\" class=\"elementor-sub-item\">H\u00f6ver<\/a><\/li>\n\t<li class=\"menu-item menu-item-type-post_type menu-item-object-page menu-item-10504\"><a href=\"https:\/\/www.vermilionenergy.com\/de\/heimische-produktion\/b-heimische-produktion\/\" class=\"elementor-sub-item\">Bergen<\/a><\/li>\n\t<li class=\"menu-item menu-item-type-post_type menu-item-object-page menu-item-10505\"><a href=\"https:\/\/www.vermilionenergy.com\/de\/heimische-produktion\/b-emden\/\" class=\"elementor-sub-item\">Emden<\/a><\/li>\n\t<li class=\"menu-item menu-item-type-post_type menu-item-object-page menu-item-10506\"><a href=\"https:\/\/www.vermilionenergy.com\/de\/heimische-produktion\/b-leer\/\" class=\"elementor-sub-item\">Leer<\/a><\/li>\n<\/ul>\n<\/li>\n<li class=\"menu-item menu-item-type-post_type menu-item-object-page menu-item-10498\"><a href=\"https:\/\/www.vermilionenergy.com\/de\/lizenzen\/\" class=\"elementor-item\">Lizenzen<\/a><\/li>\n<li class=\"menu-item menu-item-type-post_type menu-item-object-page menu-item-10497\"><a href=\"https:\/\/www.vermilionenergy.com\/de\/sichere-produktion\/\" class=\"elementor-item\">Sichere Produktion<\/a><\/li>\n<\/ul>\t\t\t<\/nav>\n\t\t\t\t\t<div class=\"elementor-menu-toggle\" role=\"button\" tabindex=\"0\" aria-label=\"Men\u00fc Umschalter\" aria-expanded=\"false\">\n\t\t\t<i aria-hidden=\"true\" role=\"presentation\" class=\"elementor-menu-toggle__icon--open eicon-menu-bar\"><\/i><i aria-hidden=\"true\" role=\"presentation\" class=\"elementor-menu-toggle__icon--close eicon-close\"><\/i>\t\t<\/div>\n\t\t\t\t\t<nav class=\"elementor-nav-menu--dropdown elementor-nav-menu__container\" aria-hidden=\"true\">\n\t\t\t\t<ul id=\"menu-2-9a59687\" class=\"elementor-nav-menu sm-vertical\"><li class=\"menu-item menu-item-type-post_type menu-item-object-page menu-item-has-children menu-item-10496\"><a href=\"https:\/\/www.vermilionenergy.com\/de\/heimische-produktion\/\" class=\"elementor-item\" tabindex=\"-1\">Standorte<\/a>\n<ul class=\"sub-menu elementor-nav-menu--dropdown\">\n\t<li class=\"menu-item menu-item-type-post_type menu-item-object-page menu-item-10500\"><a href=\"https:\/\/www.vermilionenergy.com\/de\/heimische-produktion\/b-schoenewoerde\/\" class=\"elementor-sub-item\" tabindex=\"-1\">Sch\u00f6new\u00f6rde<\/a><\/li>\n\t<li class=\"menu-item menu-item-type-post_type menu-item-object-page menu-item-10501\"><a href=\"https:\/\/www.vermilionenergy.com\/de\/heimische-produktion\/b-hankensbuettel\/\" class=\"elementor-sub-item\" tabindex=\"-1\">Hankensb\u00fcttel<\/a><\/li>\n\t<li class=\"menu-item menu-item-type-post_type menu-item-object-page menu-item-10502\"><a href=\"https:\/\/www.vermilionenergy.com\/de\/heimische-produktion\/b-edemissen\/\" class=\"elementor-sub-item\" tabindex=\"-1\">Edemissen<\/a><\/li>\n\t<li class=\"menu-item menu-item-type-post_type menu-item-object-page menu-item-10503\"><a href=\"https:\/\/www.vermilionenergy.com\/de\/heimische-produktion\/b-hoever\/\" class=\"elementor-sub-item\" tabindex=\"-1\">H\u00f6ver<\/a><\/li>\n\t<li class=\"menu-item menu-item-type-post_type menu-item-object-page menu-item-10504\"><a href=\"https:\/\/www.vermilionenergy.com\/de\/heimische-produktion\/b-heimische-produktion\/\" class=\"elementor-sub-item\" tabindex=\"-1\">Bergen<\/a><\/li>\n\t<li class=\"menu-item menu-item-type-post_type menu-item-object-page menu-item-10505\"><a href=\"https:\/\/www.vermilionenergy.com\/de\/heimische-produktion\/b-emden\/\" class=\"elementor-sub-item\" tabindex=\"-1\">Emden<\/a><\/li>\n\t<li class=\"menu-item menu-item-type-post_type menu-item-object-page menu-item-10506\"><a href=\"https:\/\/www.vermilionenergy.com\/de\/heimische-produktion\/b-leer\/\" class=\"elementor-sub-item\" tabindex=\"-1\">Leer<\/a><\/li>\n<\/ul>\n<\/li>\n<li class=\"menu-item menu-item-type-post_type menu-item-object-page menu-item-10498\"><a href=\"https:\/\/www.vermilionenergy.com\/de\/lizenzen\/\" class=\"elementor-item\" tabindex=\"-1\">Lizenzen<\/a><\/li>\n<li class=\"menu-item menu-item-type-post_type menu-item-object-page menu-item-10497\"><a href=\"https:\/\/www.vermilionenergy.com\/de\/sichere-produktion\/\" class=\"elementor-item\" tabindex=\"-1\">Sichere Produktion<\/a><\/li>\n<\/ul>\t\t\t<\/nav>\n\t\t\t\t\t\t<\/div>\n\t\t\t\t<\/div>\n\t\t\t\t\t<\/div>\n\t\t<\/div>\n\t\t\t\t\t<\/div>\n\t\t<\/section>\n\t\t\t\t<section class=\"elementor-section elementor-top-section elementor-element elementor-element-6649774 elementor-section-boxed elementor-section-height-default elementor-section-height-default\" data-id=\"6649774\" data-element_type=\"section\" data-settings=\"{&quot;jet_parallax_layout_list&quot;:[]}\">\n\t\t\t\t\t\t<div class=\"elementor-container elementor-column-gap-default\">\n\t\t\t\t\t<div class=\"elementor-column elementor-col-50 elementor-top-column elementor-element elementor-element-7afb1c1\" data-id=\"7afb1c1\" data-element_type=\"column\">\n\t\t\t<div class=\"elementor-widget-wrap elementor-element-populated\">\n\t\t\t\t\t\t<div class=\"elementor-element elementor-element-9d460f7 elementor-widget elementor-widget-heading\" data-id=\"9d460f7\" data-element_type=\"widget\" data-widget_type=\"heading.default\">\n\t\t\t\t<div class=\"elementor-widget-container\">\n\t\t\t\t\t<h3 class=\"elementor-heading-title elementor-size-default\">Vermilion verpflichtet sich dazu,<\/h3>\t\t\t\t<\/div>\n\t\t\t\t<\/div>\n\t\t\t\t<div class=\"elementor-element elementor-element-9934151 elementor-icon-list--layout-traditional elementor-list-item-link-full_width elementor-widget elementor-widget-icon-list\" data-id=\"9934151\" data-element_type=\"widget\" data-widget_type=\"icon-list.default\">\n\t\t\t\t<div class=\"elementor-widget-container\">\n\t\t\t\t\t\t\t<ul class=\"elementor-icon-list-items\">\n\t\t\t\t\t\t\t<li class=\"elementor-icon-list-item\">\n\t\t\t\t\t\t\t\t\t\t\t<span class=\"elementor-icon-list-icon\">\n\t\t\t\t\t\t\t<i aria-hidden=\"true\" class=\"fas fa-chevron-right\"><\/i>\t\t\t\t\t\t<\/span>\n\t\t\t\t\t\t\t\t\t\t<span class=\"elementor-icon-list-text\">Ein starkes, integriertes Managementsystem f\u00fcr Gesundheits- , Arbeits- und Umweltschutz zu unterhalten, um Risiken zu erkennen und zu bew\u00e4ltigen;<\/span>\n\t\t\t\t\t\t\t\t\t<\/li>\n\t\t\t\t\t\t\t\t<li class=\"elementor-icon-list-item\">\n\t\t\t\t\t\t\t\t\t\t\t<span class=\"elementor-icon-list-icon\">\n\t\t\t\t\t\t\t<i aria-hidden=\"true\" class=\"fas fa-chevron-right\"><\/i>\t\t\t\t\t\t<\/span>\n\t\t\t\t\t\t\t\t\t\t<span class=\"elementor-icon-list-text\">Verantwortung zu \u00fcbernehmen und Rechenschaft dar\u00fcber abzulegen, dass Mitarbeiterf\u00fchrung, sichtbares Engagement und Anweisungen dazu f\u00fchren, die gesteckten Ziele im Bereich HSE zu erreichen;<\/span>\n\t\t\t\t\t\t\t\t\t<\/li>\n\t\t\t\t\t\t\t\t<li class=\"elementor-icon-list-item\">\n\t\t\t\t\t\t\t\t\t\t\t<span class=\"elementor-icon-list-icon\">\n\t\t\t\t\t\t\t<i aria-hidden=\"true\" class=\"fas fa-chevron-right\"><\/i>\t\t\t\t\t\t<\/span>\n\t\t\t\t\t\t\t\t\t\t<span class=\"elementor-icon-list-text\">Richtlinien und Betriebspraktiken laufend zu bewerten und zu verbessern;<\/span>\n\t\t\t\t\t\t\t\t\t<\/li>\n\t\t\t\t\t\t\t\t<li class=\"elementor-icon-list-item\">\n\t\t\t\t\t\t\t\t\t\t\t<span class=\"elementor-icon-list-icon\">\n\t\t\t\t\t\t\t<i aria-hidden=\"true\" class=\"fas fa-chevron-right\"><\/i>\t\t\t\t\t\t<\/span>\n\t\t\t\t\t\t\t\t\t\t<span class=\"elementor-icon-list-text\">HSE als festen Bestandteil in unsere gesch\u00e4ftlichen Ziele zu integrieren;<\/span>\n\t\t\t\t\t\t\t\t\t<\/li>\n\t\t\t\t\t\t\t\t<li class=\"elementor-icon-list-item\">\n\t\t\t\t\t\t\t\t\t\t\t<span class=\"elementor-icon-list-icon\">\n\t\t\t\t\t\t\t<i aria-hidden=\"true\" class=\"fas fa-chevron-right\"><\/i>\t\t\t\t\t\t<\/span>\n\t\t\t\t\t\t\t\t\t\t<span class=\"elementor-icon-list-text\">Jedem Mitarbeiter und jedem Auftragnehmer einen sicheren und gesunden Arbeitsplatz zur Verf\u00fcgung zu stellen;<\/span>\n\t\t\t\t\t\t\t\t\t<\/li>\n\t\t\t\t\t\t\t\t<li class=\"elementor-icon-list-item\">\n\t\t\t\t\t\t\t\t\t\t\t<span class=\"elementor-icon-list-icon\">\n\t\t\t\t\t\t\t<i aria-hidden=\"true\" class=\"fas fa-chevron-right\"><\/i>\t\t\t\t\t\t<\/span>\n\t\t\t\t\t\t\t\t\t\t<span class=\"elementor-icon-list-text\">Einen positiven Beitrag zum Umweltschutz zu leisten und nach Verbesserungen in der effizienten Verwendung nat\u00fcrlicher Ressourcen zu suchen;<\/span>\n\t\t\t\t\t\t\t\t\t<\/li>\n\t\t\t\t\t\t\t\t<li class=\"elementor-icon-list-item\">\n\t\t\t\t\t\t\t\t\t\t\t<span class=\"elementor-icon-list-icon\">\n\t\t\t\t\t\t\t<i aria-hidden=\"true\" class=\"fas fa-chevron-right\"><\/i>\t\t\t\t\t\t<\/span>\n\t\t\t\t\t\t\t\t\t\t<span class=\"elementor-icon-list-text\">Im Notfall unverz\u00fcglich, verantwortungsvoll und wirksam zu reagieren;<\/span>\n\t\t\t\t\t\t\t\t\t<\/li>\n\t\t\t\t\t\t\t\t<li class=\"elementor-icon-list-item\">\n\t\t\t\t\t\t\t\t\t\t\t<span class=\"elementor-icon-list-icon\">\n\t\t\t\t\t\t\t<i aria-hidden=\"true\" class=\"fas fa-chevron-right\"><\/i>\t\t\t\t\t\t<\/span>\n\t\t\t\t\t\t\t\t\t\t<span class=\"elementor-icon-list-text\">Sich auf die st\u00e4ndige Verbesserung der Leistungen im Bereich HSE zu konzentrieren;<\/span>\n\t\t\t\t\t\t\t\t\t<\/li>\n\t\t\t\t\t\t\t\t<li class=\"elementor-icon-list-item\">\n\t\t\t\t\t\t\t\t\t\t\t<span class=\"elementor-icon-list-icon\">\n\t\t\t\t\t\t\t<i aria-hidden=\"true\" class=\"fas fa-chevron-right\"><\/i>\t\t\t\t\t\t<\/span>\n\t\t\t\t\t\t\t\t\t\t<span class=\"elementor-icon-list-text\">Eine offene und zeitnahe Kommunikation zum Thema HSE mit allen Interessengruppen zu f\u00fchren;<\/span>\n\t\t\t\t\t\t\t\t\t<\/li>\n\t\t\t\t\t\t\t\t<li class=\"elementor-icon-list-item\">\n\t\t\t\t\t\t\t\t\t\t\t<span class=\"elementor-icon-list-icon\">\n\t\t\t\t\t\t\t<i aria-hidden=\"true\" class=\"fas fa-chevron-right\"><\/i>\t\t\t\t\t\t<\/span>\n\t\t\t\t\t\t\t\t\t\t<span class=\"elementor-icon-list-text\">Sicherzustellen, dass die f\u00fcr die Umsetzung dieser Richtlinie erforderlichen Ressourcen zur Verf\u00fcgung gestellt werden.<\/span>\n\t\t\t\t\t\t\t\t\t<\/li>\n\t\t\t\t\t\t<\/ul>\n\t\t\t\t\t\t<\/div>\n\t\t\t\t<\/div>\n\t\t\t\t<div class=\"elementor-element elementor-element-6f1a522 elementor-widget elementor-widget-text-editor\" data-id=\"6f1a522\" data-element_type=\"widget\" data-widget_type=\"text-editor.default\">\n\t\t\t\t<div class=\"elementor-widget-container\">\n\t\t\t\t\t\t\t\t\t<p>Das Bewusstsein f\u00fcr Gefahrensituationen\u00a0und Umweltschutz sowie die Unfallverh\u00fctung\u00a0bilden einen integralen Bestandteil aller unserer T\u00e4tigkeiten. Es bedarf der gemeinsamen Anstrengung und der kontinuierlichen Unterst\u00fctzung von allen, die bei Vermilion Energy t\u00e4tig sind, diese Grunds\u00e4tze zu verwirklichen. Die Arbeitssicherheit und der Schutz der Gesundheit und der Umwelt m\u00fcssen bei der Planung und Ausf\u00fchrung jeder einzelnen\u00a0T\u00e4tigkeit eine zentrale Rolle spielen. Alle, die f\u00fcr Vermilion Energy Arbeiten ausf\u00fchren, m\u00fcssen mit unseren Richtlinien in diesem Bereich vertraut sein und\u00a0sich zu ihrer Einhaltung verpflichten.<\/p>\t\t\t\t\t\t\t\t<\/div>\n\t\t\t\t<\/div>\n\t\t\t\t\t<\/div>\n\t\t<\/div>\n\t\t\t\t<div class=\"elementor-column elementor-col-50 elementor-top-column elementor-element elementor-element-2f37ad0\" data-id=\"2f37ad0\" data-element_type=\"column\">\n\t\t\t<div class=\"elementor-widget-wrap\">\n\t\t\t\t\t\t\t<\/div>\n\t\t<\/div>\n\t\t\t\t\t<\/div>\n\t\t<\/section>\n\t\t\t\t<\/div>\n\t\t","protected":false},"excerpt":{"rendered":"<p>Heim Seite Vermilion verpflichtet sich dazu sicherzustellen, dass wir alle unsere Aktivit\u00e4ten so betreiben, dass die Gesundheit und Sicherheit unserer Mitarbeiter, unserer Auftragnehmer sowie\u00a0der \u00d6ffentlichkeit\u00a0gew\u00e4hrleistet werden. Unser erkl\u00e4rtes Ziel ist es, Gesundheits-, Arbeits- und Umweltschutz vollst\u00e4ndig so\u00a0in unser Gesch\u00e4ftleben zu integrieren, dass unsere Sicherheitskultur innerhalb der Branche und von Interessengruppen als beispielhaft anerkannt wird, weil [&hellip;]<\/p>\n","protected":false},"author":3,"featured_media":0,"parent":0,"menu_order":16,"comment_status":"closed","ping_status":"closed","template":"","meta":{"footnotes":""},"class_list":["post-2139","page","type-page","status-publish","hentry"],"yoast_head":"<!-- This site is optimized with the Yoast SEO plugin v26.3 - https:\/\/yoast.com\/wordpress\/plugins\/seo\/ -->\n<title>Gesundheits-, Sicherheits- und Umweltschutz (HSE) - Vermilion Germany<\/title>\n<meta name=\"robots\" content=\"index, follow, max-snippet:-1, max-image-preview:large, max-video-preview:-1\" \/>\n<link rel=\"canonical\" href=\"https:\/\/www.vermilionenergy.com\/de\/gesundheits-sicherheits-und-umweltschutz-hse-richtlinien-initiativen\/\" \/>\n<meta property=\"og:locale\" content=\"de_DE\" \/>\n<meta property=\"og:type\" content=\"article\" \/>\n<meta property=\"og:title\" content=\"Gesundheits-, Sicherheits- und Umweltschutz (HSE) - Vermilion Germany\" \/>\n<meta property=\"og:description\" content=\"Heim Seite Vermilion verpflichtet sich dazu sicherzustellen, dass wir alle unsere Aktivit\u00e4ten so betreiben, dass die Gesundheit und Sicherheit unserer Mitarbeiter, unserer Auftragnehmer sowie\u00a0der \u00d6ffentlichkeit\u00a0gew\u00e4hrleistet werden. Unser erkl\u00e4rtes Ziel ist es, Gesundheits-, Arbeits- und Umweltschutz vollst\u00e4ndig so\u00a0in unser Gesch\u00e4ftleben zu integrieren, dass unsere Sicherheitskultur innerhalb der Branche und von Interessengruppen als beispielhaft anerkannt wird, weil [&hellip;]\" \/>\n<meta property=\"og:url\" content=\"https:\/\/www.vermilionenergy.com\/de\/gesundheits-sicherheits-und-umweltschutz-hse-richtlinien-initiativen\/\" \/>\n<meta property=\"og:site_name\" content=\"Vermilion Germany\" \/>\n<meta property=\"article:modified_time\" content=\"2023-12-18T17:26:43+00:00\" \/>\n<meta name=\"twitter:card\" content=\"summary_large_image\" \/>\n<meta name=\"twitter:label1\" content=\"Gesch\u00e4tzte Lesezeit\" \/>\n\t<meta name=\"twitter:data1\" content=\"2 Minuten\" \/>\n<script type=\"application\/ld+json\" class=\"yoast-schema-graph\">{\"@context\":\"https:\/\/schema.org\",\"@graph\":[{\"@type\":\"WebPage\",\"@id\":\"https:\/\/www.vermilionenergy.com\/de\/gesundheits-sicherheits-und-umweltschutz-hse-richtlinien-initiativen\/\",\"url\":\"https:\/\/www.vermilionenergy.com\/de\/gesundheits-sicherheits-und-umweltschutz-hse-richtlinien-initiativen\/\",\"name\":\"Gesundheits-, Sicherheits- und Umweltschutz (HSE) - Vermilion Germany\",\"isPartOf\":{\"@id\":\"https:\/\/www.vermilionenergy.com\/de\/#website\"},\"datePublished\":\"2022-09-07T16:43:40+00:00\",\"dateModified\":\"2023-12-18T17:26:43+00:00\",\"breadcrumb\":{\"@id\":\"https:\/\/www.vermilionenergy.com\/de\/gesundheits-sicherheits-und-umweltschutz-hse-richtlinien-initiativen\/#breadcrumb\"},\"inLanguage\":\"de-DE\",\"potentialAction\":[{\"@type\":\"ReadAction\",\"target\":[\"https:\/\/www.vermilionenergy.com\/de\/gesundheits-sicherheits-und-umweltschutz-hse-richtlinien-initiativen\/\"]}]},{\"@type\":\"BreadcrumbList\",\"@id\":\"https:\/\/www.vermilionenergy.com\/de\/gesundheits-sicherheits-und-umweltschutz-hse-richtlinien-initiativen\/#breadcrumb\",\"itemListElement\":[{\"@type\":\"ListItem\",\"position\":1,\"name\":\"Home\",\"item\":\"https:\/\/www.vermilionenergy.com\/de\/\"},{\"@type\":\"ListItem\",\"position\":2,\"name\":\"Gesundheits-, Sicherheits- und Umweltschutz (HSE)\"}]},{\"@type\":\"WebSite\",\"@id\":\"https:\/\/www.vermilionenergy.com\/de\/#website\",\"url\":\"https:\/\/www.vermilionenergy.com\/de\/\",\"name\":\"Vermilion Germany\",\"description\":\"Just another Vermilion Network site\",\"potentialAction\":[{\"@type\":\"SearchAction\",\"target\":{\"@type\":\"EntryPoint\",\"urlTemplate\":\"https:\/\/www.vermilionenergy.com\/de\/?s={search_term_string}\"},\"query-input\":{\"@type\":\"PropertyValueSpecification\",\"valueRequired\":true,\"valueName\":\"search_term_string\"}}],\"inLanguage\":\"de-DE\"}]}<\/script>\n<!-- \/ Yoast SEO plugin. -->","yoast_head_json":{"title":"Gesundheits-, Sicherheits- und Umweltschutz (HSE) - Vermilion Germany","robots":{"index":"index","follow":"follow","max-snippet":"max-snippet:-1","max-image-preview":"max-image-preview:large","max-video-preview":"max-video-preview:-1"},"canonical":"https:\/\/www.vermilionenergy.com\/de\/gesundheits-sicherheits-und-umweltschutz-hse-richtlinien-initiativen\/","og_locale":"de_DE","og_type":"article","og_title":"Gesundheits-, Sicherheits- und Umweltschutz (HSE) - Vermilion Germany","og_description":"Heim Seite Vermilion verpflichtet sich dazu sicherzustellen, dass wir alle unsere Aktivit\u00e4ten so betreiben, dass die Gesundheit und Sicherheit unserer Mitarbeiter, unserer Auftragnehmer sowie\u00a0der \u00d6ffentlichkeit\u00a0gew\u00e4hrleistet werden. Unser erkl\u00e4rtes Ziel ist es, Gesundheits-, Arbeits- und Umweltschutz vollst\u00e4ndig so\u00a0in unser Gesch\u00e4ftleben zu integrieren, dass unsere Sicherheitskultur innerhalb der Branche und von Interessengruppen als beispielhaft anerkannt wird, weil [&hellip;]","og_url":"https:\/\/www.vermilionenergy.com\/de\/gesundheits-sicherheits-und-umweltschutz-hse-richtlinien-initiativen\/","og_site_name":"Vermilion Germany","article_modified_time":"2023-12-18T17:26:43+00:00","twitter_card":"summary_large_image","twitter_misc":{"Gesch\u00e4tzte Lesezeit":"2 Minuten"},"schema":{"@context":"https:\/\/schema.org","@graph":[{"@type":"WebPage","@id":"https:\/\/www.vermilionenergy.com\/de\/gesundheits-sicherheits-und-umweltschutz-hse-richtlinien-initiativen\/","url":"https:\/\/www.vermilionenergy.com\/de\/gesundheits-sicherheits-und-umweltschutz-hse-richtlinien-initiativen\/","name":"Gesundheits-, Sicherheits- und Umweltschutz (HSE) - Vermilion Germany","isPartOf":{"@id":"https:\/\/www.vermilionenergy.com\/de\/#website"},"datePublished":"2022-09-07T16:43:40+00:00","dateModified":"2023-12-18T17:26:43+00:00","breadcrumb":{"@id":"https:\/\/www.vermilionenergy.com\/de\/gesundheits-sicherheits-und-umweltschutz-hse-richtlinien-initiativen\/#breadcrumb"},"inLanguage":"de-DE","potentialAction":[{"@type":"ReadAction","target":["https:\/\/www.vermilionenergy.com\/de\/gesundheits-sicherheits-und-umweltschutz-hse-richtlinien-initiativen\/"]}]},{"@type":"BreadcrumbList","@id":"https:\/\/www.vermilionenergy.com\/de\/gesundheits-sicherheits-und-umweltschutz-hse-richtlinien-initiativen\/#breadcrumb","itemListElement":[{"@type":"ListItem","position":1,"name":"Home","item":"https:\/\/www.vermilionenergy.com\/de\/"},{"@type":"ListItem","position":2,"name":"Gesundheits-, Sicherheits- und Umweltschutz (HSE)"}]},{"@type":"WebSite","@id":"https:\/\/www.vermilionenergy.com\/de\/#website","url":"https:\/\/www.vermilionenergy.com\/de\/","name":"Vermilion Germany","description":"Just another Vermilion Network site","potentialAction":[{"@type":"SearchAction","target":{"@type":"EntryPoint","urlTemplate":"https:\/\/www.vermilionenergy.com\/de\/?s={search_term_string}"},"query-input":{"@type":"PropertyValueSpecification","valueRequired":true,"valueName":"search_term_string"}}],"inLanguage":"de-DE"}]}},"_links":{"self":[{"href":"https:\/\/www.vermilionenergy.com\/de\/wp-json\/wp\/v2\/pages\/2139","targetHints":{"allow":["GET"]}}],"collection":[{"href":"https:\/\/www.vermilionenergy.com\/de\/wp-json\/wp\/v2\/pages"}],"about":[{"href":"https:\/\/www.vermilionenergy.com\/de\/wp-json\/wp\/v2\/types\/page"}],"author":[{"embeddable":true,"href":"https:\/\/www.vermilionenergy.com\/de\/wp-json\/wp\/v2\/users\/3"}],"replies":[{"embeddable":true,"href":"https:\/\/www.vermilionenergy.com\/de\/wp-json\/wp\/v2\/comments?post=2139"}],"version-history":[{"count":0,"href":"https:\/\/www.vermilionenergy.com\/de\/wp-json\/wp\/v2\/pages\/2139\/revisions"}],"wp:attachment":[{"href":"https:\/\/www.vermilionenergy.com\/de\/wp-json\/wp\/v2\/media?parent=2139"}],"curies":[{"name":"wp","href":"https:\/\/api.w.org\/{rel}","templated":true}]}}