{"id":7738,"date":"2023-11-24T15:46:48","date_gmt":"2023-11-24T15:46:48","guid":{"rendered":"https:\/\/www.vermilionenergy.com\/de\/?page_id=7738"},"modified":"2024-01-15T18:13:05","modified_gmt":"2024-01-15T18:13:05","slug":"b-hoever","status":"publish","type":"page","link":"https:\/\/www.vermilionenergy.com\/de\/heimische-produktion\/b-hoever\/","title":{"rendered":"H\u00f6ver"},"content":{"rendered":"\t\t<div data-elementor-type=\"wp-page\" data-elementor-id=\"7738\" class=\"elementor elementor-7738\" data-elementor-post-type=\"page\">\n\t\t\t\t\t\t<section class=\"elementor-section elementor-top-section elementor-element elementor-element-d3f8d45 elementor-section-height-min-height elementor-section-items-bottom elementor-section-boxed elementor-section-height-default\" data-id=\"d3f8d45\" data-element_type=\"section\" data-settings=\"{&quot;background_background&quot;:&quot;classic&quot;,&quot;jet_parallax_layout_list&quot;:[]}\">\n\t\t\t\t\t\t\t<div class=\"elementor-background-overlay\"><\/div>\n\t\t\t\t\t\t\t<div class=\"elementor-container elementor-column-gap-default\">\n\t\t\t\t\t<div class=\"elementor-column elementor-col-100 elementor-top-column elementor-element elementor-element-4d5f78ec\" data-id=\"4d5f78ec\" data-element_type=\"column\">\n\t\t\t<div class=\"elementor-widget-wrap elementor-element-populated\">\n\t\t\t\t\t\t<div class=\"elementor-element elementor-element-37017db3 text-left elementor-widget elementor-widget-tp-breadcrumbs-bar\" data-id=\"37017db3\" data-element_type=\"widget\" data-widget_type=\"tp-breadcrumbs-bar.default\">\n\t\t\t\t<div class=\"elementor-widget-container\">\n\t\t\t\t\t<div id=\"bread69f522c7ba890\" class=\"pt_plus_breadcrumbs_bar \"  \"><div class=\"pt_plus_breadcrumbs_bar_inner bred_style_1\"><nav id=\"breadcrumbs\"><span class=\"bc_home\"><a class=\"home_bread_tab\" href=\"https:\/\/www.vermilionenergy.com\/de\/\"><i class=\" fa fa-home bread-home-icon\" ><\/i>Heim<i class=\" fa fa-chevron-right bread-sep-icon\" ><\/i><\/a><\/span> <span class=\"del\"><\/span> <span class=\"current\"><div class=\"current_tab_sec\">Seite<\/div><\/span><\/nav><\/div><\/div>\t\t\t\t<\/div>\n\t\t\t\t<\/div>\n\t\t\t\t<div class=\"elementor-element elementor-element-fae3a8f elementor-widget elementor-widget-heading\" data-id=\"fae3a8f\" data-element_type=\"widget\" data-widget_type=\"heading.default\">\n\t\t\t\t<div class=\"elementor-widget-container\">\n\t\t\t\t\t<h1 class=\"elementor-heading-title elementor-size-default\">H\u00f6ver<\/h1>\t\t\t\t<\/div>\n\t\t\t\t<\/div>\n\t\t\t\t\t<\/div>\n\t\t<\/div>\n\t\t\t\t\t<\/div>\n\t\t<\/section>\n\t\t\t\t<section class=\"elementor-section elementor-top-section elementor-element elementor-element-1d69aa2 elementor-section-boxed elementor-section-height-default elementor-section-height-default\" data-id=\"1d69aa2\" data-element_type=\"section\" data-settings=\"{&quot;jet_parallax_layout_list&quot;:[]}\">\n\t\t\t\t\t\t<div class=\"elementor-container elementor-column-gap-default\">\n\t\t\t\t\t<div class=\"elementor-column elementor-col-100 elementor-top-column elementor-element elementor-element-4c657d8\" data-id=\"4c657d8\" data-element_type=\"column\">\n\t\t\t<div class=\"elementor-widget-wrap elementor-element-populated\">\n\t\t\t\t\t\t<div class=\"elementor-element elementor-element-171753f elementor-widget elementor-widget-spacer\" data-id=\"171753f\" data-element_type=\"widget\" data-widget_type=\"spacer.default\">\n\t\t\t\t<div class=\"elementor-widget-container\">\n\t\t\t\t\t\t\t<div class=\"elementor-spacer\">\n\t\t\t<div class=\"elementor-spacer-inner\"><\/div>\n\t\t<\/div>\n\t\t\t\t\t\t<\/div>\n\t\t\t\t<\/div>\n\t\t\t\t<section class=\"elementor-section elementor-inner-section elementor-element elementor-element-abee251 elementor-section-boxed elementor-section-height-default elementor-section-height-default\" data-id=\"abee251\" data-element_type=\"section\" data-settings=\"{&quot;jet_parallax_layout_list&quot;:[]}\">\n\t\t\t\t\t\t<div class=\"elementor-container elementor-column-gap-default\">\n\t\t\t\t\t<div class=\"elementor-column elementor-col-50 elementor-inner-column elementor-element elementor-element-b6ed033\" data-id=\"b6ed033\" data-element_type=\"column\">\n\t\t\t<div class=\"elementor-widget-wrap elementor-element-populated\">\n\t\t\t\t\t\t<div class=\"elementor-element elementor-element-d76d0f5 elementor-widget elementor-widget-text-editor\" data-id=\"d76d0f5\" data-element_type=\"widget\" data-widget_type=\"text-editor.default\">\n\t\t\t\t<div class=\"elementor-widget-container\">\n\t\t\t\t\t\t\t\t\t<p>Aus dem Erd\u00f6lfeld H\u00f6ver wird seit 1957 Erd\u00f6l gef\u00f6rdert. Die F\u00f6rderung von Erd\u00f6l wie auch von anderen Bodensch\u00e4tzen wie Salz, Torf oder Kalkmergel zur Zementherstellung genie\u00dft in der Region \u00f6stlich der Landeshauptstadt Hannover eine gro\u00dfe Tradition. Bis in die 1990er Jahre wurde neben dem Erd\u00f6lfeld H\u00f6ver auch aus den benachbarten Teillagerst\u00e4tten Kronsberg-Pattensen und Lehrte Erd\u00f6l produziert.<\/p>\n<p>Das Erd\u00f6l im Feld H\u00f6ver hat sich in einer stratigraphischen Falle in por\u00f6sen tonigen Sandsteinen des Dogger epsilon (mittlerer Jura) in einer Tiefe 575 bis 650 m angesammelt.<\/p>\n<p>\u00dcber eine Einpressbohrung wird der abgetrennte Wasseranteil (ca. 98%) wieder in den Lagerst\u00e4ttenhorizont zur\u00fcckgef\u00fchrt.<\/p>\n<p>Gleich nebenan ist im Misburger Hafen der Sammelpunkt f\u00fcr das in der gesamten Region gef\u00f6rderte Erd\u00f6l. Von Misburg aus wird das Erd\u00f6l zur Raffinerie in Lingen transportiert und dort f\u00fcr den weiteren heimischen Verbrauch aufbereitet. Es werden zum gr\u00f6\u00dften Teil Kraftstoffe daraus gewonnen.<\/p>\t\t\t\t\t\t\t\t<\/div>\n\t\t\t\t<\/div>\n\t\t\t\t\t<\/div>\n\t\t<\/div>\n\t\t\t\t<div class=\"elementor-column elementor-col-50 elementor-inner-column elementor-element elementor-element-2e2b36d\" data-id=\"2e2b36d\" data-element_type=\"column\">\n\t\t\t<div class=\"elementor-widget-wrap elementor-element-populated\">\n\t\t\t\t\t\t<div class=\"elementor-element elementor-element-0ae1276 elementor-nav-menu--dropdown-tablet elementor-nav-menu__text-align-aside elementor-nav-menu--toggle elementor-nav-menu--burger elementor-widget elementor-widget-nav-menu\" data-id=\"0ae1276\" data-element_type=\"widget\" data-settings=\"{&quot;layout&quot;:&quot;vertical&quot;,&quot;submenu_icon&quot;:{&quot;value&quot;:&quot;&lt;i class=\\&quot;fas fa-caret-down\\&quot; aria-hidden=\\&quot;true\\&quot;&gt;&lt;\\\/i&gt;&quot;,&quot;library&quot;:&quot;fa-solid&quot;},&quot;toggle&quot;:&quot;burger&quot;}\" data-widget_type=\"nav-menu.default\">\n\t\t\t\t<div class=\"elementor-widget-container\">\n\t\t\t\t\t\t\t\t<nav aria-label=\"Men\u00fc\" class=\"elementor-nav-menu--main elementor-nav-menu__container elementor-nav-menu--layout-vertical e--pointer-none\">\n\t\t\t\t<ul id=\"menu-1-0ae1276\" class=\"elementor-nav-menu sm-vertical\"><li class=\"menu-item menu-item-type-post_type menu-item-object-page menu-item-has-children menu-item-10496\"><a href=\"https:\/\/www.vermilionenergy.com\/de\/heimische-produktion\/\" class=\"elementor-item\">Standorte<\/a>\n<ul class=\"sub-menu elementor-nav-menu--dropdown\">\n\t<li class=\"menu-item menu-item-type-post_type menu-item-object-page menu-item-10500\"><a href=\"https:\/\/www.vermilionenergy.com\/de\/heimische-produktion\/b-schoenewoerde\/\" class=\"elementor-sub-item\">Sch\u00f6new\u00f6rde<\/a><\/li>\n\t<li class=\"menu-item menu-item-type-post_type menu-item-object-page menu-item-10501\"><a href=\"https:\/\/www.vermilionenergy.com\/de\/heimische-produktion\/b-hankensbuettel\/\" class=\"elementor-sub-item\">Hankensb\u00fcttel<\/a><\/li>\n\t<li class=\"menu-item menu-item-type-post_type menu-item-object-page menu-item-10502\"><a href=\"https:\/\/www.vermilionenergy.com\/de\/heimische-produktion\/b-edemissen\/\" class=\"elementor-sub-item\">Edemissen<\/a><\/li>\n\t<li class=\"menu-item menu-item-type-post_type menu-item-object-page menu-item-10503\"><a href=\"https:\/\/www.vermilionenergy.com\/de\/heimische-produktion\/b-hoever\/\" class=\"elementor-sub-item\">H\u00f6ver<\/a><\/li>\n\t<li class=\"menu-item menu-item-type-post_type menu-item-object-page menu-item-10504\"><a href=\"https:\/\/www.vermilionenergy.com\/de\/heimische-produktion\/b-heimische-produktion\/\" class=\"elementor-sub-item\">Bergen<\/a><\/li>\n\t<li class=\"menu-item menu-item-type-post_type menu-item-object-page menu-item-10505\"><a href=\"https:\/\/www.vermilionenergy.com\/de\/heimische-produktion\/b-emden\/\" class=\"elementor-sub-item\">Emden<\/a><\/li>\n\t<li class=\"menu-item menu-item-type-post_type menu-item-object-page menu-item-10506\"><a href=\"https:\/\/www.vermilionenergy.com\/de\/heimische-produktion\/b-leer\/\" class=\"elementor-sub-item\">Leer<\/a><\/li>\n<\/ul>\n<\/li>\n<li class=\"menu-item menu-item-type-post_type menu-item-object-page menu-item-10498\"><a href=\"https:\/\/www.vermilionenergy.com\/de\/lizenzen\/\" class=\"elementor-item\">Lizenzen<\/a><\/li>\n<li class=\"menu-item menu-item-type-post_type menu-item-object-page menu-item-10497\"><a href=\"https:\/\/www.vermilionenergy.com\/de\/sichere-produktion\/\" class=\"elementor-item\">Sichere Produktion<\/a><\/li>\n<\/ul>\t\t\t<\/nav>\n\t\t\t\t\t<div class=\"elementor-menu-toggle\" role=\"button\" tabindex=\"0\" aria-label=\"Men\u00fc Umschalter\" aria-expanded=\"false\">\n\t\t\t<i aria-hidden=\"true\" role=\"presentation\" class=\"elementor-menu-toggle__icon--open eicon-menu-bar\"><\/i><i aria-hidden=\"true\" role=\"presentation\" class=\"elementor-menu-toggle__icon--close eicon-close\"><\/i>\t\t<\/div>\n\t\t\t\t\t<nav class=\"elementor-nav-menu--dropdown elementor-nav-menu__container\" aria-hidden=\"true\">\n\t\t\t\t<ul id=\"menu-2-0ae1276\" class=\"elementor-nav-menu sm-vertical\"><li class=\"menu-item menu-item-type-post_type menu-item-object-page menu-item-has-children menu-item-10496\"><a href=\"https:\/\/www.vermilionenergy.com\/de\/heimische-produktion\/\" class=\"elementor-item\" tabindex=\"-1\">Standorte<\/a>\n<ul class=\"sub-menu elementor-nav-menu--dropdown\">\n\t<li class=\"menu-item menu-item-type-post_type menu-item-object-page menu-item-10500\"><a href=\"https:\/\/www.vermilionenergy.com\/de\/heimische-produktion\/b-schoenewoerde\/\" class=\"elementor-sub-item\" tabindex=\"-1\">Sch\u00f6new\u00f6rde<\/a><\/li>\n\t<li class=\"menu-item menu-item-type-post_type menu-item-object-page menu-item-10501\"><a href=\"https:\/\/www.vermilionenergy.com\/de\/heimische-produktion\/b-hankensbuettel\/\" class=\"elementor-sub-item\" tabindex=\"-1\">Hankensb\u00fcttel<\/a><\/li>\n\t<li class=\"menu-item menu-item-type-post_type menu-item-object-page menu-item-10502\"><a href=\"https:\/\/www.vermilionenergy.com\/de\/heimische-produktion\/b-edemissen\/\" class=\"elementor-sub-item\" tabindex=\"-1\">Edemissen<\/a><\/li>\n\t<li class=\"menu-item menu-item-type-post_type menu-item-object-page menu-item-10503\"><a href=\"https:\/\/www.vermilionenergy.com\/de\/heimische-produktion\/b-hoever\/\" class=\"elementor-sub-item\" tabindex=\"-1\">H\u00f6ver<\/a><\/li>\n\t<li class=\"menu-item menu-item-type-post_type menu-item-object-page menu-item-10504\"><a href=\"https:\/\/www.vermilionenergy.com\/de\/heimische-produktion\/b-heimische-produktion\/\" class=\"elementor-sub-item\" tabindex=\"-1\">Bergen<\/a><\/li>\n\t<li class=\"menu-item menu-item-type-post_type menu-item-object-page menu-item-10505\"><a href=\"https:\/\/www.vermilionenergy.com\/de\/heimische-produktion\/b-emden\/\" class=\"elementor-sub-item\" tabindex=\"-1\">Emden<\/a><\/li>\n\t<li class=\"menu-item menu-item-type-post_type menu-item-object-page menu-item-10506\"><a href=\"https:\/\/www.vermilionenergy.com\/de\/heimische-produktion\/b-leer\/\" class=\"elementor-sub-item\" tabindex=\"-1\">Leer<\/a><\/li>\n<\/ul>\n<\/li>\n<li class=\"menu-item menu-item-type-post_type menu-item-object-page menu-item-10498\"><a href=\"https:\/\/www.vermilionenergy.com\/de\/lizenzen\/\" class=\"elementor-item\" tabindex=\"-1\">Lizenzen<\/a><\/li>\n<li class=\"menu-item menu-item-type-post_type menu-item-object-page menu-item-10497\"><a href=\"https:\/\/www.vermilionenergy.com\/de\/sichere-produktion\/\" class=\"elementor-item\" tabindex=\"-1\">Sichere Produktion<\/a><\/li>\n<\/ul>\t\t\t<\/nav>\n\t\t\t\t\t\t<\/div>\n\t\t\t\t<\/div>\n\t\t\t\t<div class=\"elementor-element elementor-element-542c4cf elementor-widget elementor-widget-image\" data-id=\"542c4cf\" data-element_type=\"widget\" data-widget_type=\"image.default\">\n\t\t\t\t<div class=\"elementor-widget-container\">\n\t\t\t\t\t\t\t\t\t\t\t\t\t\t\t<img fetchpriority=\"high\" decoding=\"async\" width=\"700\" height=\"700\" src=\"https:\/\/www.vermilionenergy.com\/de\/wp-content\/uploads\/sites\/9\/2023\/11\/20231123_153508-700x700.jpg\" class=\"attachment-tp-image-grid size-tp-image-grid wp-image-7774\" alt=\"\" srcset=\"https:\/\/www.vermilionenergy.com\/de\/wp-content\/uploads\/sites\/9\/2023\/11\/20231123_153508-700x700.jpg 700w, https:\/\/www.vermilionenergy.com\/de\/wp-content\/uploads\/sites\/9\/2023\/11\/20231123_153508-150x150.jpg 150w\" sizes=\"(max-width: 700px) 100vw, 700px\" \/>\t\t\t\t\t\t\t\t\t\t\t\t\t\t\t<\/div>\n\t\t\t\t<\/div>\n\t\t\t\t\t<\/div>\n\t\t<\/div>\n\t\t\t\t\t<\/div>\n\t\t<\/section>\n\t\t\t\t<div class=\"elementor-element elementor-element-337839b elementor-widget elementor-widget-spacer\" data-id=\"337839b\" data-element_type=\"widget\" data-widget_type=\"spacer.default\">\n\t\t\t\t<div class=\"elementor-widget-container\">\n\t\t\t\t\t\t\t<div class=\"elementor-spacer\">\n\t\t\t<div class=\"elementor-spacer-inner\"><\/div>\n\t\t<\/div>\n\t\t\t\t\t\t<\/div>\n\t\t\t\t<\/div>\n\t\t\t\t<div class=\"elementor-element elementor-element-5b145dc elementor-widget elementor-widget-spacer\" data-id=\"5b145dc\" data-element_type=\"widget\" data-widget_type=\"spacer.default\">\n\t\t\t\t<div class=\"elementor-widget-container\">\n\t\t\t\t\t\t\t<div class=\"elementor-spacer\">\n\t\t\t<div class=\"elementor-spacer-inner\"><\/div>\n\t\t<\/div>\n\t\t\t\t\t\t<\/div>\n\t\t\t\t<\/div>\n\t\t\t\t\t<\/div>\n\t\t<\/div>\n\t\t\t\t\t<\/div>\n\t\t<\/section>\n\t\t\t\t<\/div>\n\t\t","protected":false},"excerpt":{"rendered":"<p>Heim Seite Aus dem Erd\u00f6lfeld H\u00f6ver wird seit 1957 Erd\u00f6l gef\u00f6rdert. Die F\u00f6rderung von Erd\u00f6l wie auch von anderen Bodensch\u00e4tzen wie Salz, Torf oder Kalkmergel zur Zementherstellung genie\u00dft in der Region \u00f6stlich der Landeshauptstadt Hannover eine gro\u00dfe Tradition. Bis in die 1990er Jahre wurde neben dem Erd\u00f6lfeld H\u00f6ver auch aus den benachbarten Teillagerst\u00e4tten Kronsberg-Pattensen und [&hellip;]<\/p>\n","protected":false},"author":15,"featured_media":0,"parent":4724,"menu_order":3,"comment_status":"closed","ping_status":"closed","template":"","meta":{"footnotes":""},"class_list":["post-7738","page","type-page","status-publish","hentry"],"yoast_head":"<!-- This site is optimized with the Yoast SEO plugin v26.3 - https:\/\/yoast.com\/wordpress\/plugins\/seo\/ -->\n<title>H\u00f6ver - Vermilion Germany<\/title>\n<meta name=\"robots\" content=\"index, follow, max-snippet:-1, max-image-preview:large, max-video-preview:-1\" \/>\n<link rel=\"canonical\" href=\"https:\/\/www.vermilionenergy.com\/de\/heimische-produktion\/b-hoever\/\" \/>\n<meta property=\"og:locale\" content=\"de_DE\" \/>\n<meta property=\"og:type\" content=\"article\" \/>\n<meta property=\"og:title\" content=\"H\u00f6ver - Vermilion Germany\" \/>\n<meta property=\"og:description\" content=\"Heim Seite Aus dem Erd\u00f6lfeld H\u00f6ver wird seit 1957 Erd\u00f6l gef\u00f6rdert. Die F\u00f6rderung von Erd\u00f6l wie auch von anderen Bodensch\u00e4tzen wie Salz, Torf oder Kalkmergel zur Zementherstellung genie\u00dft in der Region \u00f6stlich der Landeshauptstadt Hannover eine gro\u00dfe Tradition. Bis in die 1990er Jahre wurde neben dem Erd\u00f6lfeld H\u00f6ver auch aus den benachbarten Teillagerst\u00e4tten Kronsberg-Pattensen und [&hellip;]\" \/>\n<meta property=\"og:url\" content=\"https:\/\/www.vermilionenergy.com\/de\/heimische-produktion\/b-hoever\/\" \/>\n<meta property=\"og:site_name\" content=\"Vermilion Germany\" \/>\n<meta property=\"article:modified_time\" content=\"2024-01-15T18:13:05+00:00\" \/>\n<meta property=\"og:image\" content=\"https:\/\/www.vermilionenergy.com\/de\/wp-content\/uploads\/sites\/9\/2023\/11\/20231123_153508-700x700.jpg\" \/>\n<meta name=\"twitter:card\" content=\"summary_large_image\" \/>\n<meta name=\"twitter:label1\" content=\"Gesch\u00e4tzte Lesezeit\" \/>\n\t<meta name=\"twitter:data1\" content=\"2 Minuten\" \/>\n<script type=\"application\/ld+json\" class=\"yoast-schema-graph\">{\"@context\":\"https:\/\/schema.org\",\"@graph\":[{\"@type\":\"WebPage\",\"@id\":\"https:\/\/www.vermilionenergy.com\/de\/heimische-produktion\/b-hoever\/\",\"url\":\"https:\/\/www.vermilionenergy.com\/de\/heimische-produktion\/b-hoever\/\",\"name\":\"H\u00f6ver - Vermilion Germany\",\"isPartOf\":{\"@id\":\"https:\/\/www.vermilionenergy.com\/de\/#website\"},\"primaryImageOfPage\":{\"@id\":\"https:\/\/www.vermilionenergy.com\/de\/heimische-produktion\/b-hoever\/#primaryimage\"},\"image\":{\"@id\":\"https:\/\/www.vermilionenergy.com\/de\/heimische-produktion\/b-hoever\/#primaryimage\"},\"thumbnailUrl\":\"https:\/\/www.vermilionenergy.com\/de\/wp-content\/uploads\/sites\/9\/2023\/11\/20231123_153508-700x700.jpg\",\"datePublished\":\"2023-11-24T15:46:48+00:00\",\"dateModified\":\"2024-01-15T18:13:05+00:00\",\"breadcrumb\":{\"@id\":\"https:\/\/www.vermilionenergy.com\/de\/heimische-produktion\/b-hoever\/#breadcrumb\"},\"inLanguage\":\"de-DE\",\"potentialAction\":[{\"@type\":\"ReadAction\",\"target\":[\"https:\/\/www.vermilionenergy.com\/de\/heimische-produktion\/b-hoever\/\"]}]},{\"@type\":\"ImageObject\",\"inLanguage\":\"de-DE\",\"@id\":\"https:\/\/www.vermilionenergy.com\/de\/heimische-produktion\/b-hoever\/#primaryimage\",\"url\":\"https:\/\/www.vermilionenergy.com\/de\/wp-content\/uploads\/sites\/9\/2023\/11\/20231123_153508-scaled.jpg\",\"contentUrl\":\"https:\/\/www.vermilionenergy.com\/de\/wp-content\/uploads\/sites\/9\/2023\/11\/20231123_153508-scaled.jpg\",\"width\":2560,\"height\":1920},{\"@type\":\"BreadcrumbList\",\"@id\":\"https:\/\/www.vermilionenergy.com\/de\/heimische-produktion\/b-hoever\/#breadcrumb\",\"itemListElement\":[{\"@type\":\"ListItem\",\"position\":1,\"name\":\"Home\",\"item\":\"https:\/\/www.vermilionenergy.com\/de\/\"},{\"@type\":\"ListItem\",\"position\":2,\"name\":\"heimische Produktion\",\"item\":\"https:\/\/www.vermilionenergy.com\/de\/heimische-produktion\/\"},{\"@type\":\"ListItem\",\"position\":3,\"name\":\"H\u00f6ver\"}]},{\"@type\":\"WebSite\",\"@id\":\"https:\/\/www.vermilionenergy.com\/de\/#website\",\"url\":\"https:\/\/www.vermilionenergy.com\/de\/\",\"name\":\"Vermilion Germany\",\"description\":\"Just another Vermilion Network site\",\"potentialAction\":[{\"@type\":\"SearchAction\",\"target\":{\"@type\":\"EntryPoint\",\"urlTemplate\":\"https:\/\/www.vermilionenergy.com\/de\/?s={search_term_string}\"},\"query-input\":{\"@type\":\"PropertyValueSpecification\",\"valueRequired\":true,\"valueName\":\"search_term_string\"}}],\"inLanguage\":\"de-DE\"}]}<\/script>\n<!-- \/ Yoast SEO plugin. -->","yoast_head_json":{"title":"H\u00f6ver - Vermilion Germany","robots":{"index":"index","follow":"follow","max-snippet":"max-snippet:-1","max-image-preview":"max-image-preview:large","max-video-preview":"max-video-preview:-1"},"canonical":"https:\/\/www.vermilionenergy.com\/de\/heimische-produktion\/b-hoever\/","og_locale":"de_DE","og_type":"article","og_title":"H\u00f6ver - Vermilion Germany","og_description":"Heim Seite Aus dem Erd\u00f6lfeld H\u00f6ver wird seit 1957 Erd\u00f6l gef\u00f6rdert. Die F\u00f6rderung von Erd\u00f6l wie auch von anderen Bodensch\u00e4tzen wie Salz, Torf oder Kalkmergel zur Zementherstellung genie\u00dft in der Region \u00f6stlich der Landeshauptstadt Hannover eine gro\u00dfe Tradition. Bis in die 1990er Jahre wurde neben dem Erd\u00f6lfeld H\u00f6ver auch aus den benachbarten Teillagerst\u00e4tten Kronsberg-Pattensen und [&hellip;]","og_url":"https:\/\/www.vermilionenergy.com\/de\/heimische-produktion\/b-hoever\/","og_site_name":"Vermilion Germany","article_modified_time":"2024-01-15T18:13:05+00:00","og_image":[{"url":"https:\/\/www.vermilionenergy.com\/de\/wp-content\/uploads\/sites\/9\/2023\/11\/20231123_153508-700x700.jpg","type":"","width":"","height":""}],"twitter_card":"summary_large_image","twitter_misc":{"Gesch\u00e4tzte Lesezeit":"2 Minuten"},"schema":{"@context":"https:\/\/schema.org","@graph":[{"@type":"WebPage","@id":"https:\/\/www.vermilionenergy.com\/de\/heimische-produktion\/b-hoever\/","url":"https:\/\/www.vermilionenergy.com\/de\/heimische-produktion\/b-hoever\/","name":"H\u00f6ver - Vermilion Germany","isPartOf":{"@id":"https:\/\/www.vermilionenergy.com\/de\/#website"},"primaryImageOfPage":{"@id":"https:\/\/www.vermilionenergy.com\/de\/heimische-produktion\/b-hoever\/#primaryimage"},"image":{"@id":"https:\/\/www.vermilionenergy.com\/de\/heimische-produktion\/b-hoever\/#primaryimage"},"thumbnailUrl":"https:\/\/www.vermilionenergy.com\/de\/wp-content\/uploads\/sites\/9\/2023\/11\/20231123_153508-700x700.jpg","datePublished":"2023-11-24T15:46:48+00:00","dateModified":"2024-01-15T18:13:05+00:00","breadcrumb":{"@id":"https:\/\/www.vermilionenergy.com\/de\/heimische-produktion\/b-hoever\/#breadcrumb"},"inLanguage":"de-DE","potentialAction":[{"@type":"ReadAction","target":["https:\/\/www.vermilionenergy.com\/de\/heimische-produktion\/b-hoever\/"]}]},{"@type":"ImageObject","inLanguage":"de-DE","@id":"https:\/\/www.vermilionenergy.com\/de\/heimische-produktion\/b-hoever\/#primaryimage","url":"https:\/\/www.vermilionenergy.com\/de\/wp-content\/uploads\/sites\/9\/2023\/11\/20231123_153508-scaled.jpg","contentUrl":"https:\/\/www.vermilionenergy.com\/de\/wp-content\/uploads\/sites\/9\/2023\/11\/20231123_153508-scaled.jpg","width":2560,"height":1920},{"@type":"BreadcrumbList","@id":"https:\/\/www.vermilionenergy.com\/de\/heimische-produktion\/b-hoever\/#breadcrumb","itemListElement":[{"@type":"ListItem","position":1,"name":"Home","item":"https:\/\/www.vermilionenergy.com\/de\/"},{"@type":"ListItem","position":2,"name":"heimische Produktion","item":"https:\/\/www.vermilionenergy.com\/de\/heimische-produktion\/"},{"@type":"ListItem","position":3,"name":"H\u00f6ver"}]},{"@type":"WebSite","@id":"https:\/\/www.vermilionenergy.com\/de\/#website","url":"https:\/\/www.vermilionenergy.com\/de\/","name":"Vermilion Germany","description":"Just another Vermilion Network site","potentialAction":[{"@type":"SearchAction","target":{"@type":"EntryPoint","urlTemplate":"https:\/\/www.vermilionenergy.com\/de\/?s={search_term_string}"},"query-input":{"@type":"PropertyValueSpecification","valueRequired":true,"valueName":"search_term_string"}}],"inLanguage":"de-DE"}]}},"_links":{"self":[{"href":"https:\/\/www.vermilionenergy.com\/de\/wp-json\/wp\/v2\/pages\/7738","targetHints":{"allow":["GET"]}}],"collection":[{"href":"https:\/\/www.vermilionenergy.com\/de\/wp-json\/wp\/v2\/pages"}],"about":[{"href":"https:\/\/www.vermilionenergy.com\/de\/wp-json\/wp\/v2\/types\/page"}],"author":[{"embeddable":true,"href":"https:\/\/www.vermilionenergy.com\/de\/wp-json\/wp\/v2\/users\/15"}],"replies":[{"embeddable":true,"href":"https:\/\/www.vermilionenergy.com\/de\/wp-json\/wp\/v2\/comments?post=7738"}],"version-history":[{"count":0,"href":"https:\/\/www.vermilionenergy.com\/de\/wp-json\/wp\/v2\/pages\/7738\/revisions"}],"up":[{"embeddable":true,"href":"https:\/\/www.vermilionenergy.com\/de\/wp-json\/wp\/v2\/pages\/4724"}],"wp:attachment":[{"href":"https:\/\/www.vermilionenergy.com\/de\/wp-json\/wp\/v2\/media?parent=7738"}],"curies":[{"name":"wp","href":"https:\/\/api.w.org\/{rel}","templated":true}]}}