{"id":8424,"date":"2023-12-17T13:59:47","date_gmt":"2023-12-17T13:59:47","guid":{"rendered":"https:\/\/www.vermilionenergy.com\/de\/?page_id=8424"},"modified":"2024-07-26T14:01:57","modified_gmt":"2024-07-26T14:01:57","slug":"b-hankensbuettel","status":"publish","type":"page","link":"https:\/\/www.vermilionenergy.com\/de\/heimische-produktion\/b-hankensbuettel\/","title":{"rendered":"Hankensb\u00fcttel"},"content":{"rendered":"\t\t<div data-elementor-type=\"wp-page\" data-elementor-id=\"8424\" class=\"elementor elementor-8424\" data-elementor-post-type=\"page\">\n\t\t\t\t\t\t<section class=\"elementor-section elementor-top-section elementor-element elementor-element-d3f8d45 elementor-section-height-min-height elementor-section-items-bottom elementor-section-boxed elementor-section-height-default\" data-id=\"d3f8d45\" data-element_type=\"section\" data-settings=\"{&quot;background_background&quot;:&quot;classic&quot;,&quot;jet_parallax_layout_list&quot;:[]}\">\n\t\t\t\t\t\t\t<div class=\"elementor-background-overlay\"><\/div>\n\t\t\t\t\t\t\t<div class=\"elementor-container elementor-column-gap-default\">\n\t\t\t\t\t<div class=\"elementor-column elementor-col-100 elementor-top-column elementor-element elementor-element-4d5f78ec\" data-id=\"4d5f78ec\" data-element_type=\"column\">\n\t\t\t<div class=\"elementor-widget-wrap elementor-element-populated\">\n\t\t\t\t\t\t<div class=\"elementor-element elementor-element-37017db3 text-left elementor-widget elementor-widget-tp-breadcrumbs-bar\" data-id=\"37017db3\" data-element_type=\"widget\" data-widget_type=\"tp-breadcrumbs-bar.default\">\n\t\t\t\t<div class=\"elementor-widget-container\">\n\t\t\t\t\t<div id=\"bread69e5cc937f68e\" class=\"pt_plus_breadcrumbs_bar \"  \"><div class=\"pt_plus_breadcrumbs_bar_inner bred_style_1\"><nav id=\"breadcrumbs\"><span class=\"bc_home\"><a class=\"home_bread_tab\" href=\"https:\/\/www.vermilionenergy.com\/de\/\"><i class=\" fa fa-home bread-home-icon\" ><\/i>Heim<i class=\" fa fa-chevron-right bread-sep-icon\" ><\/i><\/a><\/span> <span class=\"del\"><\/span> <span class=\"current\"><div class=\"current_tab_sec\">Seite<\/div><\/span><\/nav><\/div><\/div>\t\t\t\t<\/div>\n\t\t\t\t<\/div>\n\t\t\t\t<div class=\"elementor-element elementor-element-fae3a8f elementor-widget__width-initial elementor-widget elementor-widget-heading\" data-id=\"fae3a8f\" data-element_type=\"widget\" data-widget_type=\"heading.default\">\n\t\t\t\t<div class=\"elementor-widget-container\">\n\t\t\t\t\t<h1 class=\"elementor-heading-title elementor-size-default\">Hankensb\u00fcttel<\/h1>\t\t\t\t<\/div>\n\t\t\t\t<\/div>\n\t\t\t\t\t<\/div>\n\t\t<\/div>\n\t\t\t\t\t<\/div>\n\t\t<\/section>\n\t\t\t\t<section class=\"elementor-section elementor-top-section elementor-element elementor-element-1d69aa2 elementor-section-boxed elementor-section-height-default elementor-section-height-default\" data-id=\"1d69aa2\" data-element_type=\"section\" data-settings=\"{&quot;jet_parallax_layout_list&quot;:[]}\">\n\t\t\t\t\t\t<div class=\"elementor-container elementor-column-gap-default\">\n\t\t\t\t\t<div class=\"elementor-column elementor-col-100 elementor-top-column elementor-element elementor-element-4c657d8\" data-id=\"4c657d8\" data-element_type=\"column\">\n\t\t\t<div class=\"elementor-widget-wrap elementor-element-populated\">\n\t\t\t\t\t\t<div class=\"elementor-element elementor-element-171753f elementor-widget elementor-widget-spacer\" data-id=\"171753f\" data-element_type=\"widget\" data-widget_type=\"spacer.default\">\n\t\t\t\t<div class=\"elementor-widget-container\">\n\t\t\t\t\t\t\t<div class=\"elementor-spacer\">\n\t\t\t<div class=\"elementor-spacer-inner\"><\/div>\n\t\t<\/div>\n\t\t\t\t\t\t<\/div>\n\t\t\t\t<\/div>\n\t\t\t\t<section class=\"elementor-section elementor-inner-section elementor-element elementor-element-abee251 elementor-section-boxed elementor-section-height-default elementor-section-height-default\" data-id=\"abee251\" data-element_type=\"section\" data-settings=\"{&quot;jet_parallax_layout_list&quot;:[]}\">\n\t\t\t\t\t\t<div class=\"elementor-container elementor-column-gap-default\">\n\t\t\t\t\t<div class=\"elementor-column elementor-col-50 elementor-inner-column elementor-element elementor-element-b6ed033\" data-id=\"b6ed033\" data-element_type=\"column\">\n\t\t\t<div class=\"elementor-widget-wrap elementor-element-populated\">\n\t\t\t\t\t\t<div class=\"elementor-element elementor-element-d76d0f5 elementor-widget elementor-widget-text-editor\" data-id=\"d76d0f5\" data-element_type=\"widget\" data-widget_type=\"text-editor.default\">\n\t\t\t\t<div class=\"elementor-widget-container\">\n\t\t\t\t\t\t\t\t\t<p>Den Betriebsplatz Hankensb\u00fcttel sowie das \u00d6lfeld Hankensb\u00fcttel-S\u00fcd hat Vermilion Energy Germany 2021 \u00fcbernommen.\u00a0<\/p><p>Seither haben wir best\u00e4ndig in die Anlagensicherheit sowie die Optimierung der Produktion investiert.<\/p><p>\u00a0<\/p>\t\t\t\t\t\t\t\t<\/div>\n\t\t\t\t<\/div>\n\t\t\t\t\t<\/div>\n\t\t<\/div>\n\t\t\t\t<div class=\"elementor-column elementor-col-50 elementor-inner-column elementor-element elementor-element-2e2b36d\" data-id=\"2e2b36d\" data-element_type=\"column\">\n\t\t\t<div class=\"elementor-widget-wrap elementor-element-populated\">\n\t\t\t\t\t\t<div class=\"elementor-element elementor-element-6d3903a elementor-nav-menu--dropdown-tablet elementor-nav-menu__text-align-aside elementor-nav-menu--toggle elementor-nav-menu--burger elementor-widget elementor-widget-nav-menu\" data-id=\"6d3903a\" data-element_type=\"widget\" data-settings=\"{&quot;layout&quot;:&quot;vertical&quot;,&quot;submenu_icon&quot;:{&quot;value&quot;:&quot;&lt;i class=\\&quot;fas fa-caret-down\\&quot; aria-hidden=\\&quot;true\\&quot;&gt;&lt;\\\/i&gt;&quot;,&quot;library&quot;:&quot;fa-solid&quot;},&quot;toggle&quot;:&quot;burger&quot;}\" data-widget_type=\"nav-menu.default\">\n\t\t\t\t<div class=\"elementor-widget-container\">\n\t\t\t\t\t\t\t\t<nav aria-label=\"Men\u00fc\" class=\"elementor-nav-menu--main elementor-nav-menu__container elementor-nav-menu--layout-vertical e--pointer-none\">\n\t\t\t\t<ul id=\"menu-1-6d3903a\" class=\"elementor-nav-menu sm-vertical\"><li class=\"menu-item menu-item-type-post_type menu-item-object-page menu-item-has-children menu-item-10496\"><a href=\"https:\/\/www.vermilionenergy.com\/de\/heimische-produktion\/\" class=\"elementor-item\">Standorte<\/a>\n<ul class=\"sub-menu elementor-nav-menu--dropdown\">\n\t<li class=\"menu-item menu-item-type-post_type menu-item-object-page menu-item-10500\"><a href=\"https:\/\/www.vermilionenergy.com\/de\/heimische-produktion\/b-schoenewoerde\/\" class=\"elementor-sub-item\">Sch\u00f6new\u00f6rde<\/a><\/li>\n\t<li class=\"menu-item menu-item-type-post_type menu-item-object-page menu-item-10501\"><a href=\"https:\/\/www.vermilionenergy.com\/de\/heimische-produktion\/b-hankensbuettel\/\" class=\"elementor-sub-item\">Hankensb\u00fcttel<\/a><\/li>\n\t<li class=\"menu-item menu-item-type-post_type menu-item-object-page menu-item-10502\"><a href=\"https:\/\/www.vermilionenergy.com\/de\/heimische-produktion\/b-edemissen\/\" class=\"elementor-sub-item\">Edemissen<\/a><\/li>\n\t<li class=\"menu-item menu-item-type-post_type menu-item-object-page menu-item-10503\"><a href=\"https:\/\/www.vermilionenergy.com\/de\/heimische-produktion\/b-hoever\/\" class=\"elementor-sub-item\">H\u00f6ver<\/a><\/li>\n\t<li class=\"menu-item menu-item-type-post_type menu-item-object-page menu-item-10504\"><a href=\"https:\/\/www.vermilionenergy.com\/de\/heimische-produktion\/b-heimische-produktion\/\" class=\"elementor-sub-item\">Bergen<\/a><\/li>\n\t<li class=\"menu-item menu-item-type-post_type menu-item-object-page menu-item-10505\"><a href=\"https:\/\/www.vermilionenergy.com\/de\/heimische-produktion\/b-emden\/\" class=\"elementor-sub-item\">Emden<\/a><\/li>\n\t<li class=\"menu-item menu-item-type-post_type menu-item-object-page menu-item-10506\"><a href=\"https:\/\/www.vermilionenergy.com\/de\/heimische-produktion\/b-leer\/\" class=\"elementor-sub-item\">Leer<\/a><\/li>\n<\/ul>\n<\/li>\n<li class=\"menu-item menu-item-type-post_type menu-item-object-page menu-item-10498\"><a href=\"https:\/\/www.vermilionenergy.com\/de\/lizenzen\/\" class=\"elementor-item\">Lizenzen<\/a><\/li>\n<li class=\"menu-item menu-item-type-post_type menu-item-object-page menu-item-10497\"><a href=\"https:\/\/www.vermilionenergy.com\/de\/sichere-produktion\/\" class=\"elementor-item\">Sichere Produktion<\/a><\/li>\n<\/ul>\t\t\t<\/nav>\n\t\t\t\t\t<div class=\"elementor-menu-toggle\" role=\"button\" tabindex=\"0\" aria-label=\"Men\u00fc Umschalter\" aria-expanded=\"false\">\n\t\t\t<i aria-hidden=\"true\" role=\"presentation\" class=\"elementor-menu-toggle__icon--open eicon-menu-bar\"><\/i><i aria-hidden=\"true\" role=\"presentation\" class=\"elementor-menu-toggle__icon--close eicon-close\"><\/i>\t\t<\/div>\n\t\t\t\t\t<nav class=\"elementor-nav-menu--dropdown elementor-nav-menu__container\" aria-hidden=\"true\">\n\t\t\t\t<ul id=\"menu-2-6d3903a\" class=\"elementor-nav-menu sm-vertical\"><li class=\"menu-item menu-item-type-post_type menu-item-object-page menu-item-has-children menu-item-10496\"><a href=\"https:\/\/www.vermilionenergy.com\/de\/heimische-produktion\/\" class=\"elementor-item\" tabindex=\"-1\">Standorte<\/a>\n<ul class=\"sub-menu elementor-nav-menu--dropdown\">\n\t<li class=\"menu-item menu-item-type-post_type menu-item-object-page menu-item-10500\"><a href=\"https:\/\/www.vermilionenergy.com\/de\/heimische-produktion\/b-schoenewoerde\/\" class=\"elementor-sub-item\" tabindex=\"-1\">Sch\u00f6new\u00f6rde<\/a><\/li>\n\t<li class=\"menu-item menu-item-type-post_type menu-item-object-page menu-item-10501\"><a href=\"https:\/\/www.vermilionenergy.com\/de\/heimische-produktion\/b-hankensbuettel\/\" class=\"elementor-sub-item\" tabindex=\"-1\">Hankensb\u00fcttel<\/a><\/li>\n\t<li class=\"menu-item menu-item-type-post_type menu-item-object-page menu-item-10502\"><a href=\"https:\/\/www.vermilionenergy.com\/de\/heimische-produktion\/b-edemissen\/\" class=\"elementor-sub-item\" tabindex=\"-1\">Edemissen<\/a><\/li>\n\t<li class=\"menu-item menu-item-type-post_type menu-item-object-page menu-item-10503\"><a href=\"https:\/\/www.vermilionenergy.com\/de\/heimische-produktion\/b-hoever\/\" class=\"elementor-sub-item\" tabindex=\"-1\">H\u00f6ver<\/a><\/li>\n\t<li class=\"menu-item menu-item-type-post_type menu-item-object-page menu-item-10504\"><a href=\"https:\/\/www.vermilionenergy.com\/de\/heimische-produktion\/b-heimische-produktion\/\" class=\"elementor-sub-item\" tabindex=\"-1\">Bergen<\/a><\/li>\n\t<li class=\"menu-item menu-item-type-post_type menu-item-object-page menu-item-10505\"><a href=\"https:\/\/www.vermilionenergy.com\/de\/heimische-produktion\/b-emden\/\" class=\"elementor-sub-item\" tabindex=\"-1\">Emden<\/a><\/li>\n\t<li class=\"menu-item menu-item-type-post_type menu-item-object-page menu-item-10506\"><a href=\"https:\/\/www.vermilionenergy.com\/de\/heimische-produktion\/b-leer\/\" class=\"elementor-sub-item\" tabindex=\"-1\">Leer<\/a><\/li>\n<\/ul>\n<\/li>\n<li class=\"menu-item menu-item-type-post_type menu-item-object-page menu-item-10498\"><a href=\"https:\/\/www.vermilionenergy.com\/de\/lizenzen\/\" class=\"elementor-item\" tabindex=\"-1\">Lizenzen<\/a><\/li>\n<li class=\"menu-item menu-item-type-post_type menu-item-object-page menu-item-10497\"><a href=\"https:\/\/www.vermilionenergy.com\/de\/sichere-produktion\/\" class=\"elementor-item\" tabindex=\"-1\">Sichere Produktion<\/a><\/li>\n<\/ul>\t\t\t<\/nav>\n\t\t\t\t\t\t<\/div>\n\t\t\t\t<\/div>\n\t\t\t\t<div class=\"elementor-element elementor-element-542c4cf elementor-widget elementor-widget-image\" data-id=\"542c4cf\" data-element_type=\"widget\" data-widget_type=\"image.default\">\n\t\t\t\t<div class=\"elementor-widget-container\">\n\t\t\t\t\t\t\t\t\t\t\t\t\t\t\t<img fetchpriority=\"high\" decoding=\"async\" width=\"700\" height=\"700\" src=\"https:\/\/www.vermilionenergy.com\/de\/wp-content\/uploads\/sites\/9\/2023\/12\/20231216_135330-700x700.jpg\" class=\"attachment-tp-image-grid size-tp-image-grid wp-image-8492\" alt=\"\" srcset=\"https:\/\/www.vermilionenergy.com\/de\/wp-content\/uploads\/sites\/9\/2023\/12\/20231216_135330-700x700.jpg 700w, https:\/\/www.vermilionenergy.com\/de\/wp-content\/uploads\/sites\/9\/2023\/12\/20231216_135330-150x150.jpg 150w\" sizes=\"(max-width: 700px) 100vw, 700px\" \/>\t\t\t\t\t\t\t\t\t\t\t\t\t\t\t<\/div>\n\t\t\t\t<\/div>\n\t\t\t\t\t<\/div>\n\t\t<\/div>\n\t\t\t\t\t<\/div>\n\t\t<\/section>\n\t\t\t\t<div class=\"elementor-element elementor-element-337839b elementor-widget elementor-widget-spacer\" data-id=\"337839b\" data-element_type=\"widget\" data-widget_type=\"spacer.default\">\n\t\t\t\t<div class=\"elementor-widget-container\">\n\t\t\t\t\t\t\t<div class=\"elementor-spacer\">\n\t\t\t<div class=\"elementor-spacer-inner\"><\/div>\n\t\t<\/div>\n\t\t\t\t\t\t<\/div>\n\t\t\t\t<\/div>\n\t\t\t\t<section class=\"elementor-section elementor-inner-section elementor-element elementor-element-fbac342 elementor-section-boxed elementor-section-height-default elementor-section-height-default\" data-id=\"fbac342\" data-element_type=\"section\" data-settings=\"{&quot;jet_parallax_layout_list&quot;:[]}\">\n\t\t\t\t\t\t<div class=\"elementor-container elementor-column-gap-default\">\n\t\t\t\t\t<div class=\"elementor-column elementor-col-50 elementor-inner-column elementor-element elementor-element-3cb4e28\" data-id=\"3cb4e28\" data-element_type=\"column\">\n\t\t\t<div class=\"elementor-widget-wrap elementor-element-populated\">\n\t\t\t\t\t\t<div class=\"elementor-element elementor-element-7847faa elementor-widget elementor-widget-gallery\" data-id=\"7847faa\" data-element_type=\"widget\" data-settings=\"{&quot;gallery_layout&quot;:&quot;masonry&quot;,&quot;columns&quot;:&quot;1&quot;,&quot;columns_tablet&quot;:2,&quot;columns_mobile&quot;:1,&quot;gap&quot;:{&quot;unit&quot;:&quot;px&quot;,&quot;size&quot;:10,&quot;sizes&quot;:[]},&quot;gap_tablet&quot;:{&quot;unit&quot;:&quot;px&quot;,&quot;size&quot;:10,&quot;sizes&quot;:[]},&quot;gap_mobile&quot;:{&quot;unit&quot;:&quot;px&quot;,&quot;size&quot;:10,&quot;sizes&quot;:[]},&quot;overlay_background&quot;:&quot;yes&quot;,&quot;content_hover_animation&quot;:&quot;fade-in&quot;}\" data-widget_type=\"gallery.default\">\n\t\t\t\t<div class=\"elementor-widget-container\">\n\t\t\t\t\t\t\t<div class=\"elementor-gallery__container\">\n\t\t\t\t\t\t\t<div class=\"e-gallery-item elementor-gallery-item elementor-animated-content\">\n\t\t\t\t\t<div class=\"e-gallery-image elementor-gallery-item__image\" data-thumbnail=\"https:\/\/www.vermilionenergy.com\/de\/wp-content\/uploads\/sites\/9\/2023\/12\/20231216_135939-scaled.jpg\" data-width=\"2560\" data-height=\"1920\" aria-label=\"\" role=\"img\" ><\/div>\n\t\t\t\t\t\t\t\t\t\t\t<div class=\"elementor-gallery-item__overlay\"><\/div>\n\t\t\t\t\t\t\t\t\t\t\t\t\t\t<\/div>\n\t\t\t\t\t\t\t<div class=\"e-gallery-item elementor-gallery-item elementor-animated-content\">\n\t\t\t\t\t<div class=\"e-gallery-image elementor-gallery-item__image\" data-thumbnail=\"https:\/\/www.vermilionenergy.com\/de\/wp-content\/uploads\/sites\/9\/2023\/12\/20231216_141201-scaled.jpg\" data-width=\"2560\" data-height=\"1920\" aria-label=\"\" role=\"img\" ><\/div>\n\t\t\t\t\t\t\t\t\t\t\t<div class=\"elementor-gallery-item__overlay\"><\/div>\n\t\t\t\t\t\t\t\t\t\t\t\t\t\t<\/div>\n\t\t\t\t\t<\/div>\n\t\t\t\t\t<\/div>\n\t\t\t\t<\/div>\n\t\t\t\t\t<\/div>\n\t\t<\/div>\n\t\t\t\t<div class=\"elementor-column elementor-col-50 elementor-inner-column elementor-element elementor-element-5563420\" data-id=\"5563420\" data-element_type=\"column\">\n\t\t\t<div class=\"elementor-widget-wrap elementor-element-populated\">\n\t\t\t\t\t\t<div class=\"elementor-element elementor-element-2836cac elementor-widget elementor-widget-text-editor\" data-id=\"2836cac\" data-element_type=\"widget\" data-widget_type=\"text-editor.default\">\n\t\t\t\t<div class=\"elementor-widget-container\">\n\t\t\t\t\t\t\t\t\t<p>Nachdem 1954 die Bohrung \u201eHankensb\u00fcttel-Mitte I\u201c in por\u00f6sen Sandsteinen des Dogger beta (Jura) f\u00fcndig war, wurde in Hankensb\u00fcttel in Bezug auf das f\u00f6rderbare Gesamtvolumen eine der gr\u00f6\u00dften Erd\u00f6llagerst\u00e4tten Deutschlands entdeckt.<\/p><p>In der Summe wurden \u00fcber schon \u00fcber 15 Millionen Tonnen Erd\u00f6l aus dem Gesamtfeld produziert. 2019 wurde die Produktion aus den Feldern Hankensb\u00fcttel-Mitte, -Nord und \u2013Ost eingestellt, die entsprechenden Betriebsanlagen wurden zur\u00fcckgebaut.<\/p><p>Bedingt durch die lange F\u00f6rderdauer wird auch aus dem Feld Hankensb\u00fcttel-S\u00fcd Nass\u00f6l mit einem relativ hohen Wasseranteil gef\u00f6rdert. Dieses Wasser wird durch Injektionsbohrungen wieder in die Lagerst\u00e4tte zur\u00fcckgef\u00fchrt, um den Druck aufrecht zu erhalten. Zudem enth\u00e4lt das gef\u00f6rderte Nass\u00f6l einen gewissen Anteil an Erd\u00f6lbegleitgas. Aus diesem Begleitgas wird \u00fcber Anlagen zur Kraft-W\u00e4rme-Kopplung direkt vor Ort Strom erzeugt, der f\u00fcr den Betrieb der Anlagen im Erd\u00f6lfeld und auf dem Betriebsplatz verwendet wird. \u00dcber den Eigenverbrauch hinaus produzierte Mengen des Stroms werden in das Stromnetz eingespeist.<\/p>\t\t\t\t\t\t\t\t<\/div>\n\t\t\t\t<\/div>\n\t\t\t\t\t<\/div>\n\t\t<\/div>\n\t\t\t\t\t<\/div>\n\t\t<\/section>\n\t\t\t\t<div class=\"elementor-element elementor-element-5b145dc elementor-widget elementor-widget-spacer\" data-id=\"5b145dc\" data-element_type=\"widget\" data-widget_type=\"spacer.default\">\n\t\t\t\t<div class=\"elementor-widget-container\">\n\t\t\t\t\t\t\t<div class=\"elementor-spacer\">\n\t\t\t<div class=\"elementor-spacer-inner\"><\/div>\n\t\t<\/div>\n\t\t\t\t\t\t<\/div>\n\t\t\t\t<\/div>\n\t\t\t\t\t<\/div>\n\t\t<\/div>\n\t\t\t\t\t<\/div>\n\t\t<\/section>\n\t\t\t\t<\/div>\n\t\t","protected":false},"excerpt":{"rendered":"<p>Heim Seite Den Betriebsplatz Hankensb\u00fcttel sowie das \u00d6lfeld Hankensb\u00fcttel-S\u00fcd hat Vermilion Energy Germany 2021 \u00fcbernommen.\u00a0 Seither haben wir best\u00e4ndig in die Anlagensicherheit sowie die Optimierung der Produktion investiert. \u00a0 Nachdem 1954 die Bohrung \u201eHankensb\u00fcttel-Mitte I\u201c in por\u00f6sen Sandsteinen des Dogger beta (Jura) f\u00fcndig war, wurde in Hankensb\u00fcttel in Bezug auf das f\u00f6rderbare Gesamtvolumen eine der [&hellip;]<\/p>\n","protected":false},"author":15,"featured_media":0,"parent":4724,"menu_order":1,"comment_status":"closed","ping_status":"closed","template":"","meta":{"footnotes":""},"class_list":["post-8424","page","type-page","status-publish","hentry"],"yoast_head":"<!-- This site is optimized with the Yoast SEO plugin v26.3 - https:\/\/yoast.com\/wordpress\/plugins\/seo\/ -->\n<title>Hankensb\u00fcttel - Vermilion Germany<\/title>\n<meta name=\"robots\" content=\"index, follow, max-snippet:-1, max-image-preview:large, max-video-preview:-1\" \/>\n<link rel=\"canonical\" href=\"https:\/\/www.vermilionenergy.com\/de\/heimische-produktion\/b-hankensbuettel\/\" \/>\n<meta property=\"og:locale\" content=\"de_DE\" \/>\n<meta property=\"og:type\" content=\"article\" \/>\n<meta property=\"og:title\" content=\"Hankensb\u00fcttel - Vermilion Germany\" \/>\n<meta property=\"og:description\" content=\"Heim Seite Den Betriebsplatz Hankensb\u00fcttel sowie das \u00d6lfeld Hankensb\u00fcttel-S\u00fcd hat Vermilion Energy Germany 2021 \u00fcbernommen.\u00a0 Seither haben wir best\u00e4ndig in die Anlagensicherheit sowie die Optimierung der Produktion investiert. \u00a0 Nachdem 1954 die Bohrung \u201eHankensb\u00fcttel-Mitte I\u201c in por\u00f6sen Sandsteinen des Dogger beta (Jura) f\u00fcndig war, wurde in Hankensb\u00fcttel in Bezug auf das f\u00f6rderbare Gesamtvolumen eine der [&hellip;]\" \/>\n<meta property=\"og:url\" content=\"https:\/\/www.vermilionenergy.com\/de\/heimische-produktion\/b-hankensbuettel\/\" \/>\n<meta property=\"og:site_name\" content=\"Vermilion Germany\" \/>\n<meta property=\"article:modified_time\" content=\"2024-07-26T14:01:57+00:00\" \/>\n<meta property=\"og:image\" content=\"https:\/\/www.vermilionenergy.com\/de\/wp-content\/uploads\/sites\/9\/2023\/12\/20231216_135330-700x700.jpg\" \/>\n<meta name=\"twitter:card\" content=\"summary_large_image\" \/>\n<meta name=\"twitter:label1\" content=\"Gesch\u00e4tzte Lesezeit\" \/>\n\t<meta name=\"twitter:data1\" content=\"2 Minuten\" \/>\n<script type=\"application\/ld+json\" class=\"yoast-schema-graph\">{\"@context\":\"https:\/\/schema.org\",\"@graph\":[{\"@type\":\"WebPage\",\"@id\":\"https:\/\/www.vermilionenergy.com\/de\/heimische-produktion\/b-hankensbuettel\/\",\"url\":\"https:\/\/www.vermilionenergy.com\/de\/heimische-produktion\/b-hankensbuettel\/\",\"name\":\"Hankensb\u00fcttel - Vermilion Germany\",\"isPartOf\":{\"@id\":\"https:\/\/www.vermilionenergy.com\/de\/#website\"},\"primaryImageOfPage\":{\"@id\":\"https:\/\/www.vermilionenergy.com\/de\/heimische-produktion\/b-hankensbuettel\/#primaryimage\"},\"image\":{\"@id\":\"https:\/\/www.vermilionenergy.com\/de\/heimische-produktion\/b-hankensbuettel\/#primaryimage\"},\"thumbnailUrl\":\"https:\/\/www.vermilionenergy.com\/de\/wp-content\/uploads\/sites\/9\/2023\/12\/20231216_135330-700x700.jpg\",\"datePublished\":\"2023-12-17T13:59:47+00:00\",\"dateModified\":\"2024-07-26T14:01:57+00:00\",\"breadcrumb\":{\"@id\":\"https:\/\/www.vermilionenergy.com\/de\/heimische-produktion\/b-hankensbuettel\/#breadcrumb\"},\"inLanguage\":\"de-DE\",\"potentialAction\":[{\"@type\":\"ReadAction\",\"target\":[\"https:\/\/www.vermilionenergy.com\/de\/heimische-produktion\/b-hankensbuettel\/\"]}]},{\"@type\":\"ImageObject\",\"inLanguage\":\"de-DE\",\"@id\":\"https:\/\/www.vermilionenergy.com\/de\/heimische-produktion\/b-hankensbuettel\/#primaryimage\",\"url\":\"https:\/\/www.vermilionenergy.com\/de\/wp-content\/uploads\/sites\/9\/2023\/12\/20231216_135330-scaled.jpg\",\"contentUrl\":\"https:\/\/www.vermilionenergy.com\/de\/wp-content\/uploads\/sites\/9\/2023\/12\/20231216_135330-scaled.jpg\",\"width\":2560,\"height\":1920},{\"@type\":\"BreadcrumbList\",\"@id\":\"https:\/\/www.vermilionenergy.com\/de\/heimische-produktion\/b-hankensbuettel\/#breadcrumb\",\"itemListElement\":[{\"@type\":\"ListItem\",\"position\":1,\"name\":\"Home\",\"item\":\"https:\/\/www.vermilionenergy.com\/de\/\"},{\"@type\":\"ListItem\",\"position\":2,\"name\":\"heimische Produktion\",\"item\":\"https:\/\/www.vermilionenergy.com\/de\/heimische-produktion\/\"},{\"@type\":\"ListItem\",\"position\":3,\"name\":\"Hankensb\u00fcttel\"}]},{\"@type\":\"WebSite\",\"@id\":\"https:\/\/www.vermilionenergy.com\/de\/#website\",\"url\":\"https:\/\/www.vermilionenergy.com\/de\/\",\"name\":\"Vermilion Germany\",\"description\":\"Just another Vermilion Network site\",\"potentialAction\":[{\"@type\":\"SearchAction\",\"target\":{\"@type\":\"EntryPoint\",\"urlTemplate\":\"https:\/\/www.vermilionenergy.com\/de\/?s={search_term_string}\"},\"query-input\":{\"@type\":\"PropertyValueSpecification\",\"valueRequired\":true,\"valueName\":\"search_term_string\"}}],\"inLanguage\":\"de-DE\"}]}<\/script>\n<!-- \/ Yoast SEO plugin. -->","yoast_head_json":{"title":"Hankensb\u00fcttel - Vermilion Germany","robots":{"index":"index","follow":"follow","max-snippet":"max-snippet:-1","max-image-preview":"max-image-preview:large","max-video-preview":"max-video-preview:-1"},"canonical":"https:\/\/www.vermilionenergy.com\/de\/heimische-produktion\/b-hankensbuettel\/","og_locale":"de_DE","og_type":"article","og_title":"Hankensb\u00fcttel - Vermilion Germany","og_description":"Heim Seite Den Betriebsplatz Hankensb\u00fcttel sowie das \u00d6lfeld Hankensb\u00fcttel-S\u00fcd hat Vermilion Energy Germany 2021 \u00fcbernommen.\u00a0 Seither haben wir best\u00e4ndig in die Anlagensicherheit sowie die Optimierung der Produktion investiert. \u00a0 Nachdem 1954 die Bohrung \u201eHankensb\u00fcttel-Mitte I\u201c in por\u00f6sen Sandsteinen des Dogger beta (Jura) f\u00fcndig war, wurde in Hankensb\u00fcttel in Bezug auf das f\u00f6rderbare Gesamtvolumen eine der [&hellip;]","og_url":"https:\/\/www.vermilionenergy.com\/de\/heimische-produktion\/b-hankensbuettel\/","og_site_name":"Vermilion Germany","article_modified_time":"2024-07-26T14:01:57+00:00","og_image":[{"url":"https:\/\/www.vermilionenergy.com\/de\/wp-content\/uploads\/sites\/9\/2023\/12\/20231216_135330-700x700.jpg","type":"","width":"","height":""}],"twitter_card":"summary_large_image","twitter_misc":{"Gesch\u00e4tzte Lesezeit":"2 Minuten"},"schema":{"@context":"https:\/\/schema.org","@graph":[{"@type":"WebPage","@id":"https:\/\/www.vermilionenergy.com\/de\/heimische-produktion\/b-hankensbuettel\/","url":"https:\/\/www.vermilionenergy.com\/de\/heimische-produktion\/b-hankensbuettel\/","name":"Hankensb\u00fcttel - Vermilion Germany","isPartOf":{"@id":"https:\/\/www.vermilionenergy.com\/de\/#website"},"primaryImageOfPage":{"@id":"https:\/\/www.vermilionenergy.com\/de\/heimische-produktion\/b-hankensbuettel\/#primaryimage"},"image":{"@id":"https:\/\/www.vermilionenergy.com\/de\/heimische-produktion\/b-hankensbuettel\/#primaryimage"},"thumbnailUrl":"https:\/\/www.vermilionenergy.com\/de\/wp-content\/uploads\/sites\/9\/2023\/12\/20231216_135330-700x700.jpg","datePublished":"2023-12-17T13:59:47+00:00","dateModified":"2024-07-26T14:01:57+00:00","breadcrumb":{"@id":"https:\/\/www.vermilionenergy.com\/de\/heimische-produktion\/b-hankensbuettel\/#breadcrumb"},"inLanguage":"de-DE","potentialAction":[{"@type":"ReadAction","target":["https:\/\/www.vermilionenergy.com\/de\/heimische-produktion\/b-hankensbuettel\/"]}]},{"@type":"ImageObject","inLanguage":"de-DE","@id":"https:\/\/www.vermilionenergy.com\/de\/heimische-produktion\/b-hankensbuettel\/#primaryimage","url":"https:\/\/www.vermilionenergy.com\/de\/wp-content\/uploads\/sites\/9\/2023\/12\/20231216_135330-scaled.jpg","contentUrl":"https:\/\/www.vermilionenergy.com\/de\/wp-content\/uploads\/sites\/9\/2023\/12\/20231216_135330-scaled.jpg","width":2560,"height":1920},{"@type":"BreadcrumbList","@id":"https:\/\/www.vermilionenergy.com\/de\/heimische-produktion\/b-hankensbuettel\/#breadcrumb","itemListElement":[{"@type":"ListItem","position":1,"name":"Home","item":"https:\/\/www.vermilionenergy.com\/de\/"},{"@type":"ListItem","position":2,"name":"heimische Produktion","item":"https:\/\/www.vermilionenergy.com\/de\/heimische-produktion\/"},{"@type":"ListItem","position":3,"name":"Hankensb\u00fcttel"}]},{"@type":"WebSite","@id":"https:\/\/www.vermilionenergy.com\/de\/#website","url":"https:\/\/www.vermilionenergy.com\/de\/","name":"Vermilion Germany","description":"Just another Vermilion Network site","potentialAction":[{"@type":"SearchAction","target":{"@type":"EntryPoint","urlTemplate":"https:\/\/www.vermilionenergy.com\/de\/?s={search_term_string}"},"query-input":{"@type":"PropertyValueSpecification","valueRequired":true,"valueName":"search_term_string"}}],"inLanguage":"de-DE"}]}},"_links":{"self":[{"href":"https:\/\/www.vermilionenergy.com\/de\/wp-json\/wp\/v2\/pages\/8424","targetHints":{"allow":["GET"]}}],"collection":[{"href":"https:\/\/www.vermilionenergy.com\/de\/wp-json\/wp\/v2\/pages"}],"about":[{"href":"https:\/\/www.vermilionenergy.com\/de\/wp-json\/wp\/v2\/types\/page"}],"author":[{"embeddable":true,"href":"https:\/\/www.vermilionenergy.com\/de\/wp-json\/wp\/v2\/users\/15"}],"replies":[{"embeddable":true,"href":"https:\/\/www.vermilionenergy.com\/de\/wp-json\/wp\/v2\/comments?post=8424"}],"version-history":[{"count":0,"href":"https:\/\/www.vermilionenergy.com\/de\/wp-json\/wp\/v2\/pages\/8424\/revisions"}],"up":[{"embeddable":true,"href":"https:\/\/www.vermilionenergy.com\/de\/wp-json\/wp\/v2\/pages\/4724"}],"wp:attachment":[{"href":"https:\/\/www.vermilionenergy.com\/de\/wp-json\/wp\/v2\/media?parent=8424"}],"curies":[{"name":"wp","href":"https:\/\/api.w.org\/{rel}","templated":true}]}}