{"id":142,"date":"2022-09-06T17:26:56","date_gmt":"2022-09-06T17:26:56","guid":{"rendered":"https:\/\/vermilionenerg.wpengine.com\/fr\/travailler-avec-nous\/"},"modified":"2025-10-14T16:06:22","modified_gmt":"2025-10-14T16:06:22","slug":"travailler-avec-nous","status":"publish","type":"page","link":"https:\/\/www.vermilionenergy.com\/fr\/travailler-avec-nous\/","title":{"rendered":"Travailler avec nous"},"content":{"rendered":"\t\t<div data-elementor-type=\"wp-page\" data-elementor-id=\"142\" class=\"elementor elementor-142\" data-elementor-post-type=\"page\">\n\t\t\t\t\t\t<section class=\"elementor-section elementor-top-section elementor-element elementor-element-55c9129 elementor-section-height-min-height elementor-section-items-bottom elementor-section-boxed elementor-section-height-default\" data-id=\"55c9129\" data-element_type=\"section\" data-settings=\"{&quot;background_background&quot;:&quot;classic&quot;,&quot;jet_parallax_layout_list&quot;:[]}\">\n\t\t\t\t\t\t\t<div class=\"elementor-background-overlay\"><\/div>\n\t\t\t\t\t\t\t<div class=\"elementor-container elementor-column-gap-default\">\n\t\t\t\t\t<div class=\"elementor-column elementor-col-100 elementor-top-column elementor-element elementor-element-4ff2c1c\" data-id=\"4ff2c1c\" data-element_type=\"column\">\n\t\t\t<div class=\"elementor-widget-wrap elementor-element-populated\">\n\t\t\t\t\t\t<div class=\"elementor-element elementor-element-a5a31b7 text-left elementor-widget elementor-widget-tp-breadcrumbs-bar\" data-id=\"a5a31b7\" data-element_type=\"widget\" data-widget_type=\"tp-breadcrumbs-bar.default\">\n\t\t\t\t<div class=\"elementor-widget-container\">\n\t\t\t\t\t<div id=\"bread69e9d96eef14b\" class=\"pt_plus_breadcrumbs_bar \"  \"><div class=\"pt_plus_breadcrumbs_bar_inner bred_style_1\"><nav id=\"breadcrumbs\"><span class=\"bc_home\"><a class=\"home_bread_tab\" href=\"https:\/\/www.vermilionenergy.com\/fr\/\"><i class=\" fa fa-home bread-home-icon\" ><\/i>Page d'accueil<i class=\" fa fa-chevron-right bread-sep-icon\" ><\/i><\/a><\/span> <span class=\"del\"><\/span> <span class=\"current\"><div class=\"current_tab_sec\">Page<\/div><\/span><\/nav><\/div><\/div>\t\t\t\t<\/div>\n\t\t\t\t<\/div>\n\t\t\t\t<div class=\"elementor-element elementor-element-fc90de2 elementor-widget elementor-widget-heading\" data-id=\"fc90de2\" data-element_type=\"widget\" data-widget_type=\"heading.default\">\n\t\t\t\t<div class=\"elementor-widget-container\">\n\t\t\t\t\t<h1 class=\"elementor-heading-title elementor-size-default\">Travailler avec nous<\/h1>\t\t\t\t<\/div>\n\t\t\t\t<\/div>\n\t\t\t\t\t<\/div>\n\t\t<\/div>\n\t\t\t\t\t<\/div>\n\t\t<\/section>\n\t\t\t\t<section class=\"elementor-section elementor-top-section elementor-element elementor-element-cb7c923 elementor-section-boxed elementor-section-height-default elementor-section-height-default\" data-id=\"cb7c923\" data-element_type=\"section\" data-settings=\"{&quot;jet_parallax_layout_list&quot;:[]}\">\n\t\t\t\t\t\t<div class=\"elementor-container elementor-column-gap-default\">\n\t\t\t\t\t<div class=\"elementor-column elementor-col-100 elementor-top-column elementor-element elementor-element-79eff2d\" data-id=\"79eff2d\" data-element_type=\"column\">\n\t\t\t<div class=\"elementor-widget-wrap elementor-element-populated\">\n\t\t\t\t\t\t<div class=\"elementor-element elementor-element-56f540f intro-text elementor-widget elementor-widget-heading\" data-id=\"56f540f\" data-element_type=\"widget\" data-widget_type=\"heading.default\">\n\t\t\t\t<div class=\"elementor-widget-container\">\n\t\t\t\t\t<h2 class=\"elementor-heading-title elementor-size-default\">Travailler chez Vermilion<\/h2>\t\t\t\t<\/div>\n\t\t\t\t<\/div>\n\t\t\t\t<div class=\"elementor-element elementor-element-2328c0a elementor-widget__width-initial elementor-widget elementor-widget-text-editor\" data-id=\"2328c0a\" data-element_type=\"widget\" data-widget_type=\"text-editor.default\">\n\t\t\t\t<div class=\"elementor-widget-container\">\n\t\t\t\t\t\t\t\t\t<p class=\"intro\">Nous avons besoin de personnes motiv\u00e9es, venant de tous les horizons, pour nous accompagner dans la gestion efficace des ressources du sous-sol fran\u00e7ais!<\/p><p>Chez Vermilion, nous savons que les meilleures technologies et strat\u00e9gies ne sont rien sans les meilleures \u00e9quipes. Nous accordons donc une attention particuli\u00e8re au recrutement, \u00e0 la formation et aux conditions de travail de nos <strong>employ\u00e9s.<\/strong><\/p><p>Notre succ\u00e8s r\u00e9side \u00e0 la fois dans la <strong>richesse<\/strong> et la <strong>diversit\u00e9<\/strong> des comp\u00e9tences r\u00e9unies dans le cadre de nos projets, et dans les <strong>perspectives<\/strong> que nos d\u00e9fis offrent \u00e0 nos \u00e9quipes.<\/p>\t\t\t\t\t\t\t\t<\/div>\n\t\t\t\t<\/div>\n\t\t\t\t<div class=\"elementor-element elementor-element-e9aee1d elementor-widget__width-initial elementor-widget elementor-widget-image\" data-id=\"e9aee1d\" data-element_type=\"widget\" data-widget_type=\"image.default\">\n\t\t\t\t<div class=\"elementor-widget-container\">\n\t\t\t\t\t\t\t\t\t\t\t\t\t\t\t\t<a href=\"https:\/\/vermilionenergy.wd10.myworkdayjobs.com\/VEI_EXTERNAL\" target=\"_blank\">\n\t\t\t\t\t\t\t<img fetchpriority=\"high\" decoding=\"async\" width=\"629\" height=\"483\" src=\"https:\/\/www.vermilionenergy.com\/fr\/wp-content\/uploads\/sites\/5\/2022\/09\/rejoignez-nous.png\" class=\"attachment-large size-large wp-image-415\" alt=\"\" srcset=\"https:\/\/www.vermilionenergy.com\/fr\/wp-content\/uploads\/sites\/5\/2022\/09\/rejoignez-nous.png 629w, https:\/\/www.vermilionenergy.com\/fr\/wp-content\/uploads\/sites\/5\/2022\/09\/rejoignez-nous-300x230.png 300w\" sizes=\"(max-width: 629px) 100vw, 629px\" \/>\t\t\t\t\t\t\t\t<\/a>\n\t\t\t\t\t\t\t\t\t\t\t\t\t\t\t<\/div>\n\t\t\t\t<\/div>\n\t\t\t\t<div class=\"elementor-element elementor-element-a1228bf elementor-widget-divider--view-line elementor-widget elementor-widget-divider\" data-id=\"a1228bf\" data-element_type=\"widget\" data-widget_type=\"divider.default\">\n\t\t\t\t<div class=\"elementor-widget-container\">\n\t\t\t\t\t\t\t<div class=\"elementor-divider\">\n\t\t\t<span class=\"elementor-divider-separator\">\n\t\t\t\t\t\t<\/span>\n\t\t<\/div>\n\t\t\t\t\t\t<\/div>\n\t\t\t\t<\/div>\n\t\t\t\t<div class=\"elementor-element elementor-element-16b9e0a elementor-widget elementor-widget-text-editor\" data-id=\"16b9e0a\" data-element_type=\"widget\" data-widget_type=\"text-editor.default\">\n\t\t\t\t<div class=\"elementor-widget-container\">\n\t\t\t\t\t\t\t\t\t<h3>Des \u00e9quipes de choix<\/h3>\t\t\t\t\t\t\t\t<\/div>\n\t\t\t\t<\/div>\n\t\t\t\t<div class=\"elementor-element elementor-element-c00661f elementor-widget elementor-widget-text-editor\" data-id=\"c00661f\" data-element_type=\"widget\" data-widget_type=\"text-editor.default\">\n\t\t\t\t<div class=\"elementor-widget-container\">\n\t\t\t\t\t\t\t\t\t<p>Vermilion est une entreprise qui s\u2019appuie sur des <strong>personnes exceptionnelles<\/strong> ayant de solides comp\u00e9tences et une vision innovante. Notre entreprise a la volont\u00e9 d\u2019offrir \u00e0 ses salari\u00e9s, comme \u00e0 ses sous-traitants, <strong>un cadre de travail \u00e9panouissant<\/strong>, des d\u00e9fis uniques et des projets passionnants.<\/p>\t\t\t\t\t\t\t\t<\/div>\n\t\t\t\t<\/div>\n\t\t\t\t<div class=\"elementor-element elementor-element-3db7b12 elementor-widget__width-initial elementor-widget elementor-widget-image\" data-id=\"3db7b12\" data-element_type=\"widget\" data-widget_type=\"image.default\">\n\t\t\t\t<div class=\"elementor-widget-container\">\n\t\t\t\t\t\t\t\t\t\t\t\t\t\t\t<img decoding=\"async\" width=\"800\" height=\"534\" src=\"https:\/\/www.vermilionenergy.com\/fr\/wp-content\/uploads\/sites\/5\/2022\/09\/Gabrielle-1024x683.jpg\" class=\"attachment-large size-large wp-image-417\" alt=\"\" srcset=\"https:\/\/www.vermilionenergy.com\/fr\/wp-content\/uploads\/sites\/5\/2022\/09\/Gabrielle-1024x683.jpg 1024w, https:\/\/www.vermilionenergy.com\/fr\/wp-content\/uploads\/sites\/5\/2022\/09\/Gabrielle-300x200.jpg 300w, https:\/\/www.vermilionenergy.com\/fr\/wp-content\/uploads\/sites\/5\/2022\/09\/Gabrielle-768x512.jpg 768w, https:\/\/www.vermilionenergy.com\/fr\/wp-content\/uploads\/sites\/5\/2022\/09\/Gabrielle-1536x1024.jpg 1536w, https:\/\/www.vermilionenergy.com\/fr\/wp-content\/uploads\/sites\/5\/2022\/09\/Gabrielle.jpg 1600w\" sizes=\"(max-width: 800px) 100vw, 800px\" \/>\t\t\t\t\t\t\t\t\t\t\t\t\t\t\t<\/div>\n\t\t\t\t<\/div>\n\t\t\t\t<div class=\"elementor-element elementor-element-a7c1ac7 elementor-widget__width-initial elementor-widget elementor-widget-image\" data-id=\"a7c1ac7\" data-element_type=\"widget\" data-widget_type=\"image.default\">\n\t\t\t\t<div class=\"elementor-widget-container\">\n\t\t\t\t\t\t\t\t\t\t\t\t\t\t\t<img decoding=\"async\" width=\"800\" height=\"534\" src=\"https:\/\/www.vermilionenergy.com\/fr\/wp-content\/uploads\/sites\/5\/2022\/09\/Julien_VBH-1024x683.jpg\" class=\"attachment-large size-large wp-image-419\" alt=\"\" srcset=\"https:\/\/www.vermilionenergy.com\/fr\/wp-content\/uploads\/sites\/5\/2022\/09\/Julien_VBH-1024x683.jpg 1024w, https:\/\/www.vermilionenergy.com\/fr\/wp-content\/uploads\/sites\/5\/2022\/09\/Julien_VBH-300x200.jpg 300w, https:\/\/www.vermilionenergy.com\/fr\/wp-content\/uploads\/sites\/5\/2022\/09\/Julien_VBH-768x512.jpg 768w, https:\/\/www.vermilionenergy.com\/fr\/wp-content\/uploads\/sites\/5\/2022\/09\/Julien_VBH-1536x1024.jpg 1536w, https:\/\/www.vermilionenergy.com\/fr\/wp-content\/uploads\/sites\/5\/2022\/09\/Julien_VBH.jpg 1600w\" sizes=\"(max-width: 800px) 100vw, 800px\" \/>\t\t\t\t\t\t\t\t\t\t\t\t\t\t\t<\/div>\n\t\t\t\t<\/div>\n\t\t\t\t<div class=\"elementor-element elementor-element-388dc05 elementor-widget-divider--view-line elementor-widget elementor-widget-divider\" data-id=\"388dc05\" data-element_type=\"widget\" data-widget_type=\"divider.default\">\n\t\t\t\t<div class=\"elementor-widget-container\">\n\t\t\t\t\t\t\t<div class=\"elementor-divider\">\n\t\t\t<span class=\"elementor-divider-separator\">\n\t\t\t\t\t\t<\/span>\n\t\t<\/div>\n\t\t\t\t\t\t<\/div>\n\t\t\t\t<\/div>\n\t\t\t\t<div class=\"elementor-element elementor-element-20435ff elementor-widget elementor-widget-text-editor\" data-id=\"20435ff\" data-element_type=\"widget\" data-widget_type=\"text-editor.default\">\n\t\t\t\t<div class=\"elementor-widget-container\">\n\t\t\t\t\t\t\t\t\t<h3>Des m\u00e9tiers techniques et op\u00e9rationnels<\/h3>\t\t\t\t\t\t\t\t<\/div>\n\t\t\t\t<\/div>\n\t\t\t\t<div class=\"elementor-element elementor-element-5bfba80 elementor-widget elementor-widget-text-editor\" data-id=\"5bfba80\" data-element_type=\"widget\" data-widget_type=\"text-editor.default\">\n\t\t\t\t<div class=\"elementor-widget-container\">\n\t\t\t\t\t\t\t\t\t<p>G\u00e9oscientifique(ne), Ing\u00e9nieur(e)\/Technicien(ne) workover-pulling, Ing\u00e9nieur(e) environnement\/\u00e9tudes, Ing\u00e9nieur(e) r\u00e9servoir, Op\u00e9rateur(trice)\/Technicien(ne) production et maintenance, Coordinateur(trice)\/Animateur(trice) en Pr\u00e9vention Sant\u00e9-S\u00e9cutit\u00e9, Ing\u00e9nieur(e)\/Technicien(ne) installations p\u00e9troli\u00e8res<\/p>\t\t\t\t\t\t\t\t<\/div>\n\t\t\t\t<\/div>\n\t\t\t\t<div class=\"elementor-element elementor-element-f95df05 elementor-widget-divider--view-line elementor-widget elementor-widget-divider\" data-id=\"f95df05\" data-element_type=\"widget\" data-widget_type=\"divider.default\">\n\t\t\t\t<div class=\"elementor-widget-container\">\n\t\t\t\t\t\t\t<div class=\"elementor-divider\">\n\t\t\t<span class=\"elementor-divider-separator\">\n\t\t\t\t\t\t<\/span>\n\t\t<\/div>\n\t\t\t\t\t\t<\/div>\n\t\t\t\t<\/div>\n\t\t\t\t<div class=\"elementor-element elementor-element-9990e32 elementor-widget elementor-widget-text-editor\" data-id=\"9990e32\" data-element_type=\"widget\" data-widget_type=\"text-editor.default\">\n\t\t\t\t<div class=\"elementor-widget-container\">\n\t\t\t\t\t\t\t\t\t<h3>Et tous les autres m\u00e9tiers de l\u2019entreprise !<\/h3>\t\t\t\t\t\t\t\t<\/div>\n\t\t\t\t<\/div>\n\t\t\t\t<div class=\"elementor-element elementor-element-8c3551f elementor-widget elementor-widget-text-editor\" data-id=\"8c3551f\" data-element_type=\"widget\" data-widget_type=\"text-editor.default\">\n\t\t\t\t<div class=\"elementor-widget-container\">\n\t\t\t\t\t\t\t\t\t<p>En plus des m\u00e9tiers sp\u00e9cifiques au secteur de l\u2019exploitation p\u00e9troli\u00e8re, le bon fonctionnement de Vermilion repose \u00e9galement sur les nombreuses fonctions supports.<\/p><p>Notamment, les ressources humaines, la communication, le juridique, l\u2019informatique, le contr\u00f4le de gestion, la comptabilit\u00e9, l\u2019assistanat ou les services g\u00e9n\u00e9raux, Ces m\u00e9tiers prodiguent un niveau de service indispensable \u00e0 l\u2019excellence des \u00e9quipes op\u00e9rationnelles et \u00e0 la performance globale de l\u2019entreprise.<\/p>\t\t\t\t\t\t\t\t<\/div>\n\t\t\t\t<\/div>\n\t\t\t\t<div class=\"elementor-element elementor-element-59fa19a elementor-widget elementor-widget-button\" data-id=\"59fa19a\" data-element_type=\"widget\" data-widget_type=\"button.default\">\n\t\t\t\t<div class=\"elementor-widget-container\">\n\t\t\t\t\t\t\t\t\t<div class=\"elementor-button-wrapper\">\n\t\t\t\t\t<a class=\"elementor-button elementor-button-link elementor-size-sm\" href=\"https:\/\/vermilionenergy.wd10.myworkdayjobs.com\/VEI_EXTERNAL\" target=\"_blank\">\n\t\t\t\t\t\t<span class=\"elementor-button-content-wrapper\">\n\t\t\t\t\t\t\t\t\t<span class=\"elementor-button-text\">Nos offres d'emplois<\/span>\n\t\t\t\t\t<\/span>\n\t\t\t\t\t<\/a>\n\t\t\t\t<\/div>\n\t\t\t\t\t\t\t\t<\/div>\n\t\t\t\t<\/div>\n\t\t\t\t<div class=\"elementor-element elementor-element-198ac65 elementor-widget-divider--view-line elementor-widget elementor-widget-divider\" data-id=\"198ac65\" data-element_type=\"widget\" data-widget_type=\"divider.default\">\n\t\t\t\t<div class=\"elementor-widget-container\">\n\t\t\t\t\t\t\t<div class=\"elementor-divider\">\n\t\t\t<span class=\"elementor-divider-separator\">\n\t\t\t\t\t\t<\/span>\n\t\t<\/div>\n\t\t\t\t\t\t<\/div>\n\t\t\t\t<\/div>\n\t\t\t\t\t<\/div>\n\t\t<\/div>\n\t\t\t\t\t<\/div>\n\t\t<\/section>\n\t\t\t\t<\/div>\n\t\t","protected":false},"excerpt":{"rendered":"<p>Page d&rsquo;accueil Page Travailler chez Vermilion Nous avons besoin de personnes motiv\u00e9es, venant de tous les horizons, pour nous accompagner dans la gestion efficace des ressources du sous-sol fran\u00e7ais! Chez Vermilion, nous savons que les meilleures technologies et strat\u00e9gies ne sont rien sans les meilleures \u00e9quipes. Nous accordons donc une attention particuli\u00e8re au recrutement, \u00e0 [&hellip;]<\/p>\n","protected":false},"author":3,"featured_media":0,"parent":0,"menu_order":17,"comment_status":"closed","ping_status":"closed","template":"","meta":{"footnotes":""},"class_list":["post-142","page","type-page","status-publish","hentry"],"yoast_head":"<!-- This site is optimized with the Yoast SEO plugin v26.3 - https:\/\/yoast.com\/wordpress\/plugins\/seo\/ -->\n<title>Travailler avec nous - Vermilion France<\/title>\n<meta name=\"robots\" content=\"index, follow, max-snippet:-1, max-image-preview:large, max-video-preview:-1\" \/>\n<link rel=\"canonical\" href=\"https:\/\/www.vermilionenergy.com\/fr\/travailler-avec-nous\/\" \/>\n<meta property=\"og:locale\" content=\"fr_FR\" \/>\n<meta property=\"og:type\" content=\"article\" \/>\n<meta property=\"og:title\" content=\"Travailler avec nous - Vermilion France\" \/>\n<meta property=\"og:description\" content=\"Page d&rsquo;accueil Page Travailler chez Vermilion Nous avons besoin de personnes motiv\u00e9es, venant de tous les horizons, pour nous accompagner dans la gestion efficace des ressources du sous-sol fran\u00e7ais! Chez Vermilion, nous savons que les meilleures technologies et strat\u00e9gies ne sont rien sans les meilleures \u00e9quipes. Nous accordons donc une attention particuli\u00e8re au recrutement, \u00e0 [&hellip;]\" \/>\n<meta property=\"og:url\" content=\"https:\/\/www.vermilionenergy.com\/fr\/travailler-avec-nous\/\" \/>\n<meta property=\"og:site_name\" content=\"Vermilion France\" \/>\n<meta property=\"article:modified_time\" content=\"2025-10-14T16:06:22+00:00\" \/>\n<meta property=\"og:image\" content=\"https:\/\/www.vermilionenergy.com\/fr\/wp-content\/uploads\/sites\/5\/2022\/09\/rejoignez-nous.png\" \/>\n\t<meta property=\"og:image:width\" content=\"629\" \/>\n\t<meta property=\"og:image:height\" content=\"483\" \/>\n\t<meta property=\"og:image:type\" content=\"image\/png\" \/>\n<meta name=\"twitter:card\" content=\"summary_large_image\" \/>\n<meta name=\"twitter:label1\" content=\"Dur\u00e9e de lecture estim\u00e9e\" \/>\n\t<meta name=\"twitter:data1\" content=\"2 minutes\" \/>\n<script type=\"application\/ld+json\" class=\"yoast-schema-graph\">{\"@context\":\"https:\/\/schema.org\",\"@graph\":[{\"@type\":\"WebPage\",\"@id\":\"https:\/\/www.vermilionenergy.com\/fr\/travailler-avec-nous\/\",\"url\":\"https:\/\/www.vermilionenergy.com\/fr\/travailler-avec-nous\/\",\"name\":\"Travailler avec nous - Vermilion France\",\"isPartOf\":{\"@id\":\"https:\/\/www.vermilionenergy.com\/fr\/#website\"},\"primaryImageOfPage\":{\"@id\":\"https:\/\/www.vermilionenergy.com\/fr\/travailler-avec-nous\/#primaryimage\"},\"image\":{\"@id\":\"https:\/\/www.vermilionenergy.com\/fr\/travailler-avec-nous\/#primaryimage\"},\"thumbnailUrl\":\"https:\/\/www.vermilionenergy.com\/fr\/wp-content\/uploads\/sites\/5\/2022\/09\/rejoignez-nous.png\",\"datePublished\":\"2022-09-06T17:26:56+00:00\",\"dateModified\":\"2025-10-14T16:06:22+00:00\",\"breadcrumb\":{\"@id\":\"https:\/\/www.vermilionenergy.com\/fr\/travailler-avec-nous\/#breadcrumb\"},\"inLanguage\":\"fr-FR\",\"potentialAction\":[{\"@type\":\"ReadAction\",\"target\":[\"https:\/\/www.vermilionenergy.com\/fr\/travailler-avec-nous\/\"]}]},{\"@type\":\"ImageObject\",\"inLanguage\":\"fr-FR\",\"@id\":\"https:\/\/www.vermilionenergy.com\/fr\/travailler-avec-nous\/#primaryimage\",\"url\":\"https:\/\/www.vermilionenergy.com\/fr\/wp-content\/uploads\/sites\/5\/2022\/09\/rejoignez-nous.png\",\"contentUrl\":\"https:\/\/www.vermilionenergy.com\/fr\/wp-content\/uploads\/sites\/5\/2022\/09\/rejoignez-nous.png\",\"width\":629,\"height\":483},{\"@type\":\"BreadcrumbList\",\"@id\":\"https:\/\/www.vermilionenergy.com\/fr\/travailler-avec-nous\/#breadcrumb\",\"itemListElement\":[{\"@type\":\"ListItem\",\"position\":1,\"name\":\"Home\",\"item\":\"https:\/\/www.vermilionenergy.com\/fr\/\"},{\"@type\":\"ListItem\",\"position\":2,\"name\":\"Travailler avec nous\"}]},{\"@type\":\"WebSite\",\"@id\":\"https:\/\/www.vermilionenergy.com\/fr\/#website\",\"url\":\"https:\/\/www.vermilionenergy.com\/fr\/\",\"name\":\"Vermilion France\",\"description\":\"Just another Vermilion Network site\",\"potentialAction\":[{\"@type\":\"SearchAction\",\"target\":{\"@type\":\"EntryPoint\",\"urlTemplate\":\"https:\/\/www.vermilionenergy.com\/fr\/?s={search_term_string}\"},\"query-input\":{\"@type\":\"PropertyValueSpecification\",\"valueRequired\":true,\"valueName\":\"search_term_string\"}}],\"inLanguage\":\"fr-FR\"}]}<\/script>\n<!-- \/ Yoast SEO plugin. -->","yoast_head_json":{"title":"Travailler avec nous - Vermilion France","robots":{"index":"index","follow":"follow","max-snippet":"max-snippet:-1","max-image-preview":"max-image-preview:large","max-video-preview":"max-video-preview:-1"},"canonical":"https:\/\/www.vermilionenergy.com\/fr\/travailler-avec-nous\/","og_locale":"fr_FR","og_type":"article","og_title":"Travailler avec nous - Vermilion France","og_description":"Page d&rsquo;accueil Page Travailler chez Vermilion Nous avons besoin de personnes motiv\u00e9es, venant de tous les horizons, pour nous accompagner dans la gestion efficace des ressources du sous-sol fran\u00e7ais! Chez Vermilion, nous savons que les meilleures technologies et strat\u00e9gies ne sont rien sans les meilleures \u00e9quipes. Nous accordons donc une attention particuli\u00e8re au recrutement, \u00e0 [&hellip;]","og_url":"https:\/\/www.vermilionenergy.com\/fr\/travailler-avec-nous\/","og_site_name":"Vermilion France","article_modified_time":"2025-10-14T16:06:22+00:00","og_image":[{"width":629,"height":483,"url":"https:\/\/www.vermilionenergy.com\/fr\/wp-content\/uploads\/sites\/5\/2022\/09\/rejoignez-nous.png","type":"image\/png"}],"twitter_card":"summary_large_image","twitter_misc":{"Dur\u00e9e de lecture estim\u00e9e":"2 minutes"},"schema":{"@context":"https:\/\/schema.org","@graph":[{"@type":"WebPage","@id":"https:\/\/www.vermilionenergy.com\/fr\/travailler-avec-nous\/","url":"https:\/\/www.vermilionenergy.com\/fr\/travailler-avec-nous\/","name":"Travailler avec nous - Vermilion France","isPartOf":{"@id":"https:\/\/www.vermilionenergy.com\/fr\/#website"},"primaryImageOfPage":{"@id":"https:\/\/www.vermilionenergy.com\/fr\/travailler-avec-nous\/#primaryimage"},"image":{"@id":"https:\/\/www.vermilionenergy.com\/fr\/travailler-avec-nous\/#primaryimage"},"thumbnailUrl":"https:\/\/www.vermilionenergy.com\/fr\/wp-content\/uploads\/sites\/5\/2022\/09\/rejoignez-nous.png","datePublished":"2022-09-06T17:26:56+00:00","dateModified":"2025-10-14T16:06:22+00:00","breadcrumb":{"@id":"https:\/\/www.vermilionenergy.com\/fr\/travailler-avec-nous\/#breadcrumb"},"inLanguage":"fr-FR","potentialAction":[{"@type":"ReadAction","target":["https:\/\/www.vermilionenergy.com\/fr\/travailler-avec-nous\/"]}]},{"@type":"ImageObject","inLanguage":"fr-FR","@id":"https:\/\/www.vermilionenergy.com\/fr\/travailler-avec-nous\/#primaryimage","url":"https:\/\/www.vermilionenergy.com\/fr\/wp-content\/uploads\/sites\/5\/2022\/09\/rejoignez-nous.png","contentUrl":"https:\/\/www.vermilionenergy.com\/fr\/wp-content\/uploads\/sites\/5\/2022\/09\/rejoignez-nous.png","width":629,"height":483},{"@type":"BreadcrumbList","@id":"https:\/\/www.vermilionenergy.com\/fr\/travailler-avec-nous\/#breadcrumb","itemListElement":[{"@type":"ListItem","position":1,"name":"Home","item":"https:\/\/www.vermilionenergy.com\/fr\/"},{"@type":"ListItem","position":2,"name":"Travailler avec nous"}]},{"@type":"WebSite","@id":"https:\/\/www.vermilionenergy.com\/fr\/#website","url":"https:\/\/www.vermilionenergy.com\/fr\/","name":"Vermilion France","description":"Just another Vermilion Network site","potentialAction":[{"@type":"SearchAction","target":{"@type":"EntryPoint","urlTemplate":"https:\/\/www.vermilionenergy.com\/fr\/?s={search_term_string}"},"query-input":{"@type":"PropertyValueSpecification","valueRequired":true,"valueName":"search_term_string"}}],"inLanguage":"fr-FR"}]}},"_links":{"self":[{"href":"https:\/\/www.vermilionenergy.com\/fr\/wp-json\/wp\/v2\/pages\/142","targetHints":{"allow":["GET"]}}],"collection":[{"href":"https:\/\/www.vermilionenergy.com\/fr\/wp-json\/wp\/v2\/pages"}],"about":[{"href":"https:\/\/www.vermilionenergy.com\/fr\/wp-json\/wp\/v2\/types\/page"}],"author":[{"embeddable":true,"href":"https:\/\/www.vermilionenergy.com\/fr\/wp-json\/wp\/v2\/users\/3"}],"replies":[{"embeddable":true,"href":"https:\/\/www.vermilionenergy.com\/fr\/wp-json\/wp\/v2\/comments?post=142"}],"version-history":[{"count":0,"href":"https:\/\/www.vermilionenergy.com\/fr\/wp-json\/wp\/v2\/pages\/142\/revisions"}],"wp:attachment":[{"href":"https:\/\/www.vermilionenergy.com\/fr\/wp-json\/wp\/v2\/media?parent=142"}],"curies":[{"name":"wp","href":"https:\/\/api.w.org\/{rel}","templated":true}]}}