{"id":150,"date":"2022-09-06T17:28:26","date_gmt":"2022-09-06T17:28:26","guid":{"rendered":"https:\/\/vermilionenerg.wpengine.com\/fr\/nouvelles\/"},"modified":"2026-03-02T10:55:22","modified_gmt":"2026-03-02T10:55:22","slug":"nouvelles","status":"publish","type":"page","link":"https:\/\/www.vermilionenergy.com\/fr\/nouvelles\/","title":{"rendered":"Actualit\u00e9s"},"content":{"rendered":"\t\t<div data-elementor-type=\"wp-page\" data-elementor-id=\"150\" class=\"elementor elementor-150\" data-elementor-post-type=\"page\">\n\t\t\t\t\t\t<section class=\"elementor-section elementor-top-section elementor-element elementor-element-18ffb27 elementor-section-height-min-height elementor-section-items-bottom elementor-section-boxed elementor-section-height-default\" data-id=\"18ffb27\" data-element_type=\"section\" data-settings=\"{&quot;background_background&quot;:&quot;classic&quot;,&quot;jet_parallax_layout_list&quot;:[]}\">\n\t\t\t\t\t\t\t<div class=\"elementor-background-overlay\"><\/div>\n\t\t\t\t\t\t\t<div class=\"elementor-container elementor-column-gap-default\">\n\t\t\t\t\t<div class=\"elementor-column elementor-col-100 elementor-top-column elementor-element elementor-element-40752a2\" data-id=\"40752a2\" data-element_type=\"column\">\n\t\t\t<div class=\"elementor-widget-wrap elementor-element-populated\">\n\t\t\t\t\t\t<div class=\"elementor-element elementor-element-7a9fbc4 text-left elementor-widget elementor-widget-tp-breadcrumbs-bar\" data-id=\"7a9fbc4\" data-element_type=\"widget\" data-widget_type=\"tp-breadcrumbs-bar.default\">\n\t\t\t\t<div class=\"elementor-widget-container\">\n\t\t\t\t\t<div id=\"bread69e5e22e325d5\" class=\"pt_plus_breadcrumbs_bar \"  \"><div class=\"pt_plus_breadcrumbs_bar_inner bred_style_1\"><nav id=\"breadcrumbs\"><span class=\"bc_home\"><a class=\"home_bread_tab\" href=\"https:\/\/www.vermilionenergy.com\/fr\/\"><i class=\" fa fa-home bread-home-icon\" ><\/i>Page d'accueil<i class=\" fa fa-chevron-right bread-sep-icon\" ><\/i><\/a><\/span> <span class=\"del\"><\/span> <span class=\"current\"><div class=\"current_tab_sec\">Page<\/div><\/span><\/nav><\/div><\/div>\t\t\t\t<\/div>\n\t\t\t\t<\/div>\n\t\t\t\t<div class=\"elementor-element elementor-element-7bc9848 elementor-widget elementor-widget-heading\" data-id=\"7bc9848\" data-element_type=\"widget\" data-widget_type=\"heading.default\">\n\t\t\t\t<div class=\"elementor-widget-container\">\n\t\t\t\t\t<h1 class=\"elementor-heading-title elementor-size-default\">Actualit\u00e9s<\/h1>\t\t\t\t<\/div>\n\t\t\t\t<\/div>\n\t\t\t\t\t<\/div>\n\t\t<\/div>\n\t\t\t\t\t<\/div>\n\t\t<\/section>\n\t\t\t\t<section class=\"elementor-section elementor-top-section elementor-element elementor-element-22d1d6e elementor-section-boxed elementor-section-height-default elementor-section-height-default\" data-id=\"22d1d6e\" data-element_type=\"section\" data-settings=\"{&quot;jet_parallax_layout_list&quot;:[]}\">\n\t\t\t\t\t\t<div class=\"elementor-container elementor-column-gap-default\">\n\t\t\t\t\t<div class=\"elementor-column elementor-col-100 elementor-top-column elementor-element elementor-element-514d746\" data-id=\"514d746\" data-element_type=\"column\">\n\t\t\t<div class=\"elementor-widget-wrap\">\n\t\t\t\t\t\t\t<\/div>\n\t\t<\/div>\n\t\t\t\t\t<\/div>\n\t\t<\/section>\n\t\t\t\t<section class=\"elementor-section elementor-top-section elementor-element elementor-element-b65d33e elementor-section-boxed elementor-section-height-default elementor-section-height-default\" data-id=\"b65d33e\" data-element_type=\"section\" data-settings=\"{&quot;jet_parallax_layout_list&quot;:[]}\">\n\t\t\t\t\t\t<div class=\"elementor-container elementor-column-gap-default\">\n\t\t\t\t\t<div class=\"elementor-column elementor-col-100 elementor-top-column elementor-element elementor-element-4684b25\" data-id=\"4684b25\" data-element_type=\"column\">\n\t\t\t<div class=\"elementor-widget-wrap elementor-element-populated\">\n\t\t\t\t\t\t<div class=\"elementor-element elementor-element-f84a701 intro-text elementor-widget elementor-widget-heading\" data-id=\"f84a701\" data-element_type=\"widget\" data-widget_type=\"heading.default\">\n\t\t\t\t<div class=\"elementor-widget-container\">\n\t\t\t\t\t<h3 class=\"elementor-heading-title elementor-size-default\">Fusion administrative<\/h3>\t\t\t\t<\/div>\n\t\t\t\t<\/div>\n\t\t\t\t<div class=\"elementor-element elementor-element-376d851 elementor-widget__width-initial elementor-widget elementor-widget-text-editor\" data-id=\"376d851\" data-element_type=\"widget\" data-widget_type=\"text-editor.default\">\n\t\t\t\t<div class=\"elementor-widget-container\">\n\t\t\t\t\t\t\t\t\t<p>Par d\u00e9cision de l\u2019Assembl\u00e9e G\u00e9n\u00e9rale Extraordinaire du 29\/04\/2025, il a \u00e9t\u00e9 d\u00e9cid\u00e9 d\u2019ent\u00e9riner la r\u00e9alisation d\u2019une <strong>fusion de la soci\u00e9t\u00e9 Vermilion Moraine SAS dans la soci\u00e9t\u00e9 Vermilion REP SAS.<\/strong> La fusion interviendra le premier jour ouvr\u00e9 suivant l\u2019expiration du d\u00e9lai de publicit\u00e9 de 30 jours pr\u00e9vu \u00e0 l\u2019article R.236-3 du code du commerce. Vous pouvez consulter le trait\u00e9 de fusion en cliquant sur ce lien :&nbsp;<a href=\"https:\/\/www.vermilionenergy.com\/fr\/wp-content\/uploads\/sites\/5\/2025\/04\/Traite-de-fusion-VREP-VMO-FINAL-2025.pdf\">Traite de fusion VREP-VMO-FINAL 2025<\/a>&nbsp;\u00bb.<\/p><p><br><\/p>\t\t\t\t\t\t\t\t<\/div>\n\t\t\t\t<\/div>\n\t\t\t\t<div class=\"elementor-element elementor-element-bb0a791 intro-text elementor-widget elementor-widget-heading\" data-id=\"bb0a791\" data-element_type=\"widget\" data-widget_type=\"heading.default\">\n\t\t\t\t<div class=\"elementor-widget-container\">\n\t\t\t\t\t<h3 class=\"elementor-heading-title elementor-size-default\">Publication de l\u2019Index de l\u2019\u00e9galit\u00e9 professionnelle VERMILION FRANCE 2026 (au titre de 2025)<\/h3>\t\t\t\t<\/div>\n\t\t\t\t<\/div>\n\t\t\t\t<div class=\"elementor-element elementor-element-4c5969e elementor-widget__width-initial elementor-widget elementor-widget-text-editor\" data-id=\"4c5969e\" data-element_type=\"widget\" data-widget_type=\"text-editor.default\">\n\t\t\t\t<div class=\"elementor-widget-container\">\n\t\t\t\t\t\t\t\t\t<p>Mis en place depuis 2018 par la loi pour la libert\u00e9 de choisir son avenir professionnel, l&rsquo;index de l&rsquo;\u00e9galit\u00e9 professionnelle entre les femmes et les hommes permet de mesurer les in\u00e9galit\u00e9s salariales au sein des entreprises d&rsquo;au moins 50 salari\u00e9s. Il vise \u00e0 supprimer les \u00e9carts de r\u00e9mun\u00e9ration entre les femmes et les hommes. Chaque ann\u00e9e, les entreprises concern\u00e9es doivent calculer cet index et rendre public le score obtenu.<br \/><strong>Vermilion France inscrit durablement la lutte contre les discriminations au c\u0153ur de ses pratiques de Ressources Humaines et de sa strat\u00e9gie RSE, en faisant du refus des discriminations une exigence professionnelle pour tous les salari\u00e9s. Chez Vermilion, favoriser l\u2019\u00e9galit\u00e9 entre les femmes et les hommes dans la sph\u00e8re professionnelle n\u2019est pas n\u00e9gociable.<br \/><\/strong>En tant qu&rsquo;entreprise de 130 salari\u00e9s, Vermilion France publie son index d\u2019\u00e9galit\u00e9 professionnelle femmes \u2013 hommes dont le score total est de <strong>93\/100<\/strong> (il \u00e9tait de 86\/100 en 2025 au titre de 2024)<strong>.<br \/><\/strong>Vermilion France travaille \u00e0 la d\u00e9finition de ses objectifs de progression pour chaque indicateur pour lequel la note maximale n\u2019a pas \u00e9t\u00e9 atteinte et se r\u00e9jouit d&rsquo;avoir enregistr\u00e9 cette ann\u00e9e une nouvelle am\u00e9lioration de son score total, par rapport \u00e0 l&rsquo;ann\u00e9e pr\u00e9c\u00e9dente.<\/p>\t\t\t\t\t\t\t\t<\/div>\n\t\t\t\t<\/div>\n\t\t\t\t<div class=\"elementor-element elementor-element-99d0285 elementor-widget-divider--view-line elementor-widget elementor-widget-divider\" data-id=\"99d0285\" data-element_type=\"widget\" data-widget_type=\"divider.default\">\n\t\t\t\t<div class=\"elementor-widget-container\">\n\t\t\t\t\t\t\t<div class=\"elementor-divider\">\n\t\t\t<span class=\"elementor-divider-separator\">\n\t\t\t\t\t\t<\/span>\n\t\t<\/div>\n\t\t\t\t\t\t<\/div>\n\t\t\t\t<\/div>\n\t\t\t\t\t<\/div>\n\t\t<\/div>\n\t\t\t\t\t<\/div>\n\t\t<\/section>\n\t\t\t\t<section class=\"elementor-section elementor-top-section elementor-element elementor-element-7409f3d elementor-section-boxed elementor-section-height-default elementor-section-height-default\" data-id=\"7409f3d\" data-element_type=\"section\" data-settings=\"{&quot;jet_parallax_layout_list&quot;:[]}\">\n\t\t\t\t\t\t<div class=\"elementor-container elementor-column-gap-default\">\n\t\t\t\t\t<div class=\"elementor-column elementor-col-100 elementor-top-column elementor-element elementor-element-65996fe\" data-id=\"65996fe\" data-element_type=\"column\">\n\t\t\t<div class=\"elementor-widget-wrap elementor-element-populated\">\n\t\t\t\t\t\t<div class=\"elementor-element elementor-element-ef18fbe intro-text elementor-widget elementor-widget-heading\" data-id=\"ef18fbe\" data-element_type=\"widget\" data-widget_type=\"heading.default\">\n\t\t\t\t<div class=\"elementor-widget-container\">\n\t\t\t\t\t<h3 class=\"elementor-heading-title elementor-size-default\">VERMILION France a obtenu, pour la seconde fois, la certification AFNOR Engag\u00e9 RSE niveau \u00ab confirm\u00e9 \u00bb<\/h3>\t\t\t\t<\/div>\n\t\t\t\t<\/div>\n\t\t\t\t<div class=\"elementor-element elementor-element-2d8ec97 elementor-widget elementor-widget-text-editor\" data-id=\"2d8ec97\" data-element_type=\"widget\" data-widget_type=\"text-editor.default\">\n\t\t\t\t<div class=\"elementor-widget-container\">\n\t\t\t\t\t\t\t\t\t<p>Vermilion France obtenait fin 2020 le label AFNOR \u00ab\u00a0Engag\u00e9 RSE &#8211; niveau confirm\u00e9\u00a0\u00bb (niveau 3 sur 4) pour une dur\u00e9e de 3 ans. Au terme de son \u00e9valuation de juin 2023, <strong>Vermilion est fi\u00e8re de conserver ce niveau de performance et s\u2019engage \u00e0 maintenir ses efforts dans le cadre d\u2019un processus d\u2019am\u00e9lioration continue.<\/strong><\/p><p>Le label AFNOR \u00ab Engag\u00e9 RSE \u00bb est un label reconnu \u00e0 l&rsquo;international, bas\u00e9 sur un r\u00e9f\u00e9rentiel d\u2019\u00e9valuation exigeant qui \u00e9value le niveau d\u2019int\u00e9gration des principes de l\u2019ISO 26000 dans la strat\u00e9gie et le management de l\u2019organisation (lignes directrices, cadre international de comportement, respect des grands textes fondateurs internationaux).<\/p><p><strong>Nous avons \u00e9galement obtenu une reconnaissance internationale via la marque \u00ab Responsibility Europe \u00bb<\/strong> dont le Label Engag\u00e9 RSE est un des 3 partenaires europ\u00e9ens. Responsibility Europe r\u00e9unit des labels et certifications RSE de premier plan, exigeants et pragmatiques, qui partagent le m\u00eame ADN, avec des valeurs et des exigences de maturit\u00e9 fortes.<\/p>\t\t\t\t\t\t\t\t<\/div>\n\t\t\t\t<\/div>\n\t\t\t\t<div class=\"elementor-element elementor-element-4a201d1 elementor-widget-divider--view-line elementor-widget elementor-widget-divider\" data-id=\"4a201d1\" data-element_type=\"widget\" data-widget_type=\"divider.default\">\n\t\t\t\t<div class=\"elementor-widget-container\">\n\t\t\t\t\t\t\t<div class=\"elementor-divider\">\n\t\t\t<span class=\"elementor-divider-separator\">\n\t\t\t\t\t\t<\/span>\n\t\t<\/div>\n\t\t\t\t\t\t<\/div>\n\t\t\t\t<\/div>\n\t\t\t\t\t<\/div>\n\t\t<\/div>\n\t\t\t\t\t<\/div>\n\t\t<\/section>\n\t\t\t\t<\/div>\n\t\t","protected":false},"excerpt":{"rendered":"<p>Page d&rsquo;accueil Page Fusion administrative Par d\u00e9cision de l\u2019Assembl\u00e9e G\u00e9n\u00e9rale Extraordinaire du 29\/04\/2025, il a \u00e9t\u00e9 d\u00e9cid\u00e9 d\u2019ent\u00e9riner la r\u00e9alisation d\u2019une fusion de la soci\u00e9t\u00e9 Vermilion Moraine SAS dans la soci\u00e9t\u00e9 Vermilion REP SAS. La fusion interviendra le premier jour ouvr\u00e9 suivant l\u2019expiration du d\u00e9lai de publicit\u00e9 de 30 jours pr\u00e9vu \u00e0 l\u2019article R.236-3 du [&hellip;]<\/p>\n","protected":false},"author":3,"featured_media":0,"parent":0,"menu_order":18,"comment_status":"closed","ping_status":"closed","template":"","meta":{"footnotes":""},"class_list":["post-150","page","type-page","status-publish","hentry"],"yoast_head":"<!-- This site is optimized with the Yoast SEO plugin v26.3 - https:\/\/yoast.com\/wordpress\/plugins\/seo\/ -->\n<title>Actualit\u00e9s - Vermilion France<\/title>\n<meta name=\"robots\" content=\"index, follow, max-snippet:-1, max-image-preview:large, max-video-preview:-1\" \/>\n<link rel=\"canonical\" href=\"https:\/\/www.vermilionenergy.com\/fr\/nouvelles\/\" \/>\n<meta property=\"og:locale\" content=\"fr_FR\" \/>\n<meta property=\"og:type\" content=\"article\" \/>\n<meta property=\"og:title\" content=\"Actualit\u00e9s - Vermilion France\" \/>\n<meta property=\"og:description\" content=\"Page d&rsquo;accueil Page Fusion administrative Par d\u00e9cision de l\u2019Assembl\u00e9e G\u00e9n\u00e9rale Extraordinaire du 29\/04\/2025, il a \u00e9t\u00e9 d\u00e9cid\u00e9 d\u2019ent\u00e9riner la r\u00e9alisation d\u2019une fusion de la soci\u00e9t\u00e9 Vermilion Moraine SAS dans la soci\u00e9t\u00e9 Vermilion REP SAS. La fusion interviendra le premier jour ouvr\u00e9 suivant l\u2019expiration du d\u00e9lai de publicit\u00e9 de 30 jours pr\u00e9vu \u00e0 l\u2019article R.236-3 du [&hellip;]\" \/>\n<meta property=\"og:url\" content=\"https:\/\/www.vermilionenergy.com\/fr\/nouvelles\/\" \/>\n<meta property=\"og:site_name\" content=\"Vermilion France\" \/>\n<meta property=\"article:modified_time\" content=\"2026-03-02T10:55:22+00:00\" \/>\n<meta name=\"twitter:card\" content=\"summary_large_image\" \/>\n<meta name=\"twitter:label1\" content=\"Dur\u00e9e de lecture estim\u00e9e\" \/>\n\t<meta name=\"twitter:data1\" content=\"3 minutes\" \/>\n<script type=\"application\/ld+json\" class=\"yoast-schema-graph\">{\"@context\":\"https:\/\/schema.org\",\"@graph\":[{\"@type\":\"WebPage\",\"@id\":\"https:\/\/www.vermilionenergy.com\/fr\/nouvelles\/\",\"url\":\"https:\/\/www.vermilionenergy.com\/fr\/nouvelles\/\",\"name\":\"Actualit\u00e9s - Vermilion France\",\"isPartOf\":{\"@id\":\"https:\/\/www.vermilionenergy.com\/fr\/#website\"},\"datePublished\":\"2022-09-06T17:28:26+00:00\",\"dateModified\":\"2026-03-02T10:55:22+00:00\",\"breadcrumb\":{\"@id\":\"https:\/\/www.vermilionenergy.com\/fr\/nouvelles\/#breadcrumb\"},\"inLanguage\":\"fr-FR\",\"potentialAction\":[{\"@type\":\"ReadAction\",\"target\":[\"https:\/\/www.vermilionenergy.com\/fr\/nouvelles\/\"]}]},{\"@type\":\"BreadcrumbList\",\"@id\":\"https:\/\/www.vermilionenergy.com\/fr\/nouvelles\/#breadcrumb\",\"itemListElement\":[{\"@type\":\"ListItem\",\"position\":1,\"name\":\"Home\",\"item\":\"https:\/\/www.vermilionenergy.com\/fr\/\"},{\"@type\":\"ListItem\",\"position\":2,\"name\":\"Actualit\u00e9s\"}]},{\"@type\":\"WebSite\",\"@id\":\"https:\/\/www.vermilionenergy.com\/fr\/#website\",\"url\":\"https:\/\/www.vermilionenergy.com\/fr\/\",\"name\":\"Vermilion France\",\"description\":\"Just another Vermilion Network site\",\"potentialAction\":[{\"@type\":\"SearchAction\",\"target\":{\"@type\":\"EntryPoint\",\"urlTemplate\":\"https:\/\/www.vermilionenergy.com\/fr\/?s={search_term_string}\"},\"query-input\":{\"@type\":\"PropertyValueSpecification\",\"valueRequired\":true,\"valueName\":\"search_term_string\"}}],\"inLanguage\":\"fr-FR\"}]}<\/script>\n<!-- \/ Yoast SEO plugin. -->","yoast_head_json":{"title":"Actualit\u00e9s - Vermilion France","robots":{"index":"index","follow":"follow","max-snippet":"max-snippet:-1","max-image-preview":"max-image-preview:large","max-video-preview":"max-video-preview:-1"},"canonical":"https:\/\/www.vermilionenergy.com\/fr\/nouvelles\/","og_locale":"fr_FR","og_type":"article","og_title":"Actualit\u00e9s - Vermilion France","og_description":"Page d&rsquo;accueil Page Fusion administrative Par d\u00e9cision de l\u2019Assembl\u00e9e G\u00e9n\u00e9rale Extraordinaire du 29\/04\/2025, il a \u00e9t\u00e9 d\u00e9cid\u00e9 d\u2019ent\u00e9riner la r\u00e9alisation d\u2019une fusion de la soci\u00e9t\u00e9 Vermilion Moraine SAS dans la soci\u00e9t\u00e9 Vermilion REP SAS. La fusion interviendra le premier jour ouvr\u00e9 suivant l\u2019expiration du d\u00e9lai de publicit\u00e9 de 30 jours pr\u00e9vu \u00e0 l\u2019article R.236-3 du [&hellip;]","og_url":"https:\/\/www.vermilionenergy.com\/fr\/nouvelles\/","og_site_name":"Vermilion France","article_modified_time":"2026-03-02T10:55:22+00:00","twitter_card":"summary_large_image","twitter_misc":{"Dur\u00e9e de lecture estim\u00e9e":"3 minutes"},"schema":{"@context":"https:\/\/schema.org","@graph":[{"@type":"WebPage","@id":"https:\/\/www.vermilionenergy.com\/fr\/nouvelles\/","url":"https:\/\/www.vermilionenergy.com\/fr\/nouvelles\/","name":"Actualit\u00e9s - Vermilion France","isPartOf":{"@id":"https:\/\/www.vermilionenergy.com\/fr\/#website"},"datePublished":"2022-09-06T17:28:26+00:00","dateModified":"2026-03-02T10:55:22+00:00","breadcrumb":{"@id":"https:\/\/www.vermilionenergy.com\/fr\/nouvelles\/#breadcrumb"},"inLanguage":"fr-FR","potentialAction":[{"@type":"ReadAction","target":["https:\/\/www.vermilionenergy.com\/fr\/nouvelles\/"]}]},{"@type":"BreadcrumbList","@id":"https:\/\/www.vermilionenergy.com\/fr\/nouvelles\/#breadcrumb","itemListElement":[{"@type":"ListItem","position":1,"name":"Home","item":"https:\/\/www.vermilionenergy.com\/fr\/"},{"@type":"ListItem","position":2,"name":"Actualit\u00e9s"}]},{"@type":"WebSite","@id":"https:\/\/www.vermilionenergy.com\/fr\/#website","url":"https:\/\/www.vermilionenergy.com\/fr\/","name":"Vermilion France","description":"Just another Vermilion Network site","potentialAction":[{"@type":"SearchAction","target":{"@type":"EntryPoint","urlTemplate":"https:\/\/www.vermilionenergy.com\/fr\/?s={search_term_string}"},"query-input":{"@type":"PropertyValueSpecification","valueRequired":true,"valueName":"search_term_string"}}],"inLanguage":"fr-FR"}]}},"_links":{"self":[{"href":"https:\/\/www.vermilionenergy.com\/fr\/wp-json\/wp\/v2\/pages\/150","targetHints":{"allow":["GET"]}}],"collection":[{"href":"https:\/\/www.vermilionenergy.com\/fr\/wp-json\/wp\/v2\/pages"}],"about":[{"href":"https:\/\/www.vermilionenergy.com\/fr\/wp-json\/wp\/v2\/types\/page"}],"author":[{"embeddable":true,"href":"https:\/\/www.vermilionenergy.com\/fr\/wp-json\/wp\/v2\/users\/3"}],"replies":[{"embeddable":true,"href":"https:\/\/www.vermilionenergy.com\/fr\/wp-json\/wp\/v2\/comments?post=150"}],"version-history":[{"count":3,"href":"https:\/\/www.vermilionenergy.com\/fr\/wp-json\/wp\/v2\/pages\/150\/revisions"}],"predecessor-version":[{"id":3296,"href":"https:\/\/www.vermilionenergy.com\/fr\/wp-json\/wp\/v2\/pages\/150\/revisions\/3296"}],"wp:attachment":[{"href":"https:\/\/www.vermilionenergy.com\/fr\/wp-json\/wp\/v2\/media?parent=150"}],"curies":[{"name":"wp","href":"https:\/\/api.w.org\/{rel}","templated":true}]}}