{"id":1760,"date":"2022-07-22T21:27:16","date_gmt":"2022-07-22T21:27:16","guid":{"rendered":"https:\/\/vermilionenerg.wpengine.com\/fr\/about-us\/nos-valeurs-principles\/"},"modified":"2024-11-27T10:02:10","modified_gmt":"2024-11-27T10:02:10","slug":"nos-valeurs-principles","status":"publish","type":"page","link":"https:\/\/www.vermilionenergy.com\/fr\/about-us\/nos-valeurs-principles\/","title":{"rendered":"Nos Valeurs &amp; Principles"},"content":{"rendered":"\t\t<div data-elementor-type=\"wp-page\" data-elementor-id=\"1760\" class=\"elementor elementor-1760\" data-elementor-post-type=\"page\">\n\t\t\t\t\t\t<section class=\"elementor-section elementor-top-section elementor-element elementor-element-0b3cffe elementor-section-height-min-height elementor-section-items-bottom elementor-section-boxed elementor-section-height-default\" data-id=\"0b3cffe\" data-element_type=\"section\" data-settings=\"{&quot;background_background&quot;:&quot;classic&quot;,&quot;jet_parallax_layout_list&quot;:[]}\">\n\t\t\t\t\t\t\t<div class=\"elementor-background-overlay\"><\/div>\n\t\t\t\t\t\t\t<div class=\"elementor-container elementor-column-gap-default\">\n\t\t\t\t\t<div class=\"elementor-column elementor-col-100 elementor-top-column elementor-element elementor-element-5691f72\" data-id=\"5691f72\" data-element_type=\"column\">\n\t\t\t<div class=\"elementor-widget-wrap elementor-element-populated\">\n\t\t\t\t\t\t<div class=\"elementor-element elementor-element-35639ed text-left elementor-widget elementor-widget-tp-breadcrumbs-bar\" data-id=\"35639ed\" data-element_type=\"widget\" data-widget_type=\"tp-breadcrumbs-bar.default\">\n\t\t\t\t<div class=\"elementor-widget-container\">\n\t\t\t\t\t<div id=\"bread69f587a9cc1b9\" class=\"pt_plus_breadcrumbs_bar \"  \"><div class=\"pt_plus_breadcrumbs_bar_inner bred_style_1\"><nav id=\"breadcrumbs\"><span class=\"bc_home\"><a class=\"home_bread_tab\" href=\"https:\/\/www.vermilionenergy.com\/fr\/\"><i class=\" fa fa-home bread-home-icon\" ><\/i>Page d'accueil<i class=\" fa fa-chevron-right bread-sep-icon\" ><\/i><\/a><\/span> <span class=\"del\"><\/span> <span class=\"current\"><div class=\"current_tab_sec\">Page<\/div><\/span><\/nav><\/div><\/div>\t\t\t\t<\/div>\n\t\t\t\t<\/div>\n\t\t\t\t<div class=\"elementor-element elementor-element-a8055d9 elementor-widget__width-initial elementor-widget elementor-widget-heading\" data-id=\"a8055d9\" data-element_type=\"widget\" data-widget_type=\"heading.default\">\n\t\t\t\t<div class=\"elementor-widget-container\">\n\t\t\t\t\t<h1 class=\"elementor-heading-title elementor-size-default\">Notre vision et nos valeurs fondamentales <\/h1>\t\t\t\t<\/div>\n\t\t\t\t<\/div>\n\t\t\t\t\t<\/div>\n\t\t<\/div>\n\t\t\t\t\t<\/div>\n\t\t<\/section>\n\t\t\t\t<section class=\"elementor-section elementor-top-section elementor-element elementor-element-4643200 elementor-section-boxed elementor-section-height-default elementor-section-height-default\" data-id=\"4643200\" data-element_type=\"section\" data-settings=\"{&quot;jet_parallax_layout_list&quot;:[]}\">\n\t\t\t\t\t\t<div class=\"elementor-container elementor-column-gap-default\">\n\t\t\t\t\t<div class=\"elementor-column elementor-col-66 elementor-top-column elementor-element elementor-element-2040f31\" data-id=\"2040f31\" data-element_type=\"column\">\n\t\t\t<div class=\"elementor-widget-wrap elementor-element-populated\">\n\t\t\t\t\t\t<div class=\"elementor-element elementor-element-638a549 elementor-widget__width-initial elementor-widget elementor-widget-heading\" data-id=\"638a549\" data-element_type=\"widget\" data-widget_type=\"heading.default\">\n\t\t\t\t<div class=\"elementor-widget-container\">\n\t\t\t\t\t<h2 class=\"elementor-heading-title elementor-size-default\">Notre vision et nos valeurs fondamentales<\/h2>\t\t\t\t<\/div>\n\t\t\t\t<\/div>\n\t\t\t\t<div class=\"elementor-element elementor-element-f83a07f elementor-widget elementor-widget-text-editor\" data-id=\"f83a07f\" data-element_type=\"widget\" data-widget_type=\"text-editor.default\">\n\t\t\t\t<div class=\"elementor-widget-container\">\n\t\t\t\t\t\t\t\t\t<p class=\"intro\">Nos valeurs fondamentales que sont l\u2019<strong>Excellence<\/strong>, la <strong>Confiance<\/strong>, le <strong>Respect<\/strong> et la <strong>Responsabilit\u00e9<\/strong> guident Vermilion dans ses activit\u00e9s et dans sa mani\u00e8re de les r\u00e9aliser. Elles sont le prolongement de notre identit\u00e9.<\/p><p class=\"intro\">Nous sommes intimement convaincus que pour \u00eatre prosp\u00e8re, une entreprise doit <strong>privil\u00e9gier ses employ\u00e9s et l\u2019environnement<\/strong> plut\u00f4t que son propre profit. Selon ce principe, nous nous engageons \u00e0 r\u00e9aliser nos activit\u00e9s d\u2019une mani\u00e8re respectueuse de la sant\u00e9 et de la s\u00e9curit\u00e9 des personnes travaillant avec nous, ainsi que de la vie des collectivit\u00e9s dans lesquelles nous intervenons. Nous faisons \u00e9galement tout ce qui est en notre pouvoir pour mener \u00e0 bien nos activit\u00e9s de la mani\u00e8re la plus respectueuse possible de l\u2019environnement. Nous sommes reconnus comme un <strong>voisin de choix <\/strong>et fortement impliqu\u00e9s dans les communaut\u00e9s o\u00f9 nos employ\u00e9s vivent et travaillent.<\/p><p><strong>Les entreprises performantes et bien g\u00e9r\u00e9es font du d\u00e9veloppement durable un \u00e9l\u00e9ment central de leur strat\u00e9gie.<\/strong> Vermilion reconna\u00eet que <strong>nous avons tous un r\u00f4le \u00e0 jouer pour limiter les impacts environnementaux<\/strong> d&rsquo;une \u00e9conomie fond\u00e9e sur le carbone, que nous soyons producteurs ou consommateurs d&rsquo;\u00e9nergie fossile. C\u2019est pour cela que nous continuons de nous engager \u00e0<strong> r\u00e9duire notre empreinte environnementale<\/strong> en investissant dans des technologies visant \u00e0 optimiser les rendements \u00e9nerg\u00e9tiques et l\u2019utilisation de l\u2019eau, tout en r\u00e9duisant parall\u00e8lement nos \u00e9missions de gaz \u00e0 effet de serre. Nous apportons une <strong>attention particuli\u00e8re aux territoires et populations<\/strong> qui peuvent \u00eatre impact\u00e9s par nos activit\u00e9s et nous consid\u00e9rons nos \u00e9quipes, nos partenaires, nos fournisseurs et les membres de notre communaut\u00e9 de mani\u00e8re respectueuse et \u00e9quitable.<\/p>\t\t\t\t\t\t\t\t<\/div>\n\t\t\t\t<\/div>\n\t\t\t\t<div class=\"elementor-element elementor-element-aa057ce elementor-widget elementor-widget-image\" data-id=\"aa057ce\" data-element_type=\"widget\" data-widget_type=\"image.default\">\n\t\t\t\t<div class=\"elementor-widget-container\">\n\t\t\t\t\t\t\t\t\t\t\t\t\t\t\t<img fetchpriority=\"high\" decoding=\"async\" width=\"800\" height=\"661\" src=\"https:\/\/www.vermilionenergy.com\/fr\/wp-content\/uploads\/sites\/5\/2023\/01\/11-valeurs.png\" class=\"attachment-large size-large wp-image-2381\" alt=\"\" srcset=\"https:\/\/www.vermilionenergy.com\/fr\/wp-content\/uploads\/sites\/5\/2023\/01\/11-valeurs.png 1000w, https:\/\/www.vermilionenergy.com\/fr\/wp-content\/uploads\/sites\/5\/2023\/01\/11-valeurs-300x248.png 300w, https:\/\/www.vermilionenergy.com\/fr\/wp-content\/uploads\/sites\/5\/2023\/01\/11-valeurs-768x634.png 768w\" sizes=\"(max-width: 800px) 100vw, 800px\" \/>\t\t\t\t\t\t\t\t\t\t\t\t\t\t\t<\/div>\n\t\t\t\t<\/div>\n\t\t\t\t\t<\/div>\n\t\t<\/div>\n\t\t\t\t<div class=\"elementor-column elementor-col-33 elementor-top-column elementor-element elementor-element-b4f121a elementor-hidden-tablet elementor-hidden-mobile\" data-id=\"b4f121a\" data-element_type=\"column\">\n\t\t\t<div class=\"elementor-widget-wrap elementor-element-populated\">\n\t\t\t\t\t\t<div class=\"elementor-element elementor-element-d1c3a68 elementor-nav-menu--dropdown-tablet elementor-nav-menu__text-align-aside elementor-nav-menu--toggle elementor-nav-menu--burger elementor-widget elementor-widget-nav-menu\" data-id=\"d1c3a68\" data-element_type=\"widget\" data-settings=\"{&quot;layout&quot;:&quot;vertical&quot;,&quot;submenu_icon&quot;:{&quot;value&quot;:&quot;&lt;i class=\\&quot;fas fa-caret-down\\&quot; aria-hidden=\\&quot;true\\&quot;&gt;&lt;\\\/i&gt;&quot;,&quot;library&quot;:&quot;fa-solid&quot;},&quot;toggle&quot;:&quot;burger&quot;}\" data-widget_type=\"nav-menu.default\">\n\t\t\t\t<div class=\"elementor-widget-container\">\n\t\t\t\t\t\t\t\t<nav aria-label=\"Menu\" class=\"elementor-nav-menu--main elementor-nav-menu__container elementor-nav-menu--layout-vertical e--pointer-none\">\n\t\t\t\t<ul id=\"menu-1-d1c3a68\" class=\"elementor-nav-menu sm-vertical\"><li class=\"menu-item menu-item-type-post_type menu-item-object-page menu-item-762\"><a href=\"https:\/\/www.vermilionenergy.com\/fr\/about-us\/\" class=\"elementor-item\">A propos de nous<\/a><\/li>\n<li class=\"menu-item menu-item-type-post_type menu-item-object-page menu-item-1774\"><a href=\"https:\/\/www.vermilionenergy.com\/fr\/about-us\/notre-equipe\/\" class=\"elementor-item\">Notre \u00c9quipe<\/a><\/li>\n<li class=\"menu-item menu-item-type-post_type menu-item-object-page menu-item-1773\"><a href=\"https:\/\/www.vermilionenergy.com\/fr\/about-us\/notre-histoire-en-france\/\" class=\"elementor-item\">Notre histoire en France<\/a><\/li>\n<li class=\"menu-item menu-item-type-post_type menu-item-object-page menu-item-1768\"><a href=\"https:\/\/www.vermilionenergy.com\/fr\/about-us\/nos-valeurs-principles\/\" class=\"elementor-item\">Nos Valeurs &amp; Principles<\/a><\/li>\n<\/ul>\t\t\t<\/nav>\n\t\t\t\t\t<div class=\"elementor-menu-toggle\" role=\"button\" tabindex=\"0\" aria-label=\"Permuter le menu\" aria-expanded=\"false\">\n\t\t\t<i aria-hidden=\"true\" role=\"presentation\" class=\"elementor-menu-toggle__icon--open eicon-menu-bar\"><\/i><i aria-hidden=\"true\" role=\"presentation\" class=\"elementor-menu-toggle__icon--close eicon-close\"><\/i>\t\t<\/div>\n\t\t\t\t\t<nav class=\"elementor-nav-menu--dropdown elementor-nav-menu__container\" aria-hidden=\"true\">\n\t\t\t\t<ul id=\"menu-2-d1c3a68\" class=\"elementor-nav-menu sm-vertical\"><li class=\"menu-item menu-item-type-post_type menu-item-object-page menu-item-762\"><a href=\"https:\/\/www.vermilionenergy.com\/fr\/about-us\/\" class=\"elementor-item\" tabindex=\"-1\">A propos de nous<\/a><\/li>\n<li class=\"menu-item menu-item-type-post_type menu-item-object-page menu-item-1774\"><a href=\"https:\/\/www.vermilionenergy.com\/fr\/about-us\/notre-equipe\/\" class=\"elementor-item\" tabindex=\"-1\">Notre \u00c9quipe<\/a><\/li>\n<li class=\"menu-item menu-item-type-post_type menu-item-object-page menu-item-1773\"><a href=\"https:\/\/www.vermilionenergy.com\/fr\/about-us\/notre-histoire-en-france\/\" class=\"elementor-item\" tabindex=\"-1\">Notre histoire en France<\/a><\/li>\n<li class=\"menu-item menu-item-type-post_type menu-item-object-page menu-item-1768\"><a href=\"https:\/\/www.vermilionenergy.com\/fr\/about-us\/nos-valeurs-principles\/\" class=\"elementor-item\" tabindex=\"-1\">Nos Valeurs &amp; Principles<\/a><\/li>\n<\/ul>\t\t\t<\/nav>\n\t\t\t\t\t\t<\/div>\n\t\t\t\t<\/div>\n\t\t\t\t<div class=\"elementor-element elementor-element-d527106 elementor-widget-divider--view-line elementor-widget elementor-widget-divider\" data-id=\"d527106\" data-element_type=\"widget\" data-widget_type=\"divider.default\">\n\t\t\t\t<div class=\"elementor-widget-container\">\n\t\t\t\t\t\t\t<div class=\"elementor-divider\">\n\t\t\t<span class=\"elementor-divider-separator\">\n\t\t\t\t\t\t<\/span>\n\t\t<\/div>\n\t\t\t\t\t\t<\/div>\n\t\t\t\t<\/div>\n\t\t\t\t<div class=\"elementor-element elementor-element-69523f5 elementor-widget elementor-widget-text-editor\" data-id=\"69523f5\" data-element_type=\"widget\" data-widget_type=\"text-editor.default\">\n\t\t\t\t<div class=\"elementor-widget-container\">\n\t\t\t\t\t\t\t\t\t<h3 style=\"text-align: center\"><span style=\"color: #da291c\"><strong>Notre vision<br \/>en France<\/strong><\/span><\/h3><p>R\u00e9ussir la transition \u00e9nerg\u00e9tique n\u00e9cessite de mobiliser toutes les \u00e9nergies. C\u2019est pourquoi Vermilion produit de l\u2019\u00e9nergie de fa\u00e7on responsable, en combinant son expertise industrielle et historique du sous-sol et un investissement significatif dans les technologies du futur.<\/p>\t\t\t\t\t\t\t\t<\/div>\n\t\t\t\t<\/div>\n\t\t\t\t\t<\/div>\n\t\t<\/div>\n\t\t\t\t\t<\/div>\n\t\t<\/section>\n\t\t\t\t<\/div>\n\t\t","protected":false},"excerpt":{"rendered":"<p>Page d&rsquo;accueil Page Notre vision et nos valeurs fondamentales Notre vision et nos valeurs fondamentales Nos valeurs fondamentales que sont l\u2019Excellence, la Confiance, le Respect et la Responsabilit\u00e9 guident Vermilion dans ses activit\u00e9s et dans sa mani\u00e8re de les r\u00e9aliser. Elles sont le prolongement de notre identit\u00e9. Nous sommes intimement convaincus que pour \u00eatre prosp\u00e8re, [&hellip;]<\/p>\n","protected":false},"author":1,"featured_media":0,"parent":586,"menu_order":0,"comment_status":"closed","ping_status":"closed","template":"","meta":{"footnotes":""},"class_list":["post-1760","page","type-page","status-publish","hentry"],"yoast_head":"<!-- This site is optimized with the Yoast SEO plugin v26.3 - https:\/\/yoast.com\/wordpress\/plugins\/seo\/ -->\n<title>Nos Valeurs &amp; Principles - Vermilion France<\/title>\n<meta name=\"robots\" content=\"index, follow, max-snippet:-1, max-image-preview:large, max-video-preview:-1\" \/>\n<link rel=\"canonical\" href=\"https:\/\/www.vermilionenergy.com\/fr\/about-us\/nos-valeurs-principles\/\" \/>\n<meta property=\"og:locale\" content=\"fr_FR\" \/>\n<meta property=\"og:type\" content=\"article\" \/>\n<meta property=\"og:title\" content=\"Nos Valeurs &amp; Principles - Vermilion France\" \/>\n<meta property=\"og:description\" content=\"Page d&rsquo;accueil Page Notre vision et nos valeurs fondamentales Notre vision et nos valeurs fondamentales Nos valeurs fondamentales que sont l\u2019Excellence, la Confiance, le Respect et la Responsabilit\u00e9 guident Vermilion dans ses activit\u00e9s et dans sa mani\u00e8re de les r\u00e9aliser. Elles sont le prolongement de notre identit\u00e9. Nous sommes intimement convaincus que pour \u00eatre prosp\u00e8re, [&hellip;]\" \/>\n<meta property=\"og:url\" content=\"https:\/\/www.vermilionenergy.com\/fr\/about-us\/nos-valeurs-principles\/\" \/>\n<meta property=\"og:site_name\" content=\"Vermilion France\" \/>\n<meta property=\"article:modified_time\" content=\"2024-11-27T10:02:10+00:00\" \/>\n<meta property=\"og:image\" content=\"https:\/\/www.vermilionenergy.com\/fr\/wp-content\/uploads\/sites\/5\/2023\/01\/11-valeurs.png\" \/>\n\t<meta property=\"og:image:width\" content=\"1000\" \/>\n\t<meta property=\"og:image:height\" content=\"826\" \/>\n\t<meta property=\"og:image:type\" content=\"image\/png\" \/>\n<meta name=\"twitter:card\" content=\"summary_large_image\" \/>\n<meta name=\"twitter:label1\" content=\"Dur\u00e9e de lecture estim\u00e9e\" \/>\n\t<meta name=\"twitter:data1\" content=\"2 minutes\" \/>\n<script type=\"application\/ld+json\" class=\"yoast-schema-graph\">{\"@context\":\"https:\/\/schema.org\",\"@graph\":[{\"@type\":\"WebPage\",\"@id\":\"https:\/\/www.vermilionenergy.com\/fr\/about-us\/nos-valeurs-principles\/\",\"url\":\"https:\/\/www.vermilionenergy.com\/fr\/about-us\/nos-valeurs-principles\/\",\"name\":\"Nos Valeurs &amp; Principles - Vermilion France\",\"isPartOf\":{\"@id\":\"https:\/\/www.vermilionenergy.com\/fr\/#website\"},\"primaryImageOfPage\":{\"@id\":\"https:\/\/www.vermilionenergy.com\/fr\/about-us\/nos-valeurs-principles\/#primaryimage\"},\"image\":{\"@id\":\"https:\/\/www.vermilionenergy.com\/fr\/about-us\/nos-valeurs-principles\/#primaryimage\"},\"thumbnailUrl\":\"https:\/\/www.vermilionenergy.com\/fr\/wp-content\/uploads\/sites\/5\/2023\/01\/11-valeurs.png\",\"datePublished\":\"2022-07-22T21:27:16+00:00\",\"dateModified\":\"2024-11-27T10:02:10+00:00\",\"breadcrumb\":{\"@id\":\"https:\/\/www.vermilionenergy.com\/fr\/about-us\/nos-valeurs-principles\/#breadcrumb\"},\"inLanguage\":\"fr-FR\",\"potentialAction\":[{\"@type\":\"ReadAction\",\"target\":[\"https:\/\/www.vermilionenergy.com\/fr\/about-us\/nos-valeurs-principles\/\"]}]},{\"@type\":\"ImageObject\",\"inLanguage\":\"fr-FR\",\"@id\":\"https:\/\/www.vermilionenergy.com\/fr\/about-us\/nos-valeurs-principles\/#primaryimage\",\"url\":\"https:\/\/www.vermilionenergy.com\/fr\/wp-content\/uploads\/sites\/5\/2023\/01\/11-valeurs.png\",\"contentUrl\":\"https:\/\/www.vermilionenergy.com\/fr\/wp-content\/uploads\/sites\/5\/2023\/01\/11-valeurs.png\",\"width\":1000,\"height\":826},{\"@type\":\"BreadcrumbList\",\"@id\":\"https:\/\/www.vermilionenergy.com\/fr\/about-us\/nos-valeurs-principles\/#breadcrumb\",\"itemListElement\":[{\"@type\":\"ListItem\",\"position\":1,\"name\":\"Home\",\"item\":\"https:\/\/www.vermilionenergy.com\/fr\/\"},{\"@type\":\"ListItem\",\"position\":2,\"name\":\"A propos de nous\",\"item\":\"https:\/\/www.vermilionenergy.com\/fr\/about-us\/\"},{\"@type\":\"ListItem\",\"position\":3,\"name\":\"Nos Valeurs &amp; Principles\"}]},{\"@type\":\"WebSite\",\"@id\":\"https:\/\/www.vermilionenergy.com\/fr\/#website\",\"url\":\"https:\/\/www.vermilionenergy.com\/fr\/\",\"name\":\"Vermilion France\",\"description\":\"Just another Vermilion Network site\",\"potentialAction\":[{\"@type\":\"SearchAction\",\"target\":{\"@type\":\"EntryPoint\",\"urlTemplate\":\"https:\/\/www.vermilionenergy.com\/fr\/?s={search_term_string}\"},\"query-input\":{\"@type\":\"PropertyValueSpecification\",\"valueRequired\":true,\"valueName\":\"search_term_string\"}}],\"inLanguage\":\"fr-FR\"}]}<\/script>\n<!-- \/ Yoast SEO plugin. -->","yoast_head_json":{"title":"Nos Valeurs &amp; Principles - Vermilion France","robots":{"index":"index","follow":"follow","max-snippet":"max-snippet:-1","max-image-preview":"max-image-preview:large","max-video-preview":"max-video-preview:-1"},"canonical":"https:\/\/www.vermilionenergy.com\/fr\/about-us\/nos-valeurs-principles\/","og_locale":"fr_FR","og_type":"article","og_title":"Nos Valeurs &amp; Principles - Vermilion France","og_description":"Page d&rsquo;accueil Page Notre vision et nos valeurs fondamentales Notre vision et nos valeurs fondamentales Nos valeurs fondamentales que sont l\u2019Excellence, la Confiance, le Respect et la Responsabilit\u00e9 guident Vermilion dans ses activit\u00e9s et dans sa mani\u00e8re de les r\u00e9aliser. Elles sont le prolongement de notre identit\u00e9. Nous sommes intimement convaincus que pour \u00eatre prosp\u00e8re, [&hellip;]","og_url":"https:\/\/www.vermilionenergy.com\/fr\/about-us\/nos-valeurs-principles\/","og_site_name":"Vermilion France","article_modified_time":"2024-11-27T10:02:10+00:00","og_image":[{"width":1000,"height":826,"url":"https:\/\/www.vermilionenergy.com\/fr\/wp-content\/uploads\/sites\/5\/2023\/01\/11-valeurs.png","type":"image\/png"}],"twitter_card":"summary_large_image","twitter_misc":{"Dur\u00e9e de lecture estim\u00e9e":"2 minutes"},"schema":{"@context":"https:\/\/schema.org","@graph":[{"@type":"WebPage","@id":"https:\/\/www.vermilionenergy.com\/fr\/about-us\/nos-valeurs-principles\/","url":"https:\/\/www.vermilionenergy.com\/fr\/about-us\/nos-valeurs-principles\/","name":"Nos Valeurs &amp; Principles - Vermilion France","isPartOf":{"@id":"https:\/\/www.vermilionenergy.com\/fr\/#website"},"primaryImageOfPage":{"@id":"https:\/\/www.vermilionenergy.com\/fr\/about-us\/nos-valeurs-principles\/#primaryimage"},"image":{"@id":"https:\/\/www.vermilionenergy.com\/fr\/about-us\/nos-valeurs-principles\/#primaryimage"},"thumbnailUrl":"https:\/\/www.vermilionenergy.com\/fr\/wp-content\/uploads\/sites\/5\/2023\/01\/11-valeurs.png","datePublished":"2022-07-22T21:27:16+00:00","dateModified":"2024-11-27T10:02:10+00:00","breadcrumb":{"@id":"https:\/\/www.vermilionenergy.com\/fr\/about-us\/nos-valeurs-principles\/#breadcrumb"},"inLanguage":"fr-FR","potentialAction":[{"@type":"ReadAction","target":["https:\/\/www.vermilionenergy.com\/fr\/about-us\/nos-valeurs-principles\/"]}]},{"@type":"ImageObject","inLanguage":"fr-FR","@id":"https:\/\/www.vermilionenergy.com\/fr\/about-us\/nos-valeurs-principles\/#primaryimage","url":"https:\/\/www.vermilionenergy.com\/fr\/wp-content\/uploads\/sites\/5\/2023\/01\/11-valeurs.png","contentUrl":"https:\/\/www.vermilionenergy.com\/fr\/wp-content\/uploads\/sites\/5\/2023\/01\/11-valeurs.png","width":1000,"height":826},{"@type":"BreadcrumbList","@id":"https:\/\/www.vermilionenergy.com\/fr\/about-us\/nos-valeurs-principles\/#breadcrumb","itemListElement":[{"@type":"ListItem","position":1,"name":"Home","item":"https:\/\/www.vermilionenergy.com\/fr\/"},{"@type":"ListItem","position":2,"name":"A propos de nous","item":"https:\/\/www.vermilionenergy.com\/fr\/about-us\/"},{"@type":"ListItem","position":3,"name":"Nos Valeurs &amp; Principles"}]},{"@type":"WebSite","@id":"https:\/\/www.vermilionenergy.com\/fr\/#website","url":"https:\/\/www.vermilionenergy.com\/fr\/","name":"Vermilion France","description":"Just another Vermilion Network site","potentialAction":[{"@type":"SearchAction","target":{"@type":"EntryPoint","urlTemplate":"https:\/\/www.vermilionenergy.com\/fr\/?s={search_term_string}"},"query-input":{"@type":"PropertyValueSpecification","valueRequired":true,"valueName":"search_term_string"}}],"inLanguage":"fr-FR"}]}},"_links":{"self":[{"href":"https:\/\/www.vermilionenergy.com\/fr\/wp-json\/wp\/v2\/pages\/1760","targetHints":{"allow":["GET"]}}],"collection":[{"href":"https:\/\/www.vermilionenergy.com\/fr\/wp-json\/wp\/v2\/pages"}],"about":[{"href":"https:\/\/www.vermilionenergy.com\/fr\/wp-json\/wp\/v2\/types\/page"}],"author":[{"embeddable":true,"href":"https:\/\/www.vermilionenergy.com\/fr\/wp-json\/wp\/v2\/users\/1"}],"replies":[{"embeddable":true,"href":"https:\/\/www.vermilionenergy.com\/fr\/wp-json\/wp\/v2\/comments?post=1760"}],"version-history":[{"count":0,"href":"https:\/\/www.vermilionenergy.com\/fr\/wp-json\/wp\/v2\/pages\/1760\/revisions"}],"up":[{"embeddable":true,"href":"https:\/\/www.vermilionenergy.com\/fr\/wp-json\/wp\/v2\/pages\/586"}],"wp:attachment":[{"href":"https:\/\/www.vermilionenergy.com\/fr\/wp-json\/wp\/v2\/media?parent=1760"}],"curies":[{"name":"wp","href":"https:\/\/api.w.org\/{rel}","templated":true}]}}