{"id":1781,"date":"2022-09-07T16:10:16","date_gmt":"2022-09-07T16:10:16","guid":{"rendered":"https:\/\/vermilionenerg.wpengine.com\/fr\/nos-activites\/les-permis-de-recherche-de-vermilion-en-france\/"},"modified":"2024-11-18T12:41:56","modified_gmt":"2024-11-18T12:41:56","slug":"les-permis-de-recherche-de-vermilion-en-france","status":"publish","type":"page","link":"https:\/\/www.vermilionenergy.com\/fr\/nos-activites\/la-recherche-du-petrole-les-activites\/les-permis-de-recherche-de-vermilion-en-france\/","title":{"rendered":"Les permis de recherche de Vermilion en France"},"content":{"rendered":"\t\t<div data-elementor-type=\"wp-page\" data-elementor-id=\"1781\" class=\"elementor elementor-1781\" data-elementor-post-type=\"page\">\n\t\t\t\t\t\t<section class=\"elementor-section elementor-top-section elementor-element elementor-element-0b022a6 elementor-section-height-min-height elementor-section-items-bottom elementor-section-boxed elementor-section-height-default\" data-id=\"0b022a6\" data-element_type=\"section\" data-settings=\"{&quot;background_background&quot;:&quot;classic&quot;,&quot;jet_parallax_layout_list&quot;:[]}\">\n\t\t\t\t\t\t\t<div class=\"elementor-background-overlay\"><\/div>\n\t\t\t\t\t\t\t<div class=\"elementor-container elementor-column-gap-default\">\n\t\t\t\t\t<div class=\"elementor-column elementor-col-100 elementor-top-column elementor-element elementor-element-3d6c822\" data-id=\"3d6c822\" data-element_type=\"column\">\n\t\t\t<div class=\"elementor-widget-wrap elementor-element-populated\">\n\t\t\t\t\t\t<div class=\"elementor-element elementor-element-8cc98b7 text-left elementor-widget elementor-widget-tp-breadcrumbs-bar\" data-id=\"8cc98b7\" data-element_type=\"widget\" data-widget_type=\"tp-breadcrumbs-bar.default\">\n\t\t\t\t<div class=\"elementor-widget-container\">\n\t\t\t\t\t<div id=\"bread69f39d4675184\" class=\"pt_plus_breadcrumbs_bar \"  \"><div class=\"pt_plus_breadcrumbs_bar_inner bred_style_1\"><nav id=\"breadcrumbs\"><span class=\"bc_home\"><a class=\"home_bread_tab\" href=\"https:\/\/www.vermilionenergy.com\/fr\/\"><i class=\" fa fa-home bread-home-icon\" ><\/i>Page d'accueil<i class=\" fa fa-chevron-right bread-sep-icon\" ><\/i><\/a><\/span> <span class=\"del\"><\/span> <span class=\"current\"><div class=\"current_tab_sec\">Page<\/div><\/span><\/nav><\/div><\/div>\t\t\t\t<\/div>\n\t\t\t\t<\/div>\n\t\t\t\t<div class=\"elementor-element elementor-element-30769b0 elementor-widget elementor-widget-heading\" data-id=\"30769b0\" data-element_type=\"widget\" data-widget_type=\"heading.default\">\n\t\t\t\t<div class=\"elementor-widget-container\">\n\t\t\t\t\t<h1 class=\"elementor-heading-title elementor-size-default\">Les permis de recherche de Vermilion en France<\/h1>\t\t\t\t<\/div>\n\t\t\t\t<\/div>\n\t\t\t\t\t<\/div>\n\t\t<\/div>\n\t\t\t\t\t<\/div>\n\t\t<\/section>\n\t\t\t\t<section class=\"elementor-section elementor-top-section elementor-element elementor-element-5a5e9d1 elementor-section-boxed elementor-section-height-default elementor-section-height-default\" data-id=\"5a5e9d1\" data-element_type=\"section\" data-settings=\"{&quot;jet_parallax_layout_list&quot;:[]}\">\n\t\t\t\t\t\t<div class=\"elementor-container elementor-column-gap-default\">\n\t\t\t\t\t<div class=\"elementor-column elementor-col-66 elementor-top-column elementor-element elementor-element-a0dc303\" data-id=\"a0dc303\" data-element_type=\"column\">\n\t\t\t<div class=\"elementor-widget-wrap elementor-element-populated\">\n\t\t\t\t\t\t<div class=\"elementor-element elementor-element-dc04828 elementor-widget elementor-widget-heading\" data-id=\"dc04828\" data-element_type=\"widget\" data-widget_type=\"heading.default\">\n\t\t\t\t<div class=\"elementor-widget-container\">\n\t\t\t\t\t<h2 class=\"elementor-heading-title elementor-size-default\">Les permis de recherche en France\n\n<\/h2>\t\t\t\t<\/div>\n\t\t\t\t<\/div>\n\t\t\t\t<div class=\"elementor-element elementor-element-38c2836 elementor-widget elementor-widget-text-editor\" data-id=\"38c2836\" data-element_type=\"widget\" data-widget_type=\"text-editor.default\">\n\t\t\t\t<div class=\"elementor-widget-container\">\n\t\t\t\t\t\t\t\t\t<p>Depuis la Loi n\u00b0 2017-1839 du 30 d\u00e9cembre 2017 mettant fin \u00e0 la recherche ainsi qu&rsquo;\u00e0 l&rsquo;exploitation des hydrocarbures et portant diverses dispositions relatives \u00e0 l&rsquo;\u00e9nergie et \u00e0 l&rsquo;environnement, la recherche d&rsquo;hydrocarbures est interdite en France.<\/p>\t\t\t\t\t\t\t\t<\/div>\n\t\t\t\t<\/div>\n\t\t\t\t\t<\/div>\n\t\t<\/div>\n\t\t\t\t<div class=\"elementor-column elementor-col-33 elementor-top-column elementor-element elementor-element-0eafc94 elementor-hidden-tablet elementor-hidden-mobile\" data-id=\"0eafc94\" data-element_type=\"column\">\n\t\t\t<div class=\"elementor-widget-wrap elementor-element-populated\">\n\t\t\t\t\t\t<div class=\"elementor-element elementor-element-b415cf0 elementor-widget elementor-widget-tp-navigation-menu\" data-id=\"b415cf0\" data-element_type=\"widget\" data-widget_type=\"tp-navigation-menu.default\">\n\t\t\t\t<div class=\"elementor-widget-container\">\n\t\t\t\t\t\t\t<div class=\"plus-navigation-wrap text-left nav-menu69f39d469f335b415cf0\">\n\t\t\t<div class=\"plus-navigation-inner menu-hover main-menu-indicator-none sub-menu-indicator-none plus-menu-style-2\"  data-menu_transition=\"style-2\" data-mobile-menu-click=\"yes\">\n\t\t\t\t<div id=\"theplus-navigation-normal-menu\" class=\"collapse navbar-collapse navbar-ex1-collapse\">\n\t\t\t\t\n\t\t\t\t\t<div class=\"plus-navigation-menu menu-vertical  \">\n\t\t\t\t\t\t<ul id=\"menu-our-operations-french\" class=\"nav navbar-nav yamm menu-hover-none  \"><li id=\"menu-item-2062\" class=\"menu-item menu-item-type-post_type menu-item-object-page menu-item-has-children animate-dropdown menu-item-2062 depth-0 dropdown plus-dropdown-menu-\" ><a title=\"La recherche du p\u00e9trole\" href=\"https:\/\/www.vermilionenergy.com\/fr\/nos-activites\/la-recherche-du-petrole-les-activites\/\" class=\"dropdown-toggle\" aria-haspopup=\"true\" data-text=\"La recherche du p\u00e9trole\">La recherche du p\u00e9trole<\/a>\n<ul role=\"menu\" class=\" dropdown-menu\">\n\t<li id=\"menu-item-2063\" class=\"menu-item menu-item-type-post_type menu-item-object-page animate-dropdown menu-item-2063 plus-dropdown-menu-\" ><a title=\"Les permis de recherche de Vermilion en France\" href=\"https:\/\/www.vermilionenergy.com\/fr\/nos-activites\/la-recherche-du-petrole-les-activites\/les-permis-de-recherche-de-vermilion-en-france\/\" data-text=\"Les permis de recherche de Vermilion en France\">Les permis de recherche de Vermilion en France<\/a><\/li>\n\t<li id=\"menu-item-2064\" class=\"menu-item menu-item-type-post_type menu-item-object-page animate-dropdown menu-item-2064 plus-dropdown-menu-\" ><a title=\"Les campagnes de mesures g\u00e9ophysiques\" href=\"https:\/\/www.vermilionenergy.com\/fr\/nos-activites\/la-recherche-du-petrole-les-activites\/les-campagnes-de-mesures-geophysiques\/\" data-text=\"Les campagnes de mesures g\u00e9ophysiques\">Les campagnes de mesures g\u00e9ophysiques<\/a><\/li>\n\t<li id=\"menu-item-2065\" class=\"menu-item menu-item-type-post_type menu-item-object-page animate-dropdown menu-item-2065 plus-dropdown-menu-\" ><a title=\"Les diff\u00e9rents types de forage en France\" href=\"https:\/\/www.vermilionenergy.com\/fr\/nos-activites\/la-recherche-du-petrole-les-activites\/les-differents-types-de-forage-en-france\/\" data-text=\"Les diff\u00e9rents types de forage en France\">Les diff\u00e9rents types de forage en France<\/a><\/li>\n<\/ul>\n<\/li>\n<li id=\"menu-item-2066\" class=\"menu-item menu-item-type-post_type menu-item-object-page menu-item-has-children animate-dropdown menu-item-2066 depth-0 dropdown plus-dropdown-menu-\" ><a title=\"La production du p\u00e9trole\" href=\"https:\/\/www.vermilionenergy.com\/fr\/nos-activites\/la-production-du-petrole\/\" class=\"dropdown-toggle\" aria-haspopup=\"true\" data-text=\"La production du p\u00e9trole\">La production du p\u00e9trole<\/a>\n<ul role=\"menu\" class=\" dropdown-menu\">\n\t<li id=\"menu-item-2067\" class=\"menu-item menu-item-type-post_type menu-item-object-page animate-dropdown menu-item-2067 plus-dropdown-menu-\" ><a title=\"Les concessions de Vermilion en France\" href=\"https:\/\/www.vermilionenergy.com\/fr\/nos-activites\/la-production-du-petrole\/les-concessions-de-vermilion-en-france\/\" data-text=\"Les concessions de Vermilion en France\">Les concessions de Vermilion en France<\/a><\/li>\n\t<li id=\"menu-item-2068\" class=\"menu-item menu-item-type-post_type menu-item-object-page animate-dropdown menu-item-2068 plus-dropdown-menu-\" ><a title=\"Les techniques de production\" href=\"https:\/\/www.vermilionenergy.com\/fr\/nos-activites\/la-production-du-petrole\/les-techniques-de-production\/\" data-text=\"Les techniques de production\">Les techniques de production<\/a><\/li>\n\t<li id=\"menu-item-2069\" class=\"menu-item menu-item-type-post_type menu-item-object-page animate-dropdown menu-item-2069 plus-dropdown-menu-\" ><a title=\"La gestion des fluides extraits des puits\" href=\"https:\/\/www.vermilionenergy.com\/fr\/nos-activites\/la-production-du-petrole\/la-gestion-des-fluides-extraits-des-puits\/\" data-text=\"La gestion des fluides extraits des puits\">La gestion des fluides extraits des puits<\/a><\/li>\n<\/ul>\n<\/li>\n<li id=\"menu-item-2070\" class=\"menu-item menu-item-type-post_type menu-item-object-page animate-dropdown menu-item-2070 plus-dropdown-menu-\" ><a title=\"Les interventions sur puits p\u00e9troliers\" href=\"https:\/\/www.vermilionenergy.com\/fr\/nos-activites\/les-interventions-sur-puits-petroliers\/\" data-text=\"Les interventions sur puits p\u00e9troliers\">Les interventions sur puits p\u00e9troliers<\/a><\/li>\n<li id=\"menu-item-2071\" class=\"menu-item menu-item-type-post_type menu-item-object-page animate-dropdown menu-item-2071 plus-dropdown-menu-\" ><a title=\"La fin d\u2019exploitation des puits p\u00e9troliers\" href=\"https:\/\/www.vermilionenergy.com\/fr\/nos-activites\/la-fin-dexploitation-des-puits-petroliers\/\" data-text=\"La fin d\u2019exploitation des puits p\u00e9troliers\">La fin d\u2019exploitation des puits p\u00e9troliers<\/a><\/li>\n<li id=\"menu-item-2072\" class=\"menu-item menu-item-type-post_type menu-item-object-page animate-dropdown menu-item-2072 plus-dropdown-menu-\" ><a title=\"La gestion des canalisations p\u00e9troli\u00e8res\" href=\"https:\/\/www.vermilionenergy.com\/fr\/nos-activites\/la-gestion-des-canalisations-petrolieres\/\" data-text=\"La gestion des canalisations p\u00e9troli\u00e8res\">La gestion des canalisations p\u00e9troli\u00e8res<\/a><\/li>\n<\/ul>\t\t\t\t\t\t\t\t\t\t\t\t\n\t\t\t\t\t<\/div>\n\t\t\t\t\t\n\t\t\t\t<\/div>\n\t\t\t\t\n\t\t\t\t\t\t\t\t\t<div class=\"plus-mobile-nav-toggle navbar-header mobile-toggle\">\n\t\t\t\t\t\t\t\t\t\t\t\t<div class=\"mobile-plus-toggle-menu  plus-collapsed toggle-style-1\"  data-target=\"#plus-mobile-nav-toggle-nav-menu69f39d469f335b415cf0\">\n\t\t\t\t\t\t\t\n\t\t\t\t\t\t\t\t<ul class=\"toggle-lines\"><li class=\"toggle-line\"><\/li><li class=\"toggle-line\"><\/li><\/ul>\n\n\t\t\t\t\t\t\t\t\t\t\t\t\t<\/div>\n\t\t\t\t\t<\/div>\n\t\t\t\t\t\t\n\t\t\t\t\t<div id=\"plus-mobile-nav-toggle-nav-menu69f39d469f335b415cf0\" class=\"plus-mobile-menu   collapse navbar-collapse navbar-ex1-collapse plus-mobile-menu-content \">\n\t\t\t\t\t\t<div class=\"plus-mobile-menu\"><ul id=\"menu-our-operations-french-1\" class=\"nav navbar-nav\"><li class=\"menu-item menu-item-type-post_type menu-item-object-page menu-item-has-children animate-dropdown menu-item-2062 depth-0 dropdown plus-dropdown-menu-\" ><a title=\"La recherche du p\u00e9trole\" href=\"https:\/\/www.vermilionenergy.com\/fr\/nos-activites\/la-recherche-du-petrole-les-activites\/\" class=\"dropdown-toggle\" aria-haspopup=\"true\" data-text=\"La recherche du p\u00e9trole\">La recherche du p\u00e9trole<\/a>\n<ul role=\"menu\" class=\" dropdown-menu\">\n\t<li class=\"menu-item menu-item-type-post_type menu-item-object-page animate-dropdown menu-item-2063 plus-dropdown-menu-\" ><a title=\"Les permis de recherche de Vermilion en France\" href=\"https:\/\/www.vermilionenergy.com\/fr\/nos-activites\/la-recherche-du-petrole-les-activites\/les-permis-de-recherche-de-vermilion-en-france\/\" data-text=\"Les permis de recherche de Vermilion en France\">Les permis de recherche de Vermilion en France<\/a><\/li>\n\t<li class=\"menu-item menu-item-type-post_type menu-item-object-page animate-dropdown menu-item-2064 plus-dropdown-menu-\" ><a title=\"Les campagnes de mesures g\u00e9ophysiques\" href=\"https:\/\/www.vermilionenergy.com\/fr\/nos-activites\/la-recherche-du-petrole-les-activites\/les-campagnes-de-mesures-geophysiques\/\" data-text=\"Les campagnes de mesures g\u00e9ophysiques\">Les campagnes de mesures g\u00e9ophysiques<\/a><\/li>\n\t<li class=\"menu-item menu-item-type-post_type menu-item-object-page animate-dropdown menu-item-2065 plus-dropdown-menu-\" ><a title=\"Les diff\u00e9rents types de forage en France\" href=\"https:\/\/www.vermilionenergy.com\/fr\/nos-activites\/la-recherche-du-petrole-les-activites\/les-differents-types-de-forage-en-france\/\" data-text=\"Les diff\u00e9rents types de forage en France\">Les diff\u00e9rents types de forage en France<\/a><\/li>\n<\/ul>\n<\/li>\n<li class=\"menu-item menu-item-type-post_type menu-item-object-page menu-item-has-children animate-dropdown menu-item-2066 depth-0 dropdown plus-dropdown-menu-\" ><a title=\"La production du p\u00e9trole\" href=\"https:\/\/www.vermilionenergy.com\/fr\/nos-activites\/la-production-du-petrole\/\" class=\"dropdown-toggle\" aria-haspopup=\"true\" data-text=\"La production du p\u00e9trole\">La production du p\u00e9trole<\/a>\n<ul role=\"menu\" class=\" dropdown-menu\">\n\t<li class=\"menu-item menu-item-type-post_type menu-item-object-page animate-dropdown menu-item-2067 plus-dropdown-menu-\" ><a title=\"Les concessions de Vermilion en France\" href=\"https:\/\/www.vermilionenergy.com\/fr\/nos-activites\/la-production-du-petrole\/les-concessions-de-vermilion-en-france\/\" data-text=\"Les concessions de Vermilion en France\">Les concessions de Vermilion en France<\/a><\/li>\n\t<li class=\"menu-item menu-item-type-post_type menu-item-object-page animate-dropdown menu-item-2068 plus-dropdown-menu-\" ><a title=\"Les techniques de production\" href=\"https:\/\/www.vermilionenergy.com\/fr\/nos-activites\/la-production-du-petrole\/les-techniques-de-production\/\" data-text=\"Les techniques de production\">Les techniques de production<\/a><\/li>\n\t<li class=\"menu-item menu-item-type-post_type menu-item-object-page animate-dropdown menu-item-2069 plus-dropdown-menu-\" ><a title=\"La gestion des fluides extraits des puits\" href=\"https:\/\/www.vermilionenergy.com\/fr\/nos-activites\/la-production-du-petrole\/la-gestion-des-fluides-extraits-des-puits\/\" data-text=\"La gestion des fluides extraits des puits\">La gestion des fluides extraits des puits<\/a><\/li>\n<\/ul>\n<\/li>\n<li class=\"menu-item menu-item-type-post_type menu-item-object-page animate-dropdown menu-item-2070 plus-dropdown-menu-\" ><a title=\"Les interventions sur puits p\u00e9troliers\" href=\"https:\/\/www.vermilionenergy.com\/fr\/nos-activites\/les-interventions-sur-puits-petroliers\/\" data-text=\"Les interventions sur puits p\u00e9troliers\">Les interventions sur puits p\u00e9troliers<\/a><\/li>\n<li class=\"menu-item menu-item-type-post_type menu-item-object-page animate-dropdown menu-item-2071 plus-dropdown-menu-\" ><a title=\"La fin d\u2019exploitation des puits p\u00e9troliers\" href=\"https:\/\/www.vermilionenergy.com\/fr\/nos-activites\/la-fin-dexploitation-des-puits-petroliers\/\" data-text=\"La fin d\u2019exploitation des puits p\u00e9troliers\">La fin d\u2019exploitation des puits p\u00e9troliers<\/a><\/li>\n<li class=\"menu-item menu-item-type-post_type menu-item-object-page animate-dropdown menu-item-2072 plus-dropdown-menu-\" ><a title=\"La gestion des canalisations p\u00e9troli\u00e8res\" href=\"https:\/\/www.vermilionenergy.com\/fr\/nos-activites\/la-gestion-des-canalisations-petrolieres\/\" data-text=\"La gestion des canalisations p\u00e9troli\u00e8res\">La gestion des canalisations p\u00e9troli\u00e8res<\/a><\/li>\n<\/ul><\/div>\t\t\t\t\t<\/div>\n\t\t\t\t\t\t\t\t\n\t\t\t<\/div>\n\t\t<\/div>\n\t\t \n\t\t<style>@media (min-width:992px){.plus-navigation-wrap.nav-menu69f39d469f335b415cf0 #theplus-navigation-normal-menu{display: block!important;}.plus-navigation-wrap.nav-menu69f39d469f335b415cf0 #plus-mobile-nav-toggle-nav-menu69f39d469f335b415cf0.collapse.in{display:none;}}@media (max-width:991px){.plus-navigation-wrap.nav-menu69f39d469f335b415cf0 #theplus-navigation-normal-menu{display:none !important;}.plus-navigation-wrap.nav-menu69f39d469f335b415cf0 .plus-mobile-nav-toggle.mobile-toggle{display: -webkit-flex;display: -moz-flex;display: -ms-flex;display: flex;-webkit-align-items: center;-moz-align-items: center;-ms-align-items: center;align-items: center;-webkit-justify-content: flex-end;-moz-justify-content: flex-end;-ms-justify-content: flex-end;justify-content: flex-end;}.plus-navigation-wrap .plus-mobile-menu-content.collapse.swiper-container{display: block;}}<\/style>\t\t\t\t<\/div>\n\t\t\t\t<\/div>\n\t\t\t\t\t<\/div>\n\t\t<\/div>\n\t\t\t\t\t<\/div>\n\t\t<\/section>\n\t\t\t\t<\/div>\n\t\t","protected":false},"excerpt":{"rendered":"<p>Page d&rsquo;accueil Page Les permis de recherche en France Depuis la Loi n\u00b0 2017-1839 du 30 d\u00e9cembre 2017 mettant fin \u00e0 la recherche ainsi qu&rsquo;\u00e0 l&rsquo;exploitation des hydrocarbures et portant diverses dispositions relatives \u00e0 l&rsquo;\u00e9nergie et \u00e0 l&rsquo;environnement, la recherche d&rsquo;hydrocarbures est interdite en France. La recherche du p\u00e9trole Les permis de recherche de Vermilion [&hellip;]<\/p>\n","protected":false},"author":3,"featured_media":0,"parent":1950,"menu_order":0,"comment_status":"closed","ping_status":"closed","template":"","meta":{"footnotes":""},"class_list":["post-1781","page","type-page","status-publish","hentry"],"yoast_head":"<!-- This site is optimized with the Yoast SEO plugin v26.3 - https:\/\/yoast.com\/wordpress\/plugins\/seo\/ -->\n<title>Les permis de recherche de Vermilion en France - Vermilion France<\/title>\n<meta name=\"robots\" content=\"index, follow, max-snippet:-1, max-image-preview:large, max-video-preview:-1\" \/>\n<link rel=\"canonical\" href=\"https:\/\/www.vermilionenergy.com\/fr\/nos-activites\/la-recherche-du-petrole-les-activites\/les-permis-de-recherche-de-vermilion-en-france\/\" \/>\n<meta property=\"og:locale\" content=\"fr_FR\" \/>\n<meta property=\"og:type\" content=\"article\" \/>\n<meta property=\"og:title\" content=\"Les permis de recherche de Vermilion en France - Vermilion France\" \/>\n<meta property=\"og:description\" content=\"Page d&rsquo;accueil Page Les permis de recherche en France Depuis la Loi n\u00b0 2017-1839 du 30 d\u00e9cembre 2017 mettant fin \u00e0 la recherche ainsi qu&rsquo;\u00e0 l&rsquo;exploitation des hydrocarbures et portant diverses dispositions relatives \u00e0 l&rsquo;\u00e9nergie et \u00e0 l&rsquo;environnement, la recherche d&rsquo;hydrocarbures est interdite en France. La recherche du p\u00e9trole Les permis de recherche de Vermilion [&hellip;]\" \/>\n<meta property=\"og:url\" content=\"https:\/\/www.vermilionenergy.com\/fr\/nos-activites\/la-recherche-du-petrole-les-activites\/les-permis-de-recherche-de-vermilion-en-france\/\" \/>\n<meta property=\"og:site_name\" content=\"Vermilion France\" \/>\n<meta property=\"article:modified_time\" content=\"2024-11-18T12:41:56+00:00\" \/>\n<meta name=\"twitter:card\" content=\"summary_large_image\" \/>\n<meta name=\"twitter:label1\" content=\"Dur\u00e9e de lecture estim\u00e9e\" \/>\n\t<meta name=\"twitter:data1\" content=\"1 minute\" \/>\n<script type=\"application\/ld+json\" class=\"yoast-schema-graph\">{\"@context\":\"https:\/\/schema.org\",\"@graph\":[{\"@type\":\"WebPage\",\"@id\":\"https:\/\/www.vermilionenergy.com\/fr\/nos-activites\/la-recherche-du-petrole-les-activites\/les-permis-de-recherche-de-vermilion-en-france\/\",\"url\":\"https:\/\/www.vermilionenergy.com\/fr\/nos-activites\/la-recherche-du-petrole-les-activites\/les-permis-de-recherche-de-vermilion-en-france\/\",\"name\":\"Les permis de recherche de Vermilion en France - Vermilion France\",\"isPartOf\":{\"@id\":\"https:\/\/www.vermilionenergy.com\/fr\/#website\"},\"datePublished\":\"2022-09-07T16:10:16+00:00\",\"dateModified\":\"2024-11-18T12:41:56+00:00\",\"breadcrumb\":{\"@id\":\"https:\/\/www.vermilionenergy.com\/fr\/nos-activites\/la-recherche-du-petrole-les-activites\/les-permis-de-recherche-de-vermilion-en-france\/#breadcrumb\"},\"inLanguage\":\"fr-FR\",\"potentialAction\":[{\"@type\":\"ReadAction\",\"target\":[\"https:\/\/www.vermilionenergy.com\/fr\/nos-activites\/la-recherche-du-petrole-les-activites\/les-permis-de-recherche-de-vermilion-en-france\/\"]}]},{\"@type\":\"BreadcrumbList\",\"@id\":\"https:\/\/www.vermilionenergy.com\/fr\/nos-activites\/la-recherche-du-petrole-les-activites\/les-permis-de-recherche-de-vermilion-en-france\/#breadcrumb\",\"itemListElement\":[{\"@type\":\"ListItem\",\"position\":1,\"name\":\"Home\",\"item\":\"https:\/\/www.vermilionenergy.com\/fr\/\"},{\"@type\":\"ListItem\",\"position\":2,\"name\":\"Nos activit\u00e9s\",\"item\":\"https:\/\/www.vermilionenergy.com\/fr\/nos-activites\/\"},{\"@type\":\"ListItem\",\"position\":3,\"name\":\"La recherche du p\u00e9trole\",\"item\":\"https:\/\/www.vermilionenergy.com\/fr\/nos-activites\/la-recherche-du-petrole-les-activites\/\"},{\"@type\":\"ListItem\",\"position\":4,\"name\":\"Les permis de recherche de Vermilion en France\"}]},{\"@type\":\"WebSite\",\"@id\":\"https:\/\/www.vermilionenergy.com\/fr\/#website\",\"url\":\"https:\/\/www.vermilionenergy.com\/fr\/\",\"name\":\"Vermilion France\",\"description\":\"Just another Vermilion Network site\",\"potentialAction\":[{\"@type\":\"SearchAction\",\"target\":{\"@type\":\"EntryPoint\",\"urlTemplate\":\"https:\/\/www.vermilionenergy.com\/fr\/?s={search_term_string}\"},\"query-input\":{\"@type\":\"PropertyValueSpecification\",\"valueRequired\":true,\"valueName\":\"search_term_string\"}}],\"inLanguage\":\"fr-FR\"}]}<\/script>\n<!-- \/ Yoast SEO plugin. -->","yoast_head_json":{"title":"Les permis de recherche de Vermilion en France - Vermilion France","robots":{"index":"index","follow":"follow","max-snippet":"max-snippet:-1","max-image-preview":"max-image-preview:large","max-video-preview":"max-video-preview:-1"},"canonical":"https:\/\/www.vermilionenergy.com\/fr\/nos-activites\/la-recherche-du-petrole-les-activites\/les-permis-de-recherche-de-vermilion-en-france\/","og_locale":"fr_FR","og_type":"article","og_title":"Les permis de recherche de Vermilion en France - Vermilion France","og_description":"Page d&rsquo;accueil Page Les permis de recherche en France Depuis la Loi n\u00b0 2017-1839 du 30 d\u00e9cembre 2017 mettant fin \u00e0 la recherche ainsi qu&rsquo;\u00e0 l&rsquo;exploitation des hydrocarbures et portant diverses dispositions relatives \u00e0 l&rsquo;\u00e9nergie et \u00e0 l&rsquo;environnement, la recherche d&rsquo;hydrocarbures est interdite en France. La recherche du p\u00e9trole Les permis de recherche de Vermilion [&hellip;]","og_url":"https:\/\/www.vermilionenergy.com\/fr\/nos-activites\/la-recherche-du-petrole-les-activites\/les-permis-de-recherche-de-vermilion-en-france\/","og_site_name":"Vermilion France","article_modified_time":"2024-11-18T12:41:56+00:00","twitter_card":"summary_large_image","twitter_misc":{"Dur\u00e9e de lecture estim\u00e9e":"1 minute"},"schema":{"@context":"https:\/\/schema.org","@graph":[{"@type":"WebPage","@id":"https:\/\/www.vermilionenergy.com\/fr\/nos-activites\/la-recherche-du-petrole-les-activites\/les-permis-de-recherche-de-vermilion-en-france\/","url":"https:\/\/www.vermilionenergy.com\/fr\/nos-activites\/la-recherche-du-petrole-les-activites\/les-permis-de-recherche-de-vermilion-en-france\/","name":"Les permis de recherche de Vermilion en France - Vermilion France","isPartOf":{"@id":"https:\/\/www.vermilionenergy.com\/fr\/#website"},"datePublished":"2022-09-07T16:10:16+00:00","dateModified":"2024-11-18T12:41:56+00:00","breadcrumb":{"@id":"https:\/\/www.vermilionenergy.com\/fr\/nos-activites\/la-recherche-du-petrole-les-activites\/les-permis-de-recherche-de-vermilion-en-france\/#breadcrumb"},"inLanguage":"fr-FR","potentialAction":[{"@type":"ReadAction","target":["https:\/\/www.vermilionenergy.com\/fr\/nos-activites\/la-recherche-du-petrole-les-activites\/les-permis-de-recherche-de-vermilion-en-france\/"]}]},{"@type":"BreadcrumbList","@id":"https:\/\/www.vermilionenergy.com\/fr\/nos-activites\/la-recherche-du-petrole-les-activites\/les-permis-de-recherche-de-vermilion-en-france\/#breadcrumb","itemListElement":[{"@type":"ListItem","position":1,"name":"Home","item":"https:\/\/www.vermilionenergy.com\/fr\/"},{"@type":"ListItem","position":2,"name":"Nos activit\u00e9s","item":"https:\/\/www.vermilionenergy.com\/fr\/nos-activites\/"},{"@type":"ListItem","position":3,"name":"La recherche du p\u00e9trole","item":"https:\/\/www.vermilionenergy.com\/fr\/nos-activites\/la-recherche-du-petrole-les-activites\/"},{"@type":"ListItem","position":4,"name":"Les permis de recherche de Vermilion en France"}]},{"@type":"WebSite","@id":"https:\/\/www.vermilionenergy.com\/fr\/#website","url":"https:\/\/www.vermilionenergy.com\/fr\/","name":"Vermilion France","description":"Just another Vermilion Network site","potentialAction":[{"@type":"SearchAction","target":{"@type":"EntryPoint","urlTemplate":"https:\/\/www.vermilionenergy.com\/fr\/?s={search_term_string}"},"query-input":{"@type":"PropertyValueSpecification","valueRequired":true,"valueName":"search_term_string"}}],"inLanguage":"fr-FR"}]}},"_links":{"self":[{"href":"https:\/\/www.vermilionenergy.com\/fr\/wp-json\/wp\/v2\/pages\/1781","targetHints":{"allow":["GET"]}}],"collection":[{"href":"https:\/\/www.vermilionenergy.com\/fr\/wp-json\/wp\/v2\/pages"}],"about":[{"href":"https:\/\/www.vermilionenergy.com\/fr\/wp-json\/wp\/v2\/types\/page"}],"author":[{"embeddable":true,"href":"https:\/\/www.vermilionenergy.com\/fr\/wp-json\/wp\/v2\/users\/3"}],"replies":[{"embeddable":true,"href":"https:\/\/www.vermilionenergy.com\/fr\/wp-json\/wp\/v2\/comments?post=1781"}],"version-history":[{"count":0,"href":"https:\/\/www.vermilionenergy.com\/fr\/wp-json\/wp\/v2\/pages\/1781\/revisions"}],"up":[{"embeddable":true,"href":"https:\/\/www.vermilionenergy.com\/fr\/wp-json\/wp\/v2\/pages\/1950"}],"wp:attachment":[{"href":"https:\/\/www.vermilionenergy.com\/fr\/wp-json\/wp\/v2\/media?parent=1781"}],"curies":[{"name":"wp","href":"https:\/\/api.w.org\/{rel}","templated":true}]}}