{"id":2039,"date":"2023-01-17T19:15:10","date_gmt":"2023-01-17T19:15:10","guid":{"rendered":"https:\/\/vermilionenerg.wpengine.com\/fr\/mentions-legales\/"},"modified":"2023-01-17T19:19:57","modified_gmt":"2023-01-17T19:19:57","slug":"mentions-legales","status":"publish","type":"page","link":"https:\/\/www.vermilionenergy.com\/fr\/mentions-legales\/","title":{"rendered":"Mentions L\u00e9gales"},"content":{"rendered":"\t\t<div data-elementor-type=\"wp-page\" data-elementor-id=\"2039\" class=\"elementor elementor-2039\" data-elementor-post-type=\"page\">\n\t\t\t\t\t\t<section class=\"elementor-section elementor-top-section elementor-element elementor-element-e39e02f elementor-section-boxed elementor-section-height-default elementor-section-height-default\" data-id=\"e39e02f\" data-element_type=\"section\" data-settings=\"{&quot;jet_parallax_layout_list&quot;:[]}\">\n\t\t\t\t\t\t<div class=\"elementor-container elementor-column-gap-default\">\n\t\t\t\t\t<div class=\"elementor-column elementor-col-100 elementor-top-column elementor-element elementor-element-899d163\" data-id=\"899d163\" data-element_type=\"column\">\n\t\t\t<div class=\"elementor-widget-wrap elementor-element-populated\">\n\t\t\t\t\t\t<div class=\"elementor-element elementor-element-38bea67 elementor-widget elementor-widget-heading\" data-id=\"38bea67\" data-element_type=\"widget\" data-widget_type=\"heading.default\">\n\t\t\t\t<div class=\"elementor-widget-container\">\n\t\t\t\t\t<h2 class=\"elementor-heading-title elementor-size-default\">Mentions L\u00e9gales<\/h2>\t\t\t\t<\/div>\n\t\t\t\t<\/div>\n\t\t\t\t<div class=\"elementor-element elementor-element-92c588e elementor-widget elementor-widget-text-editor\" data-id=\"92c588e\" data-element_type=\"widget\" data-widget_type=\"text-editor.default\">\n\t\t\t\t<div class=\"elementor-widget-container\">\n\t\t\t\t\t\t\t\t\t<p style=\"margin-right: 0px;margin-bottom: 30px;margin-left: 0px;padding: 0px;color: #343434;font-family: Gotham-Book, arial, sans-serif;font-size: 15px;text-align: justify\">Les informations pr\u00e9sentes sur le site internet sont fournies par Vermilion Energy Inc. et d\u2019autres sources qui ont \u00e9t\u00e9 consid\u00e9r\u00e9es comme \u00e9tant exactes et fiables au moment de leur int\u00e9gration sur ce site, mais nous ne pouvons pas garantir leur exactitude, int\u00e9gralit\u00e9 ou actualit\u00e9 en tout temps. <\/p>\n<p>Le contenu de ce site est uniquement utilisable \u00e0 des fins d\u2019informations et n\u2019a pas pour but de fournir des conseils financiers, juridiques, comptables ou fiscaux et ne doit pas \u00eatre utilis\u00e9 \u00e0 cet effet. <\/p>\n<p>Ce site internet contient des liens vers des sites ext\u00e9rieurs, Vermilion ne peut \u00eatre en aucun cas tenu responsable de l\u2019exactitude ou de la fiabilit\u00e9 des informations, donn\u00e9es, opinions, conseils ou d\u00e9clarations publi\u00e9s sur ces sites. <\/p>\n<p>Vermilion ne pourra \u00eatre tenu responsable des r\u00e9clamations, des d\u00e9penses, des dommages, des co\u00fbts ou des pertes de quelque nature que ce soit r\u00e9sultant de l\u2019utilisation de son site internet, de son contenu ou de contenus obtenus par le biais celui-ci. Vermilion ne pourra \u00eatre tenu pour responsable des difficult\u00e9s techniques li\u00e9es \u00e0 internet, des probl\u00e8mes de logiciels ou de transmission, des virus informatiques ou des programmes malveillants pouvant survenir lors de l\u2019utilisation de son site internet. Vermilion ne pourra \u00eatre tenu pour responsable des dommages en ce qui concerne les communications\/informations diffus\u00e9es par l\u2019interm\u00e9diaire ou depuis notre site. <\/p>\n<p>Le contenu de ce site internet ne constitue pas une sollicitation ou une offre de titres dans quelques juridictions que ce soit. <\/p>\n<p>Notre logo, nos graphismes et nos designs ne peuvent \u00eatre utilis\u00e9s sans une autorisation \u00e9crite de Vermilion.<\/p>\n<p style=\"margin-right: 0px;margin-bottom: 30px;margin-left: 0px;padding: 0px;color: #343434;font-family: Gotham-Book, arial, sans-serif;font-size: 15px\"><strong style=\"font-family: Gotham-Bold, arial, sans-serif\">Vermilion REP SAS<\/strong><span> <\/span><br \/><span>1762 Route de Pontenx <\/span><br \/><span>40160 Parentis-en-Born, France <\/span><br \/><strong style=\"font-family: Gotham-Bold, arial, sans-serif\">T\u00e9l\u00e9phone<\/strong> <span>+33 (0)5 58 82 95 00<\/span> <br \/><strong style=\"font-family: Gotham-Bold, arial, sans-serif\">Email<\/strong><span> <\/span><a style=\"color: #f00807\" href=\"mailto:vrep@vermilionenergy.com\">vrep@vermilionenergy.com<\/a><span> <\/span><br \/><strong style=\"font-family: Gotham-Bold, arial, sans-serif\">Num\u00e9ro d&rsquo;urgence<\/strong> <span>0 800 18 32 14<\/span><\/p>\n<p style=\"margin-right: 0px;margin-bottom: 30px;margin-left: 0px;padding: 0px;color: #343434;font-family: Gotham-Book, arial, sans-serif;font-size: 15px\">Legal Form: Simplified Joint Stock Company <br \/>Registered Capital: 126,525,000.00 \u20ac<br \/>RCS Number: 410 964 837 R.C.S Mont-de-Marsan<br \/>Director of the publication: Christelle Dupouy<\/p>\n<p><strong>H\u00e9bergeur du site<\/strong><\/p>\n<p>WP engine<\/p>\n\t\t\t\t\t\t\t\t<\/div>\n\t\t\t\t<\/div>\n\t\t\t\t\t<\/div>\n\t\t<\/div>\n\t\t\t\t\t<\/div>\n\t\t<\/section>\n\t\t\t\t<\/div>\n\t\t","protected":false},"excerpt":{"rendered":"<p>Mentions L\u00e9gales Les informations pr\u00e9sentes sur le site internet sont fournies par Vermilion Energy Inc. et d\u2019autres sources qui ont \u00e9t\u00e9 consid\u00e9r\u00e9es comme \u00e9tant exactes et fiables au moment de leur int\u00e9gration sur ce site, mais nous ne pouvons pas garantir leur exactitude, int\u00e9gralit\u00e9 ou actualit\u00e9 en tout temps. Le contenu de ce site est [&hellip;]<\/p>\n","protected":false},"author":10,"featured_media":0,"parent":0,"menu_order":8,"comment_status":"closed","ping_status":"closed","template":"","meta":{"footnotes":""},"class_list":["post-2039","page","type-page","status-publish","hentry"],"yoast_head":"<!-- This site is optimized with the Yoast SEO plugin v26.3 - https:\/\/yoast.com\/wordpress\/plugins\/seo\/ -->\n<title>Mentions L\u00e9gales - Vermilion France<\/title>\n<meta name=\"robots\" content=\"index, follow, max-snippet:-1, max-image-preview:large, max-video-preview:-1\" \/>\n<link rel=\"canonical\" href=\"https:\/\/www.vermilionenergy.com\/fr\/mentions-legales\/?lang=fr\" \/>\n<meta property=\"og:locale\" content=\"fr_FR\" \/>\n<meta property=\"og:type\" content=\"article\" \/>\n<meta property=\"og:title\" content=\"Mentions L\u00e9gales - Vermilion France\" \/>\n<meta property=\"og:description\" content=\"Mentions L\u00e9gales Les informations pr\u00e9sentes sur le site internet sont fournies par Vermilion Energy Inc. et d\u2019autres sources qui ont \u00e9t\u00e9 consid\u00e9r\u00e9es comme \u00e9tant exactes et fiables au moment de leur int\u00e9gration sur ce site, mais nous ne pouvons pas garantir leur exactitude, int\u00e9gralit\u00e9 ou actualit\u00e9 en tout temps. Le contenu de ce site est [&hellip;]\" \/>\n<meta property=\"og:url\" content=\"https:\/\/www.vermilionenergy.com\/fr\/mentions-legales\/?lang=fr\" \/>\n<meta property=\"og:site_name\" content=\"Vermilion France\" \/>\n<meta property=\"article:modified_time\" content=\"2023-01-17T19:19:57+00:00\" \/>\n<meta name=\"twitter:card\" content=\"summary_large_image\" \/>\n<meta name=\"twitter:label1\" content=\"Dur\u00e9e de lecture estim\u00e9e\" \/>\n\t<meta name=\"twitter:data1\" content=\"2 minutes\" \/>\n<script type=\"application\/ld+json\" class=\"yoast-schema-graph\">{\"@context\":\"https:\/\/schema.org\",\"@graph\":[{\"@type\":\"WebPage\",\"@id\":\"https:\/\/www.vermilionenergy.com\/fr\/mentions-legales\/?lang=fr\",\"url\":\"https:\/\/www.vermilionenergy.com\/fr\/mentions-legales\/?lang=fr\",\"name\":\"Mentions L\u00e9gales - Vermilion France\",\"isPartOf\":{\"@id\":\"https:\/\/www.vermilionenergy.com\/fr\/#website\"},\"datePublished\":\"2023-01-17T19:15:10+00:00\",\"dateModified\":\"2023-01-17T19:19:57+00:00\",\"breadcrumb\":{\"@id\":\"https:\/\/www.vermilionenergy.com\/fr\/mentions-legales\/?lang=fr#breadcrumb\"},\"inLanguage\":\"fr-FR\",\"potentialAction\":[{\"@type\":\"ReadAction\",\"target\":[\"https:\/\/www.vermilionenergy.com\/fr\/mentions-legales\/?lang=fr\"]}]},{\"@type\":\"BreadcrumbList\",\"@id\":\"https:\/\/www.vermilionenergy.com\/fr\/mentions-legales\/?lang=fr#breadcrumb\",\"itemListElement\":[{\"@type\":\"ListItem\",\"position\":1,\"name\":\"Home\",\"item\":\"https:\/\/www.vermilionenergy.com\/fr\/\"},{\"@type\":\"ListItem\",\"position\":2,\"name\":\"Mentions L\u00e9gales\"}]},{\"@type\":\"WebSite\",\"@id\":\"https:\/\/www.vermilionenergy.com\/fr\/#website\",\"url\":\"https:\/\/www.vermilionenergy.com\/fr\/\",\"name\":\"Vermilion France\",\"description\":\"Just another Vermilion Network site\",\"potentialAction\":[{\"@type\":\"SearchAction\",\"target\":{\"@type\":\"EntryPoint\",\"urlTemplate\":\"https:\/\/www.vermilionenergy.com\/fr\/?s={search_term_string}\"},\"query-input\":{\"@type\":\"PropertyValueSpecification\",\"valueRequired\":true,\"valueName\":\"search_term_string\"}}],\"inLanguage\":\"fr-FR\"}]}<\/script>\n<!-- \/ Yoast SEO plugin. -->","yoast_head_json":{"title":"Mentions L\u00e9gales - Vermilion France","robots":{"index":"index","follow":"follow","max-snippet":"max-snippet:-1","max-image-preview":"max-image-preview:large","max-video-preview":"max-video-preview:-1"},"canonical":"https:\/\/www.vermilionenergy.com\/fr\/mentions-legales\/?lang=fr","og_locale":"fr_FR","og_type":"article","og_title":"Mentions L\u00e9gales - Vermilion France","og_description":"Mentions L\u00e9gales Les informations pr\u00e9sentes sur le site internet sont fournies par Vermilion Energy Inc. et d\u2019autres sources qui ont \u00e9t\u00e9 consid\u00e9r\u00e9es comme \u00e9tant exactes et fiables au moment de leur int\u00e9gration sur ce site, mais nous ne pouvons pas garantir leur exactitude, int\u00e9gralit\u00e9 ou actualit\u00e9 en tout temps. Le contenu de ce site est [&hellip;]","og_url":"https:\/\/www.vermilionenergy.com\/fr\/mentions-legales\/?lang=fr","og_site_name":"Vermilion France","article_modified_time":"2023-01-17T19:19:57+00:00","twitter_card":"summary_large_image","twitter_misc":{"Dur\u00e9e de lecture estim\u00e9e":"2 minutes"},"schema":{"@context":"https:\/\/schema.org","@graph":[{"@type":"WebPage","@id":"https:\/\/www.vermilionenergy.com\/fr\/mentions-legales\/?lang=fr","url":"https:\/\/www.vermilionenergy.com\/fr\/mentions-legales\/?lang=fr","name":"Mentions L\u00e9gales - Vermilion France","isPartOf":{"@id":"https:\/\/www.vermilionenergy.com\/fr\/#website"},"datePublished":"2023-01-17T19:15:10+00:00","dateModified":"2023-01-17T19:19:57+00:00","breadcrumb":{"@id":"https:\/\/www.vermilionenergy.com\/fr\/mentions-legales\/?lang=fr#breadcrumb"},"inLanguage":"fr-FR","potentialAction":[{"@type":"ReadAction","target":["https:\/\/www.vermilionenergy.com\/fr\/mentions-legales\/?lang=fr"]}]},{"@type":"BreadcrumbList","@id":"https:\/\/www.vermilionenergy.com\/fr\/mentions-legales\/?lang=fr#breadcrumb","itemListElement":[{"@type":"ListItem","position":1,"name":"Home","item":"https:\/\/www.vermilionenergy.com\/fr\/"},{"@type":"ListItem","position":2,"name":"Mentions L\u00e9gales"}]},{"@type":"WebSite","@id":"https:\/\/www.vermilionenergy.com\/fr\/#website","url":"https:\/\/www.vermilionenergy.com\/fr\/","name":"Vermilion France","description":"Just another Vermilion Network site","potentialAction":[{"@type":"SearchAction","target":{"@type":"EntryPoint","urlTemplate":"https:\/\/www.vermilionenergy.com\/fr\/?s={search_term_string}"},"query-input":{"@type":"PropertyValueSpecification","valueRequired":true,"valueName":"search_term_string"}}],"inLanguage":"fr-FR"}]}},"_links":{"self":[{"href":"https:\/\/www.vermilionenergy.com\/fr\/wp-json\/wp\/v2\/pages\/2039","targetHints":{"allow":["GET"]}}],"collection":[{"href":"https:\/\/www.vermilionenergy.com\/fr\/wp-json\/wp\/v2\/pages"}],"about":[{"href":"https:\/\/www.vermilionenergy.com\/fr\/wp-json\/wp\/v2\/types\/page"}],"author":[{"embeddable":true,"href":"https:\/\/www.vermilionenergy.com\/fr\/wp-json\/wp\/v2\/users\/10"}],"replies":[{"embeddable":true,"href":"https:\/\/www.vermilionenergy.com\/fr\/wp-json\/wp\/v2\/comments?post=2039"}],"version-history":[{"count":0,"href":"https:\/\/www.vermilionenergy.com\/fr\/wp-json\/wp\/v2\/pages\/2039\/revisions"}],"wp:attachment":[{"href":"https:\/\/www.vermilionenergy.com\/fr\/wp-json\/wp\/v2\/media?parent=2039"}],"curies":[{"name":"wp","href":"https:\/\/api.w.org\/{rel}","templated":true}]}}