{"id":2041,"date":"2022-12-08T18:52:30","date_gmt":"2022-12-08T18:52:30","guid":{"rendered":"https:\/\/vermilionenerg.wpengine.com\/fr\/politique-de-confidentialite\/"},"modified":"2026-02-23T16:12:04","modified_gmt":"2026-02-23T16:12:04","slug":"politique-de-confidentialite","status":"publish","type":"page","link":"https:\/\/www.vermilionenergy.com\/fr\/politique-de-confidentialite\/","title":{"rendered":"Politique de Confidentialit\u00e9"},"content":{"rendered":"\t\t<div data-elementor-type=\"wp-page\" data-elementor-id=\"2041\" class=\"elementor elementor-2041\" data-elementor-post-type=\"page\">\n\t\t\t\t\t\t<section class=\"elementor-section elementor-top-section elementor-element elementor-element-e39e02f elementor-section-boxed elementor-section-height-default elementor-section-height-default\" data-id=\"e39e02f\" data-element_type=\"section\" data-settings=\"{&quot;jet_parallax_layout_list&quot;:[]}\">\n\t\t\t\t\t\t<div class=\"elementor-container elementor-column-gap-default\">\n\t\t\t\t\t<div class=\"elementor-column elementor-col-100 elementor-top-column elementor-element elementor-element-899d163\" data-id=\"899d163\" data-element_type=\"column\">\n\t\t\t<div class=\"elementor-widget-wrap elementor-element-populated\">\n\t\t\t\t\t\t<div class=\"elementor-element elementor-element-38bea67 elementor-widget elementor-widget-heading\" data-id=\"38bea67\" data-element_type=\"widget\" data-widget_type=\"heading.default\">\n\t\t\t\t<div class=\"elementor-widget-container\">\n\t\t\t\t\t<h2 class=\"elementor-heading-title elementor-size-default\">Politique de Confidentialit\u00e9<\/h2>\t\t\t\t<\/div>\n\t\t\t\t<\/div>\n\t\t\t\t<div class=\"elementor-element elementor-element-92c588e elementor-widget elementor-widget-text-editor\" data-id=\"92c588e\" data-element_type=\"widget\" data-widget_type=\"text-editor.default\">\n\t\t\t\t<div class=\"elementor-widget-container\">\n\t\t\t\t\t\t\t\t\t<p class=\"intro\"><strong>Politique de confidentialit\u00e9 et informations obligatoires selon l\u2019article 13,14 de la RGPD (UE). <\/strong><\/p><div><h3><strong>I. Informations g\u00e9n\u00e9rales<\/strong><\/h3><\/div><p><strong>Informations sur le responsable<\/strong><\/p><p><strong>Vermilion REP SAS<\/strong><br \/>Route de Pontenx<br \/>40160 Parentis-en-Born<br \/>Phone : +33 (0)5 58 82 95 00<br \/>Email: <a href=\"mailto:vrep@vermilionenergy.com\">vrep@vermilionenergy.com<\/a><\/p><p>Nous prenons la protection de vos donn\u00e9es personnelles tr\u00e8s au s\u00e9rieux et les traitons de mani\u00e8re confidentielle et conform\u00e9ment aux r\u00e9glementations l\u00e9gales en mati\u00e8re de protection des donn\u00e9es et \u00e0 cette politique de confidentialit\u00e9.<\/p><p>Si vous utilisez ce site Web, diverses donn\u00e9es personnelles seront collect\u00e9es. Les informations personnelles font r\u00e9f\u00e9rence aux informations qui vous identifient en tant que personne. . Cette politique de confidentialit\u00e9 explique quelles informations nous collectons et \u00e0 quoi elles servent. Elle explique \u00e9galement comment et dans quel but cela se produit.<\/p><p>Nous vous rappelons que la transmission de donn\u00e9es sur Internet (par exemple lors de la communication par e-mail) peut entra\u00eener des failles de s\u00e9curit\u00e9. Une protection compl\u00e8te des donn\u00e9es contre l&rsquo;acc\u00e8s par des tiers n&rsquo;est pas possible.<\/p><div><h3><strong>II. R\u00e9colte des donn\u00e9es sur notre site internet<\/strong><\/h3><\/div><p><strong>1. Cookies<\/strong><\/p><p>Les pages Internet utilisent en partie des cookies. Les cookies n&rsquo;endommagent pas votre ordinateur et ne contiennent pas de virus. Les cookies servent \u00e0 rendre notre offre plus conviviale, efficace et s\u00e9curis\u00e9e. Les cookies sont de petits fichiers texte qui sont stock\u00e9s sur votre ordinateur et stock\u00e9s par votre navigateur.<\/p><p>La plupart des cookies que nous utilisons sont des \u00abcookies de session\u00bb. Ils sont automatiquement supprim\u00e9s apr\u00e8s votre visite. Les autres cookies restent stock\u00e9s sur votre appareil jusqu&rsquo;\u00e0 ce que vous les supprimiez. Ces cookies nous permettent de reconna\u00eetre votre navigateur lors de votre prochaine visite.<\/p><p>Vous pouvez param\u00e9trer votre navigateur de mani\u00e8re \u00e0 \u00eatre inform\u00e9 de la configuration des cookies et \u00e0 n&rsquo;autoriser les cookies que dans des cas individuels, exclure l&rsquo;acceptation des cookies dans certains cas ou en g\u00e9n\u00e9ral, et activer la suppression automatique des cookies lors de la fermeture du navigateur. La d\u00e9sactivation des cookies peut limiter la fonctionnalit\u00e9 de ce site Web.<\/p><p><strong>2. Fichiers journaux serveurs<\/strong><\/p><p>Le fournisseur des pages collecte et stocke automatiquement des informations dans des fichiers journaux de serveur, que votre navigateur nous transmet automatiquement. Ceux-ci sont :<\/p><div><ul><li>Type et version du navigateur<\/li><li>Syst\u00e8me d&rsquo;exploitation utilis\u00e9<\/li><li>Referrer URL URL de r\u00e9f\u00e9rence<\/li><li>Nom d&rsquo;h\u00f4te de l&rsquo;ordinateur acc\u00e9dant<\/li><li>Heure de la demande du serveur<\/li><li>Adresse IP<\/li><\/ul><\/div><p>Une fusion de ces donn\u00e9es avec d&rsquo;autres sources de donn\u00e9es ne sera pas affect\u00e9e.<\/p><p>La base du traitement des donn\u00e9es est l&rsquo;art. 6 (1) lit. f RGPD : le fournisseur du site Web a un int\u00e9r\u00eat l\u00e9gitime dans le stockage de ces donn\u00e9es pour la fourniture techniquement sans erreur et optimis\u00e9e de ses services.<\/p><div><h3><strong>III. Google analytics<\/strong><\/h3><\/div><p>Ce site Web utilise les fonctions du service d&rsquo;analyse Web Google Analytics. Le fournisseur est Google Inc., 1600 Amphitheatre Parkway, Mountain View, CA 94043, USA.<\/p><p>Google Analytics utilise des \u00abcookies\u00bb. Ce sont des fichiers texte qui sont stock\u00e9s sur votre ordinateur et qui permettent une analyse de votre utilisation du site. Les informations sur l&rsquo;utilisation de votre site Web g\u00e9n\u00e9r\u00e9es par le cookie sont g\u00e9n\u00e9ralement transmises \u00e0 un serveur de Google aux \u00c9tats-Unis et y sont stock\u00e9es.<\/p><p>Le stockage des cookies de Google Analytics est bas\u00e9 sur l&rsquo;art. 6 (1) lit. f RGPD. L&rsquo;exploitant du site Web a un int\u00e9r\u00eat l\u00e9gitime \u00e0 analyser le comportement des utilisateurs afin d&rsquo;optimiser son site Web.<\/p><p><strong>1. Plug-in de navigateur<\/strong><\/p><p>Vous pouvez emp\u00eacher l&rsquo;enregistrement des cookies en configurant votre logiciel de navigation en cons\u00e9quence. Cependant, nous attirons votre attention sur le fait que dans ce cas, vous ne pourrez peut-\u00eatre pas utiliser pleinement toutes les fonctions de ce site Web. En outre, vous pouvez emp\u00eacher Google de suivre les donn\u00e9es g\u00e9n\u00e9r\u00e9es par les cookies et li\u00e9es \u00e0 votre utilisation du site Web (y compris votre adresse IP) ainsi que le traitement de ces donn\u00e9es par Google en t\u00e9l\u00e9chargeant et en installant le plug-in de navigateur.<\/p><p><strong> 2. 2. Objection \u00e0 la collecte de donn\u00e9es<\/strong><\/p><p>Vous pouvez emp\u00eacher la collecte de vos donn\u00e9es par Google Analytics en cliquant sur le lien suivant. Un cookie de d\u00e9sactivation sera d\u00e9fini pour emp\u00eacher que vos donn\u00e9es ne soient collect\u00e9es lors de futures visites sur ce site: <a href=\"https:\/\/support.google.com\/analytics\/answer\/6004245?hl=fr\">d\u00e9sactivez Google Analytics<\/a>.<\/p><p><strong>3. Caract\u00e9ristiques d\u00e9mographiques dans Google Analytics<\/strong><\/p><p>Ce site Web utilise la fonction d\u00e9mographique de Google Analytics. En cons\u00e9quence, des rapports peuvent \u00eatre produits contenant des informations sur l&rsquo;\u00e2ge, le sexe et les int\u00e9r\u00eats des visiteurs du site. Ces donn\u00e9es proviennent de la publicit\u00e9 cibl\u00e9e par centres d&rsquo;int\u00e9r\u00eat de Google et des donn\u00e9es des visiteurs tiers. Ces donn\u00e9es ne peuvent pas \u00eatre attribu\u00e9es \u00e0 une personne sp\u00e9cifique. Vous pouvez d\u00e9sactiver cette fonctionnalit\u00e9 \u00e0 tout moment via les param\u00e8tres publicitaires de votre compte Google, ou interdire de mani\u00e8re g\u00e9n\u00e9rale la collecte de vos donn\u00e9es par Google Analytics comme d\u00e9crit dans la section \u00abObjection \u00e0 la collecte de donn\u00e9es\u00bb.<\/p><div><h3><strong>IV. Destinataires de vos donn\u00e9es personnelles<\/strong><\/h3><\/div><p>Le transfert, la vente ou d&rsquo;autres formes de transmission de vos donn\u00e9es personnelles \u00e0 des tiers n&rsquo;ont pas lieu.<\/p><div><h3><strong>V. Donn\u00e9es personnelles des enfants<\/strong><\/h3><\/div><p>\u00c9tant donn\u00e9 que la protection de la vie priv\u00e9e des enfants est d&rsquo;une grande importance, nous ne voulons pas collecter, traiter ou utiliser les donn\u00e9es personnelles de personnes de moins de 18 ans. Si vous, en tant que tuteur l\u00e9gal, apprenez que vos enfants nous ont soumis leurs donn\u00e9es personnelles , vous pouvez nous contacter via les adresses mentionn\u00e9es dans l&#8217;empreinte et demander que les donn\u00e9es soient effac\u00e9es.<\/p><div><h3><strong>VI. Aspects de s\u00e9curit\u00e9<\/strong><\/h3><\/div><p>Nous prenons toutes les mesures de s\u00e9curit\u00e9 techniques et organisationnelles n\u00e9cessaires pour prot\u00e9ger vos donn\u00e9es personnelles contre la perte et l&rsquo;utilisation abusive. Vos donn\u00e9es sont enregistr\u00e9es dans un environnement d&rsquo;exploitation s\u00e9curis\u00e9 inaccessible au public.<\/p><div><h3><strong>VII. P\u00e9riode de stockage<\/strong><\/h3><\/div><p>Vos donn\u00e9es seront effac\u00e9es apr\u00e8s l&rsquo;accomplissement de la finalit\u00e9 pour laquelle elles ont \u00e9t\u00e9 stock\u00e9es, sauf si la suppression est contraire aux d\u00e9lais de conservation l\u00e9gaux. Celles-ci r\u00e9sultent en partie du code civil fran\u00e7ais, du code de commerce fran\u00e7ais ou du code fiscal fran\u00e7ais et peuvent durer de 2 \u00e0 30 ans. Apr\u00e8s l&rsquo;expiration d&rsquo;une telle obligation de conservation, les donn\u00e9es seront d\u00e9finitivement effac\u00e9es.<\/p><div><h3><strong>VIII. Droits des personnes concern\u00e9es<\/strong><\/h3><\/div><p>Vous avez le droit \u00e0 l&rsquo;information sur les donn\u00e9es personnelles vous concernant, ainsi qu&rsquo;\u00e0 la rectification, \u00e0 l&rsquo;effacement ou \u00e0 la limitation du traitement. En outre, vous avez le droit de vous opposer au traitement et le droit \u00e0 la portabilit\u00e9 des donn\u00e9es. Vous pouvez en savoir plus \u00e0 ce sujet dans la section III du RGPD (UE).<\/p><p>Sans pr\u00e9judice de tout autre recours administratif ou judiciaire, vous avez le droit d&rsquo;introduire une r\u00e9clamation aupr\u00e8s d&rsquo;une autorit\u00e9 de contr\u00f4le, notamment dans l&rsquo;\u00c9tat membre de votre r\u00e9sidence, de votre lieu de travail ou du lieu de l&rsquo;infraction suppos\u00e9e, lorsque vous \u00eates convaincu que le traitement de les donn\u00e9es personnelles vous concernant enfreignent le RGPD.<\/p><p>&lsquo;autorit\u00e9 de contr\u00f4le aupr\u00e8s de laquelle la r\u00e9clamation a \u00e9t\u00e9 d\u00e9pos\u00e9e informe le plaignant de l&rsquo;avancement et du r\u00e9sultat de la r\u00e9clamation, y compris la possibilit\u00e9 d&rsquo;un recours juridictionnel conform\u00e9ment \u00e0 l&rsquo;article 78 du RGPD. Cependant, avant de contacter l&rsquo;autorit\u00e9 de contr\u00f4le, nous aimerions vous demander de nous donner la possibilit\u00e9 de vous fournir des informations sur vos questions \/ pr\u00e9occupations. Vous pouvez nous contacter directement:<\/p><ul><li><strong>Phone: +33 (0)5 58 82 95 00<\/strong><\/li><li><strong>Email: vrep@vermilionenergy.com<\/strong><\/li><\/ul><hr \/><p class=\"note\">\u00ab Sauf indication contraire, les mentions sur ce site internet de \u00ab\u00a0Vermilion\u00a0\u00bb, ou \u00ab\u00a0l&rsquo;entreprise\u00a0\u00bb, ou \u00ab\u00a0nous\u00a0\u00bb, ou \u00ab\u00a0notre\/nos\u00a0\u00bb d\u00e9signent ici collectivement une ou plusieurs personnes ou activit\u00e9s associ\u00e9es \u00e0 Vermilion Energy Inc. et\/ou ses filiales y compris sa filiale fran\u00e7aise Vermilion REP SAS dont les op\u00e9rations et activit\u00e9s font l\u2019objet du pr\u00e9sent site internet.) \u00bb<\/p>\t\t\t\t\t\t\t\t<\/div>\n\t\t\t\t<\/div>\n\t\t\t\t\t<\/div>\n\t\t<\/div>\n\t\t\t\t\t<\/div>\n\t\t<\/section>\n\t\t\t\t<\/div>\n\t\t","protected":false},"excerpt":{"rendered":"<p>Politique de Confidentialit\u00e9 Politique de confidentialit\u00e9 et informations obligatoires selon l\u2019article 13,14 de la RGPD (UE). I. Informations g\u00e9n\u00e9rales Informations sur le responsable Vermilion REP SASRoute de Pontenx40160 Parentis-en-BornPhone : +33 (0)5 58 82 95 00Email: vrep@vermilionenergy.com Nous prenons la protection de vos donn\u00e9es personnelles tr\u00e8s au s\u00e9rieux et les traitons de mani\u00e8re confidentielle et [&hellip;]<\/p>\n","protected":false},"author":2,"featured_media":0,"parent":0,"menu_order":7,"comment_status":"closed","ping_status":"closed","template":"","meta":{"footnotes":""},"class_list":["post-2041","page","type-page","status-publish","hentry"],"yoast_head":"<!-- This site is optimized with the Yoast SEO plugin v26.3 - https:\/\/yoast.com\/wordpress\/plugins\/seo\/ -->\n<title>Politique de Confidentialit\u00e9 - Vermilion France<\/title>\n<meta name=\"robots\" content=\"index, follow, max-snippet:-1, max-image-preview:large, max-video-preview:-1\" \/>\n<link rel=\"canonical\" href=\"https:\/\/www.vermilionenergy.com\/fr\/politique-de-confidentialite\/\" \/>\n<meta property=\"og:locale\" content=\"fr_FR\" \/>\n<meta property=\"og:type\" content=\"article\" \/>\n<meta property=\"og:title\" content=\"Politique de Confidentialit\u00e9 - Vermilion France\" \/>\n<meta property=\"og:description\" content=\"Politique de Confidentialit\u00e9 Politique de confidentialit\u00e9 et informations obligatoires selon l\u2019article 13,14 de la RGPD (UE). I. Informations g\u00e9n\u00e9rales Informations sur le responsable Vermilion REP SASRoute de Pontenx40160 Parentis-en-BornPhone : +33 (0)5 58 82 95 00Email: vrep@vermilionenergy.com Nous prenons la protection de vos donn\u00e9es personnelles tr\u00e8s au s\u00e9rieux et les traitons de mani\u00e8re confidentielle et [&hellip;]\" \/>\n<meta property=\"og:url\" content=\"https:\/\/www.vermilionenergy.com\/fr\/politique-de-confidentialite\/\" \/>\n<meta property=\"og:site_name\" content=\"Vermilion France\" \/>\n<meta property=\"article:modified_time\" content=\"2026-02-23T16:12:04+00:00\" \/>\n<meta name=\"twitter:card\" content=\"summary_large_image\" \/>\n<meta name=\"twitter:label1\" content=\"Dur\u00e9e de lecture estim\u00e9e\" \/>\n\t<meta name=\"twitter:data1\" content=\"7 minutes\" \/>\n<script type=\"application\/ld+json\" class=\"yoast-schema-graph\">{\"@context\":\"https:\/\/schema.org\",\"@graph\":[{\"@type\":\"WebPage\",\"@id\":\"https:\/\/www.vermilionenergy.com\/fr\/politique-de-confidentialite\/\",\"url\":\"https:\/\/www.vermilionenergy.com\/fr\/politique-de-confidentialite\/\",\"name\":\"Politique de Confidentialit\u00e9 - Vermilion France\",\"isPartOf\":{\"@id\":\"https:\/\/www.vermilionenergy.com\/fr\/#website\"},\"datePublished\":\"2022-12-08T18:52:30+00:00\",\"dateModified\":\"2026-02-23T16:12:04+00:00\",\"breadcrumb\":{\"@id\":\"https:\/\/www.vermilionenergy.com\/fr\/politique-de-confidentialite\/#breadcrumb\"},\"inLanguage\":\"fr-FR\",\"potentialAction\":[{\"@type\":\"ReadAction\",\"target\":[\"https:\/\/www.vermilionenergy.com\/fr\/politique-de-confidentialite\/\"]}]},{\"@type\":\"BreadcrumbList\",\"@id\":\"https:\/\/www.vermilionenergy.com\/fr\/politique-de-confidentialite\/#breadcrumb\",\"itemListElement\":[{\"@type\":\"ListItem\",\"position\":1,\"name\":\"Home\",\"item\":\"https:\/\/www.vermilionenergy.com\/fr\/\"},{\"@type\":\"ListItem\",\"position\":2,\"name\":\"Politique de Confidentialit\u00e9\"}]},{\"@type\":\"WebSite\",\"@id\":\"https:\/\/www.vermilionenergy.com\/fr\/#website\",\"url\":\"https:\/\/www.vermilionenergy.com\/fr\/\",\"name\":\"Vermilion France\",\"description\":\"Just another Vermilion Network site\",\"potentialAction\":[{\"@type\":\"SearchAction\",\"target\":{\"@type\":\"EntryPoint\",\"urlTemplate\":\"https:\/\/www.vermilionenergy.com\/fr\/?s={search_term_string}\"},\"query-input\":{\"@type\":\"PropertyValueSpecification\",\"valueRequired\":true,\"valueName\":\"search_term_string\"}}],\"inLanguage\":\"fr-FR\"}]}<\/script>\n<!-- \/ Yoast SEO plugin. -->","yoast_head_json":{"title":"Politique de Confidentialit\u00e9 - Vermilion France","robots":{"index":"index","follow":"follow","max-snippet":"max-snippet:-1","max-image-preview":"max-image-preview:large","max-video-preview":"max-video-preview:-1"},"canonical":"https:\/\/www.vermilionenergy.com\/fr\/politique-de-confidentialite\/","og_locale":"fr_FR","og_type":"article","og_title":"Politique de Confidentialit\u00e9 - Vermilion France","og_description":"Politique de Confidentialit\u00e9 Politique de confidentialit\u00e9 et informations obligatoires selon l\u2019article 13,14 de la RGPD (UE). I. Informations g\u00e9n\u00e9rales Informations sur le responsable Vermilion REP SASRoute de Pontenx40160 Parentis-en-BornPhone : +33 (0)5 58 82 95 00Email: vrep@vermilionenergy.com Nous prenons la protection de vos donn\u00e9es personnelles tr\u00e8s au s\u00e9rieux et les traitons de mani\u00e8re confidentielle et [&hellip;]","og_url":"https:\/\/www.vermilionenergy.com\/fr\/politique-de-confidentialite\/","og_site_name":"Vermilion France","article_modified_time":"2026-02-23T16:12:04+00:00","twitter_card":"summary_large_image","twitter_misc":{"Dur\u00e9e de lecture estim\u00e9e":"7 minutes"},"schema":{"@context":"https:\/\/schema.org","@graph":[{"@type":"WebPage","@id":"https:\/\/www.vermilionenergy.com\/fr\/politique-de-confidentialite\/","url":"https:\/\/www.vermilionenergy.com\/fr\/politique-de-confidentialite\/","name":"Politique de Confidentialit\u00e9 - Vermilion France","isPartOf":{"@id":"https:\/\/www.vermilionenergy.com\/fr\/#website"},"datePublished":"2022-12-08T18:52:30+00:00","dateModified":"2026-02-23T16:12:04+00:00","breadcrumb":{"@id":"https:\/\/www.vermilionenergy.com\/fr\/politique-de-confidentialite\/#breadcrumb"},"inLanguage":"fr-FR","potentialAction":[{"@type":"ReadAction","target":["https:\/\/www.vermilionenergy.com\/fr\/politique-de-confidentialite\/"]}]},{"@type":"BreadcrumbList","@id":"https:\/\/www.vermilionenergy.com\/fr\/politique-de-confidentialite\/#breadcrumb","itemListElement":[{"@type":"ListItem","position":1,"name":"Home","item":"https:\/\/www.vermilionenergy.com\/fr\/"},{"@type":"ListItem","position":2,"name":"Politique de Confidentialit\u00e9"}]},{"@type":"WebSite","@id":"https:\/\/www.vermilionenergy.com\/fr\/#website","url":"https:\/\/www.vermilionenergy.com\/fr\/","name":"Vermilion France","description":"Just another Vermilion Network site","potentialAction":[{"@type":"SearchAction","target":{"@type":"EntryPoint","urlTemplate":"https:\/\/www.vermilionenergy.com\/fr\/?s={search_term_string}"},"query-input":{"@type":"PropertyValueSpecification","valueRequired":true,"valueName":"search_term_string"}}],"inLanguage":"fr-FR"}]}},"_links":{"self":[{"href":"https:\/\/www.vermilionenergy.com\/fr\/wp-json\/wp\/v2\/pages\/2041","targetHints":{"allow":["GET"]}}],"collection":[{"href":"https:\/\/www.vermilionenergy.com\/fr\/wp-json\/wp\/v2\/pages"}],"about":[{"href":"https:\/\/www.vermilionenergy.com\/fr\/wp-json\/wp\/v2\/types\/page"}],"author":[{"embeddable":true,"href":"https:\/\/www.vermilionenergy.com\/fr\/wp-json\/wp\/v2\/users\/2"}],"replies":[{"embeddable":true,"href":"https:\/\/www.vermilionenergy.com\/fr\/wp-json\/wp\/v2\/comments?post=2041"}],"version-history":[{"count":0,"href":"https:\/\/www.vermilionenergy.com\/fr\/wp-json\/wp\/v2\/pages\/2041\/revisions"}],"wp:attachment":[{"href":"https:\/\/www.vermilionenergy.com\/fr\/wp-json\/wp\/v2\/media?parent=2041"}],"curies":[{"name":"wp","href":"https:\/\/api.w.org\/{rel}","templated":true}]}}