{"id":4241,"date":"2025-02-28T14:22:29","date_gmt":"2025-02-28T13:22:29","guid":{"rendered":"https:\/\/www.vermilionenergy.com\/nl\/?page_id=4241"},"modified":"2026-02-05T15:54:55","modified_gmt":"2026-02-05T14:54:55","slug":"vermilion-ruimt-op","status":"publish","type":"page","link":"https:\/\/www.vermilionenergy.com\/nl\/locatie\/vermilion-ruimt-op\/","title":{"rendered":"Vermilion ruimt op"},"content":{"rendered":"\t\t<div data-elementor-type=\"wp-page\" data-elementor-id=\"4241\" class=\"elementor elementor-4241\" data-elementor-post-type=\"page\">\n\t\t\t\t\t\t<section class=\"elementor-section elementor-top-section elementor-element elementor-element-cb6ddc2 elementor-section-height-min-height elementor-section-items-bottom elementor-section-boxed elementor-section-height-default\" data-id=\"cb6ddc2\" data-element_type=\"section\" data-settings=\"{&quot;background_background&quot;:&quot;classic&quot;,&quot;jet_parallax_layout_list&quot;:[]}\">\n\t\t\t\t\t\t\t<div class=\"elementor-background-overlay\"><\/div>\n\t\t\t\t\t\t\t<div class=\"elementor-container elementor-column-gap-default\">\n\t\t\t\t\t<div class=\"elementor-column elementor-col-100 elementor-top-column elementor-element elementor-element-a3d997e\" data-id=\"a3d997e\" data-element_type=\"column\">\n\t\t\t<div class=\"elementor-widget-wrap elementor-element-populated\">\n\t\t\t\t\t\t<div class=\"elementor-element elementor-element-3e2952a text-left elementor-widget elementor-widget-tp-breadcrumbs-bar\" data-id=\"3e2952a\" data-element_type=\"widget\" data-widget_type=\"tp-breadcrumbs-bar.default\">\n\t\t\t\t<div class=\"elementor-widget-container\">\n\t\t\t\t\t<div id=\"bread69d76456a94f9\" class=\"pt_plus_breadcrumbs_bar \"  \"><div class=\"pt_plus_breadcrumbs_bar_inner bred_style_1\"><nav id=\"breadcrumbs\"><span class=\"bc_home\"><a class=\"home_bread_tab\" href=\"https:\/\/www.vermilionenergy.com\/nl\/\"><i class=\" fa fa-home bread-home-icon\" ><\/i>Startpagina<i class=\" fa fa-chevron-right bread-sep-icon\" ><\/i><\/a><\/span> <span class=\"del\"><\/span> <span class=\"current\"><div class=\"current_tab_sec\">Pagina<\/div><\/span><\/nav><\/div><\/div>\t\t\t\t<\/div>\n\t\t\t\t<\/div>\n\t\t\t\t<div class=\"elementor-element elementor-element-771fc5d elementor-widget elementor-widget-heading\" data-id=\"771fc5d\" data-element_type=\"widget\" data-widget_type=\"heading.default\">\n\t\t\t\t<div class=\"elementor-widget-container\">\n\t\t\t\t\t<h1 class=\"elementor-heading-title elementor-size-default\">Vermilion ruimt op<\/h1>\t\t\t\t<\/div>\n\t\t\t\t<\/div>\n\t\t\t\t\t<\/div>\n\t\t<\/div>\n\t\t\t\t\t<\/div>\n\t\t<\/section>\n\t\t\t\t<section class=\"elementor-section elementor-top-section elementor-element elementor-element-be731aa elementor-section-boxed elementor-section-height-default elementor-section-height-default\" data-id=\"be731aa\" data-element_type=\"section\" data-settings=\"{&quot;jet_parallax_layout_list&quot;:[]}\">\n\t\t\t\t\t\t<div class=\"elementor-container elementor-column-gap-default\">\n\t\t\t\t\t<div class=\"elementor-column elementor-col-100 elementor-top-column elementor-element elementor-element-3520ca2\" data-id=\"3520ca2\" data-element_type=\"column\">\n\t\t\t<div class=\"elementor-widget-wrap elementor-element-populated\">\n\t\t\t\t\t\t<div class=\"elementor-element elementor-element-6aca00d elementor-widget elementor-widget-heading\" data-id=\"6aca00d\" data-element_type=\"widget\" data-widget_type=\"heading.default\">\n\t\t\t\t<div class=\"elementor-widget-container\">\n\t\t\t\t\t<h2 class=\"elementor-heading-title elementor-size-default\">Omgeving Franeker en Harlingen<\/h2>\t\t\t\t<\/div>\n\t\t\t\t<\/div>\n\t\t\t\t\t<\/div>\n\t\t<\/div>\n\t\t\t\t\t<\/div>\n\t\t<\/section>\n\t\t\t\t<section class=\"elementor-section elementor-top-section elementor-element elementor-element-5c6f0f9 elementor-section-boxed elementor-section-height-default elementor-section-height-default\" data-id=\"5c6f0f9\" data-element_type=\"section\" data-settings=\"{&quot;jet_parallax_layout_list&quot;:[]}\">\n\t\t\t\t\t\t<div class=\"elementor-container elementor-column-gap-default\">\n\t\t\t\t\t<div class=\"elementor-column elementor-col-50 elementor-top-column elementor-element elementor-element-25c64e9\" data-id=\"25c64e9\" data-element_type=\"column\">\n\t\t\t<div class=\"elementor-widget-wrap elementor-element-populated\">\n\t\t\t\t\t\t<div class=\"elementor-element elementor-element-2206c27 elementor-widget__width-initial elementor-widget elementor-widget-image\" data-id=\"2206c27\" data-element_type=\"widget\" data-widget_type=\"image.default\">\n\t\t\t\t<div class=\"elementor-widget-container\">\n\t\t\t\t\t\t\t\t\t\t\t\t\t\t\t<img fetchpriority=\"high\" decoding=\"async\" width=\"800\" height=\"759\" src=\"https:\/\/www.vermilionenergy.com\/nl\/wp-content\/uploads\/sites\/7\/2025\/03\/Bewonersbrief-Franeker-en-Harlingen_Kaartje-3-1024x971.png\" class=\"attachment-large size-large wp-image-4255\" alt=\"\" srcset=\"https:\/\/www.vermilionenergy.com\/nl\/wp-content\/uploads\/sites\/7\/2025\/03\/Bewonersbrief-Franeker-en-Harlingen_Kaartje-3-1024x971.png 1024w, https:\/\/www.vermilionenergy.com\/nl\/wp-content\/uploads\/sites\/7\/2025\/03\/Bewonersbrief-Franeker-en-Harlingen_Kaartje-3-300x284.png 300w, https:\/\/www.vermilionenergy.com\/nl\/wp-content\/uploads\/sites\/7\/2025\/03\/Bewonersbrief-Franeker-en-Harlingen_Kaartje-3-768x728.png 768w, https:\/\/www.vermilionenergy.com\/nl\/wp-content\/uploads\/sites\/7\/2025\/03\/Bewonersbrief-Franeker-en-Harlingen_Kaartje-3-1536x1456.png 1536w, https:\/\/www.vermilionenergy.com\/nl\/wp-content\/uploads\/sites\/7\/2025\/03\/Bewonersbrief-Franeker-en-Harlingen_Kaartje-3-2048x1942.png 2048w\" sizes=\"(max-width: 800px) 100vw, 800px\" \/>\t\t\t\t\t\t\t\t\t\t\t\t\t\t\t<\/div>\n\t\t\t\t<\/div>\n\t\t\t\t\t<\/div>\n\t\t<\/div>\n\t\t\t\t<div class=\"elementor-column elementor-col-50 elementor-top-column elementor-element elementor-element-7ba9f02\" data-id=\"7ba9f02\" data-element_type=\"column\">\n\t\t\t<div class=\"elementor-widget-wrap elementor-element-populated\">\n\t\t\t\t\t\t<div class=\"elementor-element elementor-element-a4defbf elementor-widget__width-initial elementor-widget elementor-widget-text-editor\" data-id=\"a4defbf\" data-element_type=\"widget\" data-widget_type=\"text-editor.default\">\n\t\t\t\t<div class=\"elementor-widget-container\">\n\t\t\t\t\t\t\t\t\t<p><strong>In 2021 is de productie op de Waddenzee en vanaf onze locatie Ried aan de Salverderweg bij Franeker gestopt. Dit betekende dat we &#8211; samen met onze aannemer &#8211; bezig zijn geweest met plannen voorbereiden voor de gehele ontmanteling van onze locaties en pijpleidingen om te voldoen aan onze plicht: opruimen als er geen activiteiten meer plaatsvinden.\u00a0<\/strong><\/p><p><strong>In 2024 jaar\u00a0 zijn we begonnen met de ontmanteling van ons gasbehandelingsstation in Harlingen aan de Zuidwalweg. Veel installaties zijn ondertussen gesloopt en weggehaald. Het hoofdkantoor is nog steeds actief aan de voorzijde van deze locatie.<\/strong><\/p><p><strong>Naast het ontmantelen van het gasbehandelingsstation, zijn in 2025 zeven verschillende locaties in de omgeving van Franeker en Harlingen bovengronds ontmanteld, zoals het verwijderen van installaties, pijpleidingen en stalen constructies.<\/strong><\/p><p><strong>Verder zijn we al een paar jaar bezig om de putten op het Zuidwal platform in de Waddenzee op te ruimen. De verwachting is dat het platform voor 2030 weg is.<\/strong><\/p>\t\t\t\t\t\t\t\t<\/div>\n\t\t\t\t<\/div>\n\t\t\t\t\t<\/div>\n\t\t<\/div>\n\t\t\t\t\t<\/div>\n\t\t<\/section>\n\t\t\t\t<section class=\"elementor-section elementor-top-section elementor-element elementor-element-b57e686 elementor-section-boxed elementor-section-height-default elementor-section-height-default\" data-id=\"b57e686\" data-element_type=\"section\" data-settings=\"{&quot;jet_parallax_layout_list&quot;:[]}\">\n\t\t\t\t\t\t<div class=\"elementor-container elementor-column-gap-default\">\n\t\t\t\t\t<div class=\"elementor-column elementor-col-100 elementor-top-column elementor-element elementor-element-0569774\" data-id=\"0569774\" data-element_type=\"column\">\n\t\t\t<div class=\"elementor-widget-wrap elementor-element-populated\">\n\t\t\t\t\t\t<div class=\"elementor-element elementor-element-b853765 elementor-widget elementor-widget-text-editor\" data-id=\"b853765\" data-element_type=\"widget\" data-widget_type=\"text-editor.default\">\n\t\t\t\t<div class=\"elementor-widget-container\">\n\t\t\t\t\t\t\t\t\t<p><strong>Vermilion in omgeving Franeker en Harlingen<\/strong><\/p><p>Vermilion Energy is sinds 2004 actief in Nederland en nam hierbij de vergunningen over van Total E&amp;P, waaronder negen locaties in de omgeving van Franeker en Harlingen. Toen Vermilion de gebieden had overgenomen, waren er nog verscheidene locaties in productie en werd het gewonnen gas getransporteerd naar het gasbehandelingsstation in Harlingen. Daar werd het verder behandeld en kwam het gas, via Gasunie, terecht bij Nederlandse huishoudens en bedrijven. In 2008 hebben wij de productie stopgezet, omdat er &#8211; in combinatie met de zoutwinning \u2013 meer bodemdaling in het gebied plaatsvond dan dat de prognose was. Na intensieve onderzoeken is er besloten om de productie in het gebied te be\u00ebindigen. Er heeft inmiddels herverkaveling plaatsgevonden in overleg met de provincie Frysl\u00e2n, Wetterskip Frysl\u00e2n, betrokken gemeenten en agrari\u00ebrs.<\/p>\t\t\t\t\t\t\t\t<\/div>\n\t\t\t\t<\/div>\n\t\t\t\t\t<\/div>\n\t\t<\/div>\n\t\t\t\t\t<\/div>\n\t\t<\/section>\n\t\t\t\t<section class=\"elementor-section elementor-top-section elementor-element elementor-element-feebf51 elementor-section-boxed elementor-section-height-default elementor-section-height-default\" data-id=\"feebf51\" data-element_type=\"section\" data-settings=\"{&quot;jet_parallax_layout_list&quot;:[]}\">\n\t\t\t\t\t\t<div class=\"elementor-container elementor-column-gap-default\">\n\t\t\t\t\t<div class=\"elementor-column elementor-col-100 elementor-top-column elementor-element elementor-element-29b1af7\" data-id=\"29b1af7\" data-element_type=\"column\">\n\t\t\t<div class=\"elementor-widget-wrap elementor-element-populated\">\n\t\t\t\t\t\t<div class=\"elementor-element elementor-element-73567d4 elementor-widget elementor-widget-text-editor\" data-id=\"73567d4\" data-element_type=\"widget\" data-widget_type=\"text-editor.default\">\n\t\t\t\t<div class=\"elementor-widget-container\">\n\t\t\t\t\t\t\t\t\t<p><strong>Geschiedenis gaswinning in omgeving Franeker en Harlingen<\/strong><\/p>\n<p>Vanaf de jaren \u201960 zijn er verschillende boringen uitgevoerd in de omgeving van Franeker en Harlingen door (ELF) Petroland, waarvan niet alle boringen succesvol zijn geweest. Dit betekent dat er op verscheidene plekken geen gas werd aangetoond. Uiteindelijk zijn er in totaal negen locaties actief geweest. Hiervan staat \u00e9\u00e9n platform in de Waddenzee, is \u00e9\u00e9n locatie ons (voormalig) gasbehandelingsstation en zijn de overige productielocaties op land. Het gasbehandelingsstation is in 1988 in bedrijf gegaan en er is in totaal 2,46 miljard Nm\u00b3 aardgas geproduceerd in deze omgeving.<\/p>\t\t\t\t\t\t\t\t<\/div>\n\t\t\t\t<\/div>\n\t\t\t\t\t<\/div>\n\t\t<\/div>\n\t\t\t\t\t<\/div>\n\t\t<\/section>\n\t\t\t\t<section class=\"elementor-section elementor-top-section elementor-element elementor-element-dd55ba7 elementor-section-boxed elementor-section-height-default elementor-section-height-default\" data-id=\"dd55ba7\" data-element_type=\"section\" data-settings=\"{&quot;jet_parallax_layout_list&quot;:[]}\">\n\t\t\t\t\t\t<div class=\"elementor-container elementor-column-gap-default\">\n\t\t\t\t\t<div class=\"elementor-column elementor-col-100 elementor-top-column elementor-element elementor-element-84949f4\" data-id=\"84949f4\" data-element_type=\"column\">\n\t\t\t<div class=\"elementor-widget-wrap elementor-element-populated\">\n\t\t\t\t\t\t<div class=\"elementor-element elementor-element-d5c5313 elementor-widget__width-initial elementor-widget elementor-widget-video\" data-id=\"d5c5313\" data-element_type=\"widget\" data-settings=\"{&quot;video_type&quot;:&quot;vimeo&quot;,&quot;start&quot;:5}\" data-widget_type=\"video.default\">\n\t\t\t\t<div class=\"elementor-widget-container\">\n\t\t\t\t\t\t\t<div class=\"elementor-wrapper elementor-open-inline\">\n\t\t\t<iframe class=\"elementor-video-iframe\" allowfullscreen allow=\"clipboard-write\" title=\"vimeo videospeler\" src=\"https:\/\/player.vimeo.com\/video\/1065390239?color&amp;autopause=0&amp;loop=0&amp;muted=0&amp;title=1&amp;portrait=1&amp;byline=1#t=00h00m05s\"><\/iframe>\t\t<\/div>\n\t\t\t\t\t\t<\/div>\n\t\t\t\t<\/div>\n\t\t\t\t\t<\/div>\n\t\t<\/div>\n\t\t\t\t\t<\/div>\n\t\t<\/section>\n\t\t\t\t<\/div>\n\t\t","protected":false},"excerpt":{"rendered":"<p>Startpagina Pagina Omgeving Franeker en Harlingen In 2021 is de productie op de Waddenzee en vanaf onze locatie Ried aan de Salverderweg bij Franeker gestopt. Dit betekende dat we &#8211; samen met onze aannemer &#8211; bezig zijn geweest met plannen voorbereiden voor de gehele ontmanteling van onze locaties en pijpleidingen om te voldoen aan onze [&hellip;]<\/p>\n","protected":false},"author":33,"featured_media":0,"parent":2034,"menu_order":74,"comment_status":"closed","ping_status":"closed","template":"","meta":{"footnotes":""},"class_list":["post-4241","page","type-page","status-publish","hentry"],"yoast_head":"<!-- This site is optimized with the Yoast SEO plugin v26.3 - https:\/\/yoast.com\/wordpress\/plugins\/seo\/ -->\n<title>Vermilion ruimt op - Vermilion in Nederland<\/title>\n<meta name=\"robots\" content=\"index, follow, max-snippet:-1, max-image-preview:large, max-video-preview:-1\" \/>\n<link rel=\"canonical\" href=\"https:\/\/www.vermilionenergy.com\/nl\/locatie\/vermilion-ruimt-op\/\" \/>\n<meta property=\"og:locale\" content=\"nl_NL\" \/>\n<meta property=\"og:type\" content=\"article\" \/>\n<meta property=\"og:title\" content=\"Vermilion ruimt op - Vermilion in Nederland\" \/>\n<meta property=\"og:description\" content=\"Startpagina Pagina Omgeving Franeker en Harlingen In 2021 is de productie op de Waddenzee en vanaf onze locatie Ried aan de Salverderweg bij Franeker gestopt. Dit betekende dat we &#8211; samen met onze aannemer &#8211; bezig zijn geweest met plannen voorbereiden voor de gehele ontmanteling van onze locaties en pijpleidingen om te voldoen aan onze [&hellip;]\" \/>\n<meta property=\"og:url\" content=\"https:\/\/www.vermilionenergy.com\/nl\/locatie\/vermilion-ruimt-op\/\" \/>\n<meta property=\"og:site_name\" content=\"Vermilion Netherlands\" \/>\n<meta property=\"article:modified_time\" content=\"2026-02-05T14:54:55+00:00\" \/>\n<meta property=\"og:image\" content=\"https:\/\/www.vermilionenergy.com\/nl\/wp-content\/uploads\/sites\/7\/2025\/03\/Bewonersbrief-Franeker-en-Harlingen_Kaartje-3-1024x971.png\" \/>\n\t<meta property=\"og:image:width\" content=\"1024\" \/>\n\t<meta property=\"og:image:height\" content=\"971\" \/>\n\t<meta property=\"og:image:type\" content=\"image\/png\" \/>\n<meta name=\"twitter:card\" content=\"summary_large_image\" \/>\n<meta name=\"twitter:label1\" content=\"Geschatte leestijd\" \/>\n\t<meta name=\"twitter:data1\" content=\"3 minuten\" \/>\n<script type=\"application\/ld+json\" class=\"yoast-schema-graph\">{\"@context\":\"https:\/\/schema.org\",\"@graph\":[{\"@type\":\"WebPage\",\"@id\":\"https:\/\/www.vermilionenergy.com\/nl\/locatie\/vermilion-ruimt-op\/\",\"url\":\"https:\/\/www.vermilionenergy.com\/nl\/locatie\/vermilion-ruimt-op\/\",\"name\":\"Vermilion ruimt op - Vermilion in Nederland\",\"isPartOf\":{\"@id\":\"https:\/\/www.vermilionenergy.com\/nl\/#website\"},\"primaryImageOfPage\":{\"@id\":\"https:\/\/www.vermilionenergy.com\/nl\/locatie\/vermilion-ruimt-op\/#primaryimage\"},\"image\":{\"@id\":\"https:\/\/www.vermilionenergy.com\/nl\/locatie\/vermilion-ruimt-op\/#primaryimage\"},\"thumbnailUrl\":\"https:\/\/www.vermilionenergy.com\/nl\/wp-content\/uploads\/sites\/7\/2025\/03\/Bewonersbrief-Franeker-en-Harlingen_Kaartje-3-1024x971.png\",\"datePublished\":\"2025-02-28T13:22:29+00:00\",\"dateModified\":\"2026-02-05T14:54:55+00:00\",\"breadcrumb\":{\"@id\":\"https:\/\/www.vermilionenergy.com\/nl\/locatie\/vermilion-ruimt-op\/#breadcrumb\"},\"inLanguage\":\"nl-NL\",\"potentialAction\":[{\"@type\":\"ReadAction\",\"target\":[\"https:\/\/www.vermilionenergy.com\/nl\/locatie\/vermilion-ruimt-op\/\"]}]},{\"@type\":\"ImageObject\",\"inLanguage\":\"nl-NL\",\"@id\":\"https:\/\/www.vermilionenergy.com\/nl\/locatie\/vermilion-ruimt-op\/#primaryimage\",\"url\":\"https:\/\/www.vermilionenergy.com\/nl\/wp-content\/uploads\/sites\/7\/2025\/03\/Bewonersbrief-Franeker-en-Harlingen_Kaartje-3.png\",\"contentUrl\":\"https:\/\/www.vermilionenergy.com\/nl\/wp-content\/uploads\/sites\/7\/2025\/03\/Bewonersbrief-Franeker-en-Harlingen_Kaartje-3.png\",\"width\":3293,\"height\":3122},{\"@type\":\"BreadcrumbList\",\"@id\":\"https:\/\/www.vermilionenergy.com\/nl\/locatie\/vermilion-ruimt-op\/#breadcrumb\",\"itemListElement\":[{\"@type\":\"ListItem\",\"position\":1,\"name\":\"Home\",\"item\":\"https:\/\/www.vermilionenergy.com\/nl\/\"},{\"@type\":\"ListItem\",\"position\":2,\"name\":\"Onze locaties\",\"item\":\"https:\/\/www.vermilionenergy.com\/nl\/locatie\/\"},{\"@type\":\"ListItem\",\"position\":3,\"name\":\"Vermilion ruimt op\"}]},{\"@type\":\"WebSite\",\"@id\":\"https:\/\/www.vermilionenergy.com\/nl\/#website\",\"url\":\"https:\/\/www.vermilionenergy.com\/nl\/\",\"name\":\"Vermilion in Nederlands\",\"description\":\"Vermilion in Netherlands\",\"potentialAction\":[{\"@type\":\"SearchAction\",\"target\":{\"@type\":\"EntryPoint\",\"urlTemplate\":\"https:\/\/www.vermilionenergy.com\/nl\/?s={search_term_string}\"},\"query-input\":{\"@type\":\"PropertyValueSpecification\",\"valueRequired\":true,\"valueName\":\"search_term_string\"}}],\"inLanguage\":\"nl-NL\"}]}<\/script>\n<!-- \/ Yoast SEO plugin. -->","yoast_head_json":{"title":"Vermilion ruimt op - Vermilion in Nederland","robots":{"index":"index","follow":"follow","max-snippet":"max-snippet:-1","max-image-preview":"max-image-preview:large","max-video-preview":"max-video-preview:-1"},"canonical":"https:\/\/www.vermilionenergy.com\/nl\/locatie\/vermilion-ruimt-op\/","og_locale":"nl_NL","og_type":"article","og_title":"Vermilion ruimt op - Vermilion in Nederland","og_description":"Startpagina Pagina Omgeving Franeker en Harlingen In 2021 is de productie op de Waddenzee en vanaf onze locatie Ried aan de Salverderweg bij Franeker gestopt. Dit betekende dat we &#8211; samen met onze aannemer &#8211; bezig zijn geweest met plannen voorbereiden voor de gehele ontmanteling van onze locaties en pijpleidingen om te voldoen aan onze [&hellip;]","og_url":"https:\/\/www.vermilionenergy.com\/nl\/locatie\/vermilion-ruimt-op\/","og_site_name":"Vermilion Netherlands","article_modified_time":"2026-02-05T14:54:55+00:00","og_image":[{"width":1024,"height":971,"url":"https:\/\/www.vermilionenergy.com\/nl\/wp-content\/uploads\/sites\/7\/2025\/03\/Bewonersbrief-Franeker-en-Harlingen_Kaartje-3-1024x971.png","type":"image\/png"}],"twitter_card":"summary_large_image","twitter_misc":{"Geschatte leestijd":"3 minuten"},"schema":{"@context":"https:\/\/schema.org","@graph":[{"@type":"WebPage","@id":"https:\/\/www.vermilionenergy.com\/nl\/locatie\/vermilion-ruimt-op\/","url":"https:\/\/www.vermilionenergy.com\/nl\/locatie\/vermilion-ruimt-op\/","name":"Vermilion ruimt op - Vermilion in Nederland","isPartOf":{"@id":"https:\/\/www.vermilionenergy.com\/nl\/#website"},"primaryImageOfPage":{"@id":"https:\/\/www.vermilionenergy.com\/nl\/locatie\/vermilion-ruimt-op\/#primaryimage"},"image":{"@id":"https:\/\/www.vermilionenergy.com\/nl\/locatie\/vermilion-ruimt-op\/#primaryimage"},"thumbnailUrl":"https:\/\/www.vermilionenergy.com\/nl\/wp-content\/uploads\/sites\/7\/2025\/03\/Bewonersbrief-Franeker-en-Harlingen_Kaartje-3-1024x971.png","datePublished":"2025-02-28T13:22:29+00:00","dateModified":"2026-02-05T14:54:55+00:00","breadcrumb":{"@id":"https:\/\/www.vermilionenergy.com\/nl\/locatie\/vermilion-ruimt-op\/#breadcrumb"},"inLanguage":"nl-NL","potentialAction":[{"@type":"ReadAction","target":["https:\/\/www.vermilionenergy.com\/nl\/locatie\/vermilion-ruimt-op\/"]}]},{"@type":"ImageObject","inLanguage":"nl-NL","@id":"https:\/\/www.vermilionenergy.com\/nl\/locatie\/vermilion-ruimt-op\/#primaryimage","url":"https:\/\/www.vermilionenergy.com\/nl\/wp-content\/uploads\/sites\/7\/2025\/03\/Bewonersbrief-Franeker-en-Harlingen_Kaartje-3.png","contentUrl":"https:\/\/www.vermilionenergy.com\/nl\/wp-content\/uploads\/sites\/7\/2025\/03\/Bewonersbrief-Franeker-en-Harlingen_Kaartje-3.png","width":3293,"height":3122},{"@type":"BreadcrumbList","@id":"https:\/\/www.vermilionenergy.com\/nl\/locatie\/vermilion-ruimt-op\/#breadcrumb","itemListElement":[{"@type":"ListItem","position":1,"name":"Home","item":"https:\/\/www.vermilionenergy.com\/nl\/"},{"@type":"ListItem","position":2,"name":"Onze locaties","item":"https:\/\/www.vermilionenergy.com\/nl\/locatie\/"},{"@type":"ListItem","position":3,"name":"Vermilion ruimt op"}]},{"@type":"WebSite","@id":"https:\/\/www.vermilionenergy.com\/nl\/#website","url":"https:\/\/www.vermilionenergy.com\/nl\/","name":"Vermilion in Nederlands","description":"Vermilion in Netherlands","potentialAction":[{"@type":"SearchAction","target":{"@type":"EntryPoint","urlTemplate":"https:\/\/www.vermilionenergy.com\/nl\/?s={search_term_string}"},"query-input":{"@type":"PropertyValueSpecification","valueRequired":true,"valueName":"search_term_string"}}],"inLanguage":"nl-NL"}]}},"_links":{"self":[{"href":"https:\/\/www.vermilionenergy.com\/nl\/wp-json\/wp\/v2\/pages\/4241","targetHints":{"allow":["GET"]}}],"collection":[{"href":"https:\/\/www.vermilionenergy.com\/nl\/wp-json\/wp\/v2\/pages"}],"about":[{"href":"https:\/\/www.vermilionenergy.com\/nl\/wp-json\/wp\/v2\/types\/page"}],"author":[{"embeddable":true,"href":"https:\/\/www.vermilionenergy.com\/nl\/wp-json\/wp\/v2\/users\/33"}],"replies":[{"embeddable":true,"href":"https:\/\/www.vermilionenergy.com\/nl\/wp-json\/wp\/v2\/comments?post=4241"}],"version-history":[{"count":0,"href":"https:\/\/www.vermilionenergy.com\/nl\/wp-json\/wp\/v2\/pages\/4241\/revisions"}],"up":[{"embeddable":true,"href":"https:\/\/www.vermilionenergy.com\/nl\/wp-json\/wp\/v2\/pages\/2034"}],"wp:attachment":[{"href":"https:\/\/www.vermilionenergy.com\/nl\/wp-json\/wp\/v2\/media?parent=4241"}],"curies":[{"name":"wp","href":"https:\/\/api.w.org\/{rel}","templated":true}]}}